{"id":1193,"date":"2020-03-17T07:01:43","date_gmt":"2020-03-17T07:01:43","guid":{"rendered":"http:\/\/poloscars.gr\/about-us\/"},"modified":"2022-12-26T17:37:42","modified_gmt":"2022-12-26T15:37:42","slug":"a-propos-de-nous","status":"publish","type":"page","link":"https:\/\/dkrentalsparos.com\/fr\/a-propos-de-nous\/","title":{"rendered":"\u00c0 propos de nous"},"content":{"rendered":"<p>Le si\u00e8ge de la societ\u00e9 DK RENTALS se trouve\u00a0 \u00e0 Parikia , \u00e0 quelques metres seulement du port de Paros. La societ\u00e9 \u00e9tablie depuis 2013, est sp\u00e9cialis\u00e9e \u00e0 la location de\u00a0 <a href=\"https:\/\/dkrentalsparos.com\/fr\/voitures\/\">voiture<\/a>, <a href=\"https:\/\/dkrentalsparos.com\/fr\/quads-atvs\/\">quad\/atv<\/a>, <a href=\"https:\/\/dkrentalsparos.com\/fr\/buggies\/\">buggy<\/a>, <a href=\"https:\/\/dkrentalsparos.com\/fr\/motos\/\">moto<\/a> et <a href=\"https:\/\/dkrentalsparos.com\/fr\/scooters\/\">scooter<\/a> \u00e0 Paros<strong>.\u00a0<\/strong><\/p>\n<p>Le but de Dk Rentals Paros est d\u2019offrir des services de haute qualit\u00e9 en satisfaisant les demandes de nos clients. Notre personnel poss\u00e8de une grande exp\u00e9rience afin de vous aider au mieux avec votre v\u00e9hicule.<\/p>\n<p>Nous faisons la diff\u00e9rence en poss\u00e9dant que des v\u00e9hicules neufs (voitures, buggies, quads \/ atvs, motos &amp; scooters) et les proposants aux meilleurs prix du march\u00e9.<\/p>\n<p>Pour votre commodit\u00e9, Dk Rentals vous propose une large gamme de voitures, buggies, quads \/ atvs, motos &amp; scooters:<\/p>\n<p>Nous offrons un large choix de scooters, motos, quads \/ atvs, buggys et voitures neufs et s\u00e9curis\u00e9s.<\/p>\n<ul>\n<li>Voitures \u00e0 bo\u00eete de vitesse manuelle et automatique, A, B, C, D, E, F, I, L, M1, \u039c2 cat\u00e9gories.<\/li>\n<li>Buggy automatique 570cc<\/li>\n<li>Quads (ATV) de 170cc \u00e0 500cc<\/li>\n<li>Motos de grand tourisme<\/li>\n<li>Scooters automatiques de 125cc \u00e0 200cc<\/li>\n<\/ul>\n<p>Veuillez trouver sur notre site tous nos v\u00e9hicules avec leurs caract\u00e9ristiques d\u00e9taill\u00e9s et leurs prix. Quand vous louez chez nous, vous recevez toujours le v\u00e9hicule que vous avez choisi et pas un v\u00e9hicule similaire.<\/p>\n<p>R\u00e9alisez votre r\u00e9servation en ligne et obtenez jusqu\u2019\u00e0 15% de r\u00e9duction. L\u2019offre est valable pour tous les v\u00e9hicules, \u00e0 toutes les p\u00e9riodes sauf en ao\u00fbt.\u00a0 Concernant les r\u00e9servations en ligne, s\u00e9lectionnez le v\u00e9hicule qui vous int\u00e9resse et compl\u00e9tez le formulaire de r\u00e9servation avec vos coordonn\u00e9es.<\/p>\n<p>Des services suppl\u00e9mentaires qui nous distinguent:<\/p>\n<ul>\n<li>24h\/24 assistance routi\u00e8re<\/li>\n<li>Kilom\u00e9trage illimit\u00e9<\/li>\n<li>Choix parmi une large gamme de v\u00e9hicules<\/li>\n<li>Prix corrects et d\u00e9finitifs, pas de frais cach\u00e9s. Nos tarifs comprennent: 24% de TVA \u2013 Kilom\u00e9trage illimit\u00e9 \u2013<\/li>\n<li>Assurance au tiers \u2013 Livraison de nos v\u00e9hicules au port, \u00e0 l\u2019a\u00e9roport ou \u00e0 l\u2019h\u00f4tel (sur demande) \u2013 Casques gratuits.<\/li>\n<li>Carte gratuite de Paros<\/li>\n<li>Jusqu\u2019\u00e0 15% de r\u00e9duction sur tous les v\u00e9hicules de r\u00e9servation en ligne sauf le mois d'ao\u00fbt.<\/li>\n<\/ul>\n<p>Notre plus haute r\u00e9compense est les bonnes critiques et recommandations de nos clients.<\/p>\n<p>Cordialement,<\/p>\n<p>Dk Rentals Paros<\/p>\n","protected":false},"excerpt":{"rendered":"<p>Le si\u00e8ge de la societ\u00e9 DK RENTALS se trouve\u00a0 \u00e0 Parikia , \u00e0 quelques metres seulement du port de Paros. La societ\u00e9 \u00e9tablie depuis 2013, est sp\u00e9cialis\u00e9e \u00e0 la location de\u00a0 voiture, quad\/atv, buggy, moto et scooter \u00e0 Paros.\u00a0 Le but de Dk Rentals Paros est d\u2019offrir des services de haute qualit\u00e9 en satisfaisant les &hellip; <\/p>\n<p class=\"link-more\"><a href=\"https:\/\/dkrentalsparos.com\/fr\/a-propos-de-nous\/\" class=\"more-link\"><span class=\"screen-reader-text\"> prova \"\u00c0 propos de nous\"<\/span><\/a><\/p>\n","protected":false},"author":1,"featured_media":2825,"parent":0,"menu_order":0,"comment_status":"closed","ping_status":"closed","template":"page-templates\/page-sidebar-extras.php","meta":{"footnotes":""},"class_list":["post-1193","page","type-page","status-publish","has-post-thumbnail","hentry"],"yoast_head":"<!-- This site is optimized with the Yoast SEO plugin v27.1.1 - https:\/\/yoast.com\/product\/yoast-seo-wordpress\/ -->\n<title>DK Rentals \u00e0 Paros- Location de voitures, quads, buggies &amp; motos \u00e0 Paros<\/title>\n<meta name=\"description\" content=\"DK Rentals est situ\u00e9 \u00e0 Paroikia de Paros et se sp\u00e9cialise dans la location de voitures, quads \/ Atvs, buggies, motos et scooters \u00e0 Paros.\" \/>\n<meta name=\"robots\" content=\"index, follow, max-snippet:-1, max-image-preview:large, max-video-preview:-1\" \/>\n<link rel=\"canonical\" href=\"https:\/\/dkrentalsparos.com\/fr\/a-propos-de-nous\/\" \/>\n<meta property=\"og:locale\" content=\"fr_FR\" \/>\n<meta property=\"og:type\" content=\"article\" \/>\n<meta property=\"og:title\" content=\"DK Rentals \u00e0 Paros- Location de voitures, quads, buggies &amp; motos \u00e0 Paros\" \/>\n<meta property=\"og:description\" content=\"DK Rentals est situ\u00e9 \u00e0 Paroikia de Paros et se sp\u00e9cialise dans la location de voitures, quads \/ Atvs, buggies, motos et scooters \u00e0 Paros.\" \/>\n<meta property=\"og:url\" content=\"https:\/\/dkrentalsparos.com\/fr\/a-propos-de-nous\/\" \/>\n<meta property=\"og:site_name\" content=\"DK Rentals \u00e0 Paros\" \/>\n<meta property=\"article:modified_time\" content=\"2022-12-26T15:37:42+00:00\" \/>\n<meta property=\"og:image\" content=\"https:\/\/dkrentalsparos.com\/wp-content\/uploads\/2021\/02\/about-us-dk-rentals-1600-700.jpg\" \/>\n\t<meta property=\"og:image:width\" content=\"1600\" \/>\n\t<meta property=\"og:image:height\" content=\"700\" \/>\n\t<meta property=\"og:image:type\" content=\"image\/jpeg\" \/>\n<meta name=\"twitter:card\" content=\"summary_large_image\" \/>\n<meta name=\"twitter:label1\" content=\"Dur\u00e9e de lecture estim\u00e9e\" \/>\n\t<meta name=\"twitter:data1\" content=\"2 minutes\" \/>\n<script type=\"application\/ld+json\" class=\"yoast-schema-graph\">{\"@context\":\"https:\/\/schema.org\",\"@graph\":[{\"@type\":\"WebPage\",\"@id\":\"https:\/\/dkrentalsparos.com\/fr\/a-propos-de-nous\/\",\"url\":\"https:\/\/dkrentalsparos.com\/fr\/a-propos-de-nous\/\",\"name\":\"DK Rentals \u00e0 Paros- Location de voitures, quads, buggies & motos \u00e0 Paros\",\"isPartOf\":{\"@id\":\"https:\/\/dkrentalsparos.com\/fr\/#website\"},\"primaryImageOfPage\":{\"@id\":\"https:\/\/dkrentalsparos.com\/fr\/a-propos-de-nous\/#primaryimage\"},\"image\":{\"@id\":\"https:\/\/dkrentalsparos.com\/fr\/a-propos-de-nous\/#primaryimage\"},\"thumbnailUrl\":\"https:\/\/dkrentalsparos.com\/wp-content\/uploads\/2021\/02\/about-us-dk-rentals-1600-700.jpg\",\"datePublished\":\"2020-03-17T07:01:43+00:00\",\"dateModified\":\"2022-12-26T15:37:42+00:00\",\"description\":\"DK Rentals est situ\u00e9 \u00e0 Paroikia de Paros et se sp\u00e9cialise dans la location de voitures, quads \/ Atvs, buggies, motos et scooters \u00e0 Paros.\",\"breadcrumb\":{\"@id\":\"https:\/\/dkrentalsparos.com\/fr\/a-propos-de-nous\/#breadcrumb\"},\"inLanguage\":\"fr-FR\",\"potentialAction\":[{\"@type\":\"ReadAction\",\"target\":[\"https:\/\/dkrentalsparos.com\/fr\/a-propos-de-nous\/\"]}]},{\"@type\":\"ImageObject\",\"inLanguage\":\"fr-FR\",\"@id\":\"https:\/\/dkrentalsparos.com\/fr\/a-propos-de-nous\/#primaryimage\",\"url\":\"https:\/\/dkrentalsparos.com\/wp-content\/uploads\/2021\/02\/about-us-dk-rentals-1600-700.jpg\",\"contentUrl\":\"https:\/\/dkrentalsparos.com\/wp-content\/uploads\/2021\/02\/about-us-dk-rentals-1600-700.jpg\",\"width\":1600,\"height\":700},{\"@type\":\"BreadcrumbList\",\"@id\":\"https:\/\/dkrentalsparos.com\/fr\/a-propos-de-nous\/#breadcrumb\",\"itemListElement\":[{\"@type\":\"ListItem\",\"position\":1,\"name\":\"Home\",\"item\":\"https:\/\/dkrentalsparos.com\/fr\/\"},{\"@type\":\"ListItem\",\"position\":2,\"name\":\"\u00c0 propos de nous\"}]},{\"@type\":\"WebSite\",\"@id\":\"https:\/\/dkrentalsparos.com\/fr\/#website\",\"url\":\"https:\/\/dkrentalsparos.com\/fr\/\",\"name\":\"DK Rentals \u00e0 Paros\",\"description\":\"DK Rentals \u00e0 Paros\",\"publisher\":{\"@id\":\"https:\/\/dkrentalsparos.com\/fr\/#organization\"},\"potentialAction\":[{\"@type\":\"SearchAction\",\"target\":{\"@type\":\"EntryPoint\",\"urlTemplate\":\"https:\/\/dkrentalsparos.com\/fr\/?s={search_term_string}\"},\"query-input\":{\"@type\":\"PropertyValueSpecification\",\"valueRequired\":true,\"valueName\":\"search_term_string\"}}],\"inLanguage\":\"fr-FR\"},{\"@type\":\"Organization\",\"@id\":\"https:\/\/dkrentalsparos.com\/fr\/#organization\",\"name\":\"DK Rentals Paros\",\"url\":\"https:\/\/dkrentalsparos.com\/fr\/\",\"logo\":{\"@type\":\"ImageObject\",\"inLanguage\":\"fr-FR\",\"@id\":\"https:\/\/dkrentalsparos.com\/fr\/#\/schema\/logo\/image\/\",\"url\":\"https:\/\/dkrentalsparos.com\/wp-content\/uploads\/2021\/02\/dk-rentals-petrol-new.png\",\"contentUrl\":\"https:\/\/dkrentalsparos.com\/wp-content\/uploads\/2021\/02\/dk-rentals-petrol-new.png\",\"width\":260,\"height\":69,\"caption\":\"DK Rentals Paros\"},\"image\":{\"@id\":\"https:\/\/dkrentalsparos.com\/fr\/#\/schema\/logo\/image\/\"}}]}<\/script>\n<!-- \/ Yoast SEO plugin. -->","yoast_head_json":{"title":"DK Rentals \u00e0 Paros- Location de voitures, quads, buggies & motos \u00e0 Paros","description":"DK Rentals est situ\u00e9 \u00e0 Paroikia de Paros et se sp\u00e9cialise dans la location de voitures, quads \/ Atvs, buggies, motos et scooters \u00e0 Paros.","robots":{"index":"index","follow":"follow","max-snippet":"max-snippet:-1","max-image-preview":"max-image-preview:large","max-video-preview":"max-video-preview:-1"},"canonical":"https:\/\/dkrentalsparos.com\/fr\/a-propos-de-nous\/","og_locale":"fr_FR","og_type":"article","og_title":"DK Rentals \u00e0 Paros- Location de voitures, quads, buggies & motos \u00e0 Paros","og_description":"DK Rentals est situ\u00e9 \u00e0 Paroikia de Paros et se sp\u00e9cialise dans la location de voitures, quads \/ Atvs, buggies, motos et scooters \u00e0 Paros.","og_url":"https:\/\/dkrentalsparos.com\/fr\/a-propos-de-nous\/","og_site_name":"DK Rentals \u00e0 Paros","article_modified_time":"2022-12-26T15:37:42+00:00","og_image":[{"width":1600,"height":700,"url":"https:\/\/dkrentalsparos.com\/wp-content\/uploads\/2021\/02\/about-us-dk-rentals-1600-700.jpg","type":"image\/jpeg"}],"twitter_card":"summary_large_image","twitter_misc":{"Dur\u00e9e de lecture estim\u00e9e":"2 minutes"},"schema":{"@context":"https:\/\/schema.org","@graph":[{"@type":"WebPage","@id":"https:\/\/dkrentalsparos.com\/fr\/a-propos-de-nous\/","url":"https:\/\/dkrentalsparos.com\/fr\/a-propos-de-nous\/","name":"DK Rentals \u00e0 Paros- Location de voitures, quads, buggies & motos \u00e0 Paros","isPartOf":{"@id":"https:\/\/dkrentalsparos.com\/fr\/#website"},"primaryImageOfPage":{"@id":"https:\/\/dkrentalsparos.com\/fr\/a-propos-de-nous\/#primaryimage"},"image":{"@id":"https:\/\/dkrentalsparos.com\/fr\/a-propos-de-nous\/#primaryimage"},"thumbnailUrl":"https:\/\/dkrentalsparos.com\/wp-content\/uploads\/2021\/02\/about-us-dk-rentals-1600-700.jpg","datePublished":"2020-03-17T07:01:43+00:00","dateModified":"2022-12-26T15:37:42+00:00","description":"DK Rentals est situ\u00e9 \u00e0 Paroikia de Paros et se sp\u00e9cialise dans la location de voitures, quads \/ Atvs, buggies, motos et scooters \u00e0 Paros.","breadcrumb":{"@id":"https:\/\/dkrentalsparos.com\/fr\/a-propos-de-nous\/#breadcrumb"},"inLanguage":"fr-FR","potentialAction":[{"@type":"ReadAction","target":["https:\/\/dkrentalsparos.com\/fr\/a-propos-de-nous\/"]}]},{"@type":"ImageObject","inLanguage":"fr-FR","@id":"https:\/\/dkrentalsparos.com\/fr\/a-propos-de-nous\/#primaryimage","url":"https:\/\/dkrentalsparos.com\/wp-content\/uploads\/2021\/02\/about-us-dk-rentals-1600-700.jpg","contentUrl":"https:\/\/dkrentalsparos.com\/wp-content\/uploads\/2021\/02\/about-us-dk-rentals-1600-700.jpg","width":1600,"height":700},{"@type":"BreadcrumbList","@id":"https:\/\/dkrentalsparos.com\/fr\/a-propos-de-nous\/#breadcrumb","itemListElement":[{"@type":"ListItem","position":1,"name":"Home","item":"https:\/\/dkrentalsparos.com\/fr\/"},{"@type":"ListItem","position":2,"name":"\u00c0 propos de nous"}]},{"@type":"WebSite","@id":"https:\/\/dkrentalsparos.com\/fr\/#website","url":"https:\/\/dkrentalsparos.com\/fr\/","name":"DK Rentals \u00e0 Paros","description":"DK Rentals \u00e0 Paros","publisher":{"@id":"https:\/\/dkrentalsparos.com\/fr\/#organization"},"potentialAction":[{"@type":"SearchAction","target":{"@type":"EntryPoint","urlTemplate":"https:\/\/dkrentalsparos.com\/fr\/?s={search_term_string}"},"query-input":{"@type":"PropertyValueSpecification","valueRequired":true,"valueName":"search_term_string"}}],"inLanguage":"fr-FR"},{"@type":"Organization","@id":"https:\/\/dkrentalsparos.com\/fr\/#organization","name":"DK Rentals Paros","url":"https:\/\/dkrentalsparos.com\/fr\/","logo":{"@type":"ImageObject","inLanguage":"fr-FR","@id":"https:\/\/dkrentalsparos.com\/fr\/#\/schema\/logo\/image\/","url":"https:\/\/dkrentalsparos.com\/wp-content\/uploads\/2021\/02\/dk-rentals-petrol-new.png","contentUrl":"https:\/\/dkrentalsparos.com\/wp-content\/uploads\/2021\/02\/dk-rentals-petrol-new.png","width":260,"height":69,"caption":"DK Rentals Paros"},"image":{"@id":"https:\/\/dkrentalsparos.com\/fr\/#\/schema\/logo\/image\/"}}]}},"_links":{"self":[{"href":"https:\/\/dkrentalsparos.com\/fr\/wp-json\/wp\/v2\/pages\/1193","targetHints":{"allow":["GET"]}}],"collection":[{"href":"https:\/\/dkrentalsparos.com\/fr\/wp-json\/wp\/v2\/pages"}],"about":[{"href":"https:\/\/dkrentalsparos.com\/fr\/wp-json\/wp\/v2\/types\/page"}],"author":[{"embeddable":true,"href":"https:\/\/dkrentalsparos.com\/fr\/wp-json\/wp\/v2\/users\/1"}],"replies":[{"embeddable":true,"href":"https:\/\/dkrentalsparos.com\/fr\/wp-json\/wp\/v2\/comments?post=1193"}],"version-history":[{"count":18,"href":"https:\/\/dkrentalsparos.com\/fr\/wp-json\/wp\/v2\/pages\/1193\/revisions"}],"predecessor-version":[{"id":3725,"href":"https:\/\/dkrentalsparos.com\/fr\/wp-json\/wp\/v2\/pages\/1193\/revisions\/3725"}],"wp:featuredmedia":[{"embeddable":true,"href":"https:\/\/dkrentalsparos.com\/fr\/wp-json\/wp\/v2\/media\/2825"}],"wp:attachment":[{"href":"https:\/\/dkrentalsparos.com\/fr\/wp-json\/wp\/v2\/media?parent=1193"}],"curies":[{"name":"wp","href":"https:\/\/api.w.org\/{rel}","templated":true}]}}