{"id":1219,"date":"2020-05-06T14:02:51","date_gmt":"2020-05-06T11:02:51","guid":{"rendered":"http:\/\/poloscars.gr\/?page_id=1219"},"modified":"2022-12-26T17:15:43","modified_gmt":"2022-12-26T15:15:43","slug":"termes-de-reservation","status":"publish","type":"page","link":"https:\/\/dkrentalsparos.com\/fr\/termes-de-reservation\/","title":{"rendered":"Termes de reservation"},"content":{"rendered":"\n<p class=\"has-vivid-red-color has-text-color\"><strong>Conditions de location<\/strong><\/p>\n\n\n\n<p>Tous les prix de location incluent l'assurance par tierce partie, les kilom\u00e8tres illimit\u00e9s, les casques et les taxes.<\/p>\n\n\n\n<p>Le conducteur doit \u00eatre titulaire d\u2019un permis de conduire europ\u00e9en d\u00e9livr\u00e9 au moins un an ou d\u2019un permis de conduire international.<\/p>\n\n\n\n<p>Le locataire est responsable des dommages caus\u00e9s \u00e0 la moto lou\u00e9e.<\/p>\n\n\n\n<p>Tous les v\u00e9hicules doivent \u00eatre rendus avec la m\u00eame quantit\u00e9 de carburant que celle de prise en charge.<\/p>\n\n\n\n<p class=\"has-vivid-red-color has-text-color\"><strong>Garantie \/ Exemption&nbsp;<\/strong><\/p>\n\n\n\n<p>L'employ\u00e9 de notre soci\u00e9t\u00e9 peut vous demander une caution lorsque vous r\u00e9cup\u00e9rez votre v\u00e9hicule. La caution sera restitu\u00e9e apr\u00e8s la location, pour autant que toutes les conditions aient \u00e9t\u00e9 remplies. Le montant de la caution varie en fonction de la cat\u00e9gorie du v\u00e9hicule.<\/p>\n\n\n\n<ul class=\"wp-block-list\">\n<li>Pour les scooters, le montant de la garantie est de 300\u20ac.<\/li>\n\n\n\n<li>Pour les quads\/atvs, le montant de la garantie est de 400\u20ac.<\/li>\n\n\n\n<li>Pour les voitures de la cat\u00e9gorie A-B-C-D-E, le montant de la garantie est de 500\u20ac.<\/li>\n\n\n\n<li>Pour les voitures de la cat\u00e9gorie I-L-M, le montant de la garantie est de 1000\u20ac.<\/li>\n<\/ul>\n\n\n\n<p class=\"has-vivid-red-color has-text-color\"><strong>Politique d'annulation et de r\u00e9servation<\/strong><\/p>\n\n\n\n<p>En cas d'annulation de la r\u00e9servation (pour quelque raison que ce soit) jusqu'\u00e0 1 mois avant l'arriv\u00e9e, l'acompte est remboursable \u00e0 100%.<\/p>\n\n\n\n<p>En cas d\u2019annulation de la r\u00e9servation (pour une raison quelconque) &nbsp;jusqu\u2019 \u00e0 21 jours avant l\u2019arriv\u00e9e,&nbsp; le pr\u00e9paiement d\u00e9j\u00e0 effectu\u00e9 sera&nbsp; rembours\u00e9 \u00e0&nbsp; 50%.<\/p>\n\n\n\n<p>En cas d\u2019annulation de la r\u00e9servation (pour une raison quelconque) &nbsp;\u00e0 l\u2019int\u00e9rieur de 21 derniers jours avant l\u2019arriv\u00e9e, le pr\u00e9paiement d\u00e9j\u00e0 effectu\u00e9 ne&nbsp; sera&nbsp; pas rembours\u00e9.<\/p>\n\n\n\n<p>Si le locataire ne remplit pas les conditions necessaires (permis de conduire, \u00e2ge, carte de cr\u00e9dit), DK Rentals n'est pas responsable et peut annuler la r\u00e9servation sans remboursement de l\u2019acompte.<\/p>\n\n\n\n<p>Il est \u00e0 noter que DK Rentals n'est pas responsable en cas d\u2019annulations \/ retards des avions. Dans ce cas, le locataire doit informer la soci\u00e9t\u00e9 \u00e0 l'heure afin de modifier sa r\u00e9servation.<\/p>\n\n\n\n<p class=\"has-vivid-red-color has-text-color\"><strong>Couverture suppl\u00e9mentaire<\/strong><\/p>\n\n\n\n<p>Lors de la prise en charge de votre v\u00e9hicule, vous pouvez d\u00e9cider de souscrire une couverture suppl\u00e9mentaire afin de r\u00e9duire votre franchise ou pour couvrir ce qui n'est pas couvert par l'assurance standard (THD).<\/p>\n\n\n\n<p>Aucune des assurances compl\u00e9mentaires ne couvre les pneus et les pare-brise.<\/p>\n\n\n\n<p class=\"has-vivid-red-color has-text-color\"><strong>Informations importantes<\/strong><\/p>\n\n\n\n<p>Au point de location, vous signerez un contrat de location avant de recevoir la cl\u00e9. Il est important que vous lisiez attentivement le &nbsp;contrat. Si quelque chose n'est pas claire, discutez-en avec le personnel avant de signer.<\/p>\n\n\n\n<p>DK rentals se r\u00e9serve le droit de vous refuser un v\u00e9hicule si, selon le personnel, le conducteur n'est pas apte \u00e0 conduire ou si un membre du groupe est violent, mena\u00e7ant ou met en danger de quelque mani\u00e8re que ce soit la sant\u00e9 et la s\u00e9curit\u00e9 des autres. Dans ce cas, vous n'aurez droit \u00e0 aucun remboursement ni \u00e0 aucune compensation.<\/p>\n\n\n\n<p>Avant votre d\u00e9part, vous devez v\u00e9rifier le v\u00e9hicule et veiller \u00e0 signaler tout dommage au personnel (pour votre commodit\u00e9, il est conseill\u00e9 de prendre des photos du v\u00e9hicule).<\/p>\n","protected":false},"excerpt":{"rendered":"","protected":false},"author":1,"featured_media":2814,"parent":0,"menu_order":0,"comment_status":"closed","ping_status":"closed","template":"page-templates\/page-about.php","meta":{"footnotes":""},"class_list":["post-1219","page","type-page","status-publish","has-post-thumbnail","hentry"],"yoast_head":"<!-- This site is optimized with the Yoast SEO plugin v27.1.1 - https:\/\/yoast.com\/product\/yoast-seo-wordpress\/ -->\n<title>Conditions de location - Politique d&#039;annulation de r\u00e9servation - DK Rentals<\/title>\n<meta name=\"description\" content=\"Conditions de location et politique d&#039;annulation de r\u00e9servation qui sont une condition pr\u00e9alable \u00e0 la location de tout v\u00e9hicule chez DK Rentals \u00e0 Paros.\" \/>\n<meta name=\"robots\" content=\"index, follow, max-snippet:-1, max-image-preview:large, max-video-preview:-1\" \/>\n<link rel=\"canonical\" href=\"https:\/\/dkrentalsparos.com\/fr\/termes-de-reservation\/\" \/>\n<meta property=\"og:locale\" content=\"fr_FR\" \/>\n<meta property=\"og:type\" content=\"article\" \/>\n<meta property=\"og:title\" content=\"Conditions de location - Politique d&#039;annulation de r\u00e9servation - DK Rentals\" \/>\n<meta property=\"og:description\" content=\"Conditions de location et politique d&#039;annulation de r\u00e9servation qui sont une condition pr\u00e9alable \u00e0 la location de tout v\u00e9hicule chez DK Rentals \u00e0 Paros.\" \/>\n<meta property=\"og:url\" content=\"https:\/\/dkrentalsparos.com\/fr\/termes-de-reservation\/\" \/>\n<meta property=\"og:site_name\" content=\"DK Rentals \u00e0 Paros\" \/>\n<meta property=\"article:modified_time\" content=\"2022-12-26T15:15:43+00:00\" \/>\n<meta property=\"og:image\" content=\"https:\/\/dkrentalsparos.com\/wp-content\/uploads\/2021\/02\/rental-terms-1024-483.jpg\" \/>\n\t<meta property=\"og:image:width\" content=\"1024\" \/>\n\t<meta property=\"og:image:height\" content=\"483\" \/>\n\t<meta property=\"og:image:type\" content=\"image\/jpeg\" \/>\n<meta name=\"twitter:card\" content=\"summary_large_image\" \/>\n<script type=\"application\/ld+json\" class=\"yoast-schema-graph\">{\"@context\":\"https:\/\/schema.org\",\"@graph\":[{\"@type\":\"WebPage\",\"@id\":\"https:\/\/dkrentalsparos.com\/fr\/termes-de-reservation\/\",\"url\":\"https:\/\/dkrentalsparos.com\/fr\/termes-de-reservation\/\",\"name\":\"Conditions de location - Politique d'annulation de r\u00e9servation - DK Rentals\",\"isPartOf\":{\"@id\":\"https:\/\/dkrentalsparos.com\/fr\/#website\"},\"primaryImageOfPage\":{\"@id\":\"https:\/\/dkrentalsparos.com\/fr\/termes-de-reservation\/#primaryimage\"},\"image\":{\"@id\":\"https:\/\/dkrentalsparos.com\/fr\/termes-de-reservation\/#primaryimage\"},\"thumbnailUrl\":\"https:\/\/dkrentalsparos.com\/wp-content\/uploads\/2021\/02\/rental-terms-1024-483.jpg\",\"datePublished\":\"2020-05-06T11:02:51+00:00\",\"dateModified\":\"2022-12-26T15:15:43+00:00\",\"description\":\"Conditions de location et politique d'annulation de r\u00e9servation qui sont une condition pr\u00e9alable \u00e0 la location de tout v\u00e9hicule chez DK Rentals \u00e0 Paros.\",\"breadcrumb\":{\"@id\":\"https:\/\/dkrentalsparos.com\/fr\/termes-de-reservation\/#breadcrumb\"},\"inLanguage\":\"fr-FR\",\"potentialAction\":[{\"@type\":\"ReadAction\",\"target\":[\"https:\/\/dkrentalsparos.com\/fr\/termes-de-reservation\/\"]}]},{\"@type\":\"ImageObject\",\"inLanguage\":\"fr-FR\",\"@id\":\"https:\/\/dkrentalsparos.com\/fr\/termes-de-reservation\/#primaryimage\",\"url\":\"https:\/\/dkrentalsparos.com\/wp-content\/uploads\/2021\/02\/rental-terms-1024-483.jpg\",\"contentUrl\":\"https:\/\/dkrentalsparos.com\/wp-content\/uploads\/2021\/02\/rental-terms-1024-483.jpg\",\"width\":1024,\"height\":483},{\"@type\":\"BreadcrumbList\",\"@id\":\"https:\/\/dkrentalsparos.com\/fr\/termes-de-reservation\/#breadcrumb\",\"itemListElement\":[{\"@type\":\"ListItem\",\"position\":1,\"name\":\"Home\",\"item\":\"https:\/\/dkrentalsparos.com\/fr\/\"},{\"@type\":\"ListItem\",\"position\":2,\"name\":\"Termes de reservation\"}]},{\"@type\":\"WebSite\",\"@id\":\"https:\/\/dkrentalsparos.com\/fr\/#website\",\"url\":\"https:\/\/dkrentalsparos.com\/fr\/\",\"name\":\"DK Rentals \u00e0 Paros\",\"description\":\"DK Rentals \u00e0 Paros\",\"publisher\":{\"@id\":\"https:\/\/dkrentalsparos.com\/fr\/#organization\"},\"potentialAction\":[{\"@type\":\"SearchAction\",\"target\":{\"@type\":\"EntryPoint\",\"urlTemplate\":\"https:\/\/dkrentalsparos.com\/fr\/?s={search_term_string}\"},\"query-input\":{\"@type\":\"PropertyValueSpecification\",\"valueRequired\":true,\"valueName\":\"search_term_string\"}}],\"inLanguage\":\"fr-FR\"},{\"@type\":\"Organization\",\"@id\":\"https:\/\/dkrentalsparos.com\/fr\/#organization\",\"name\":\"DK Rentals Paros\",\"url\":\"https:\/\/dkrentalsparos.com\/fr\/\",\"logo\":{\"@type\":\"ImageObject\",\"inLanguage\":\"fr-FR\",\"@id\":\"https:\/\/dkrentalsparos.com\/fr\/#\/schema\/logo\/image\/\",\"url\":\"https:\/\/dkrentalsparos.com\/wp-content\/uploads\/2021\/02\/dk-rentals-petrol-new.png\",\"contentUrl\":\"https:\/\/dkrentalsparos.com\/wp-content\/uploads\/2021\/02\/dk-rentals-petrol-new.png\",\"width\":260,\"height\":69,\"caption\":\"DK Rentals Paros\"},\"image\":{\"@id\":\"https:\/\/dkrentalsparos.com\/fr\/#\/schema\/logo\/image\/\"}}]}<\/script>\n<!-- \/ Yoast SEO plugin. -->","yoast_head_json":{"title":"Conditions de location - Politique d'annulation de r\u00e9servation - DK Rentals","description":"Conditions de location et politique d'annulation de r\u00e9servation qui sont une condition pr\u00e9alable \u00e0 la location de tout v\u00e9hicule chez DK Rentals \u00e0 Paros.","robots":{"index":"index","follow":"follow","max-snippet":"max-snippet:-1","max-image-preview":"max-image-preview:large","max-video-preview":"max-video-preview:-1"},"canonical":"https:\/\/dkrentalsparos.com\/fr\/termes-de-reservation\/","og_locale":"fr_FR","og_type":"article","og_title":"Conditions de location - Politique d'annulation de r\u00e9servation - DK Rentals","og_description":"Conditions de location et politique d'annulation de r\u00e9servation qui sont une condition pr\u00e9alable \u00e0 la location de tout v\u00e9hicule chez DK Rentals \u00e0 Paros.","og_url":"https:\/\/dkrentalsparos.com\/fr\/termes-de-reservation\/","og_site_name":"DK Rentals \u00e0 Paros","article_modified_time":"2022-12-26T15:15:43+00:00","og_image":[{"width":1024,"height":483,"url":"https:\/\/dkrentalsparos.com\/wp-content\/uploads\/2021\/02\/rental-terms-1024-483.jpg","type":"image\/jpeg"}],"twitter_card":"summary_large_image","schema":{"@context":"https:\/\/schema.org","@graph":[{"@type":"WebPage","@id":"https:\/\/dkrentalsparos.com\/fr\/termes-de-reservation\/","url":"https:\/\/dkrentalsparos.com\/fr\/termes-de-reservation\/","name":"Conditions de location - Politique d'annulation de r\u00e9servation - DK Rentals","isPartOf":{"@id":"https:\/\/dkrentalsparos.com\/fr\/#website"},"primaryImageOfPage":{"@id":"https:\/\/dkrentalsparos.com\/fr\/termes-de-reservation\/#primaryimage"},"image":{"@id":"https:\/\/dkrentalsparos.com\/fr\/termes-de-reservation\/#primaryimage"},"thumbnailUrl":"https:\/\/dkrentalsparos.com\/wp-content\/uploads\/2021\/02\/rental-terms-1024-483.jpg","datePublished":"2020-05-06T11:02:51+00:00","dateModified":"2022-12-26T15:15:43+00:00","description":"Conditions de location et politique d'annulation de r\u00e9servation qui sont une condition pr\u00e9alable \u00e0 la location de tout v\u00e9hicule chez DK Rentals \u00e0 Paros.","breadcrumb":{"@id":"https:\/\/dkrentalsparos.com\/fr\/termes-de-reservation\/#breadcrumb"},"inLanguage":"fr-FR","potentialAction":[{"@type":"ReadAction","target":["https:\/\/dkrentalsparos.com\/fr\/termes-de-reservation\/"]}]},{"@type":"ImageObject","inLanguage":"fr-FR","@id":"https:\/\/dkrentalsparos.com\/fr\/termes-de-reservation\/#primaryimage","url":"https:\/\/dkrentalsparos.com\/wp-content\/uploads\/2021\/02\/rental-terms-1024-483.jpg","contentUrl":"https:\/\/dkrentalsparos.com\/wp-content\/uploads\/2021\/02\/rental-terms-1024-483.jpg","width":1024,"height":483},{"@type":"BreadcrumbList","@id":"https:\/\/dkrentalsparos.com\/fr\/termes-de-reservation\/#breadcrumb","itemListElement":[{"@type":"ListItem","position":1,"name":"Home","item":"https:\/\/dkrentalsparos.com\/fr\/"},{"@type":"ListItem","position":2,"name":"Termes de reservation"}]},{"@type":"WebSite","@id":"https:\/\/dkrentalsparos.com\/fr\/#website","url":"https:\/\/dkrentalsparos.com\/fr\/","name":"DK Rentals \u00e0 Paros","description":"DK Rentals \u00e0 Paros","publisher":{"@id":"https:\/\/dkrentalsparos.com\/fr\/#organization"},"potentialAction":[{"@type":"SearchAction","target":{"@type":"EntryPoint","urlTemplate":"https:\/\/dkrentalsparos.com\/fr\/?s={search_term_string}"},"query-input":{"@type":"PropertyValueSpecification","valueRequired":true,"valueName":"search_term_string"}}],"inLanguage":"fr-FR"},{"@type":"Organization","@id":"https:\/\/dkrentalsparos.com\/fr\/#organization","name":"DK Rentals Paros","url":"https:\/\/dkrentalsparos.com\/fr\/","logo":{"@type":"ImageObject","inLanguage":"fr-FR","@id":"https:\/\/dkrentalsparos.com\/fr\/#\/schema\/logo\/image\/","url":"https:\/\/dkrentalsparos.com\/wp-content\/uploads\/2021\/02\/dk-rentals-petrol-new.png","contentUrl":"https:\/\/dkrentalsparos.com\/wp-content\/uploads\/2021\/02\/dk-rentals-petrol-new.png","width":260,"height":69,"caption":"DK Rentals Paros"},"image":{"@id":"https:\/\/dkrentalsparos.com\/fr\/#\/schema\/logo\/image\/"}}]}},"_links":{"self":[{"href":"https:\/\/dkrentalsparos.com\/fr\/wp-json\/wp\/v2\/pages\/1219","targetHints":{"allow":["GET"]}}],"collection":[{"href":"https:\/\/dkrentalsparos.com\/fr\/wp-json\/wp\/v2\/pages"}],"about":[{"href":"https:\/\/dkrentalsparos.com\/fr\/wp-json\/wp\/v2\/types\/page"}],"author":[{"embeddable":true,"href":"https:\/\/dkrentalsparos.com\/fr\/wp-json\/wp\/v2\/users\/1"}],"replies":[{"embeddable":true,"href":"https:\/\/dkrentalsparos.com\/fr\/wp-json\/wp\/v2\/comments?post=1219"}],"version-history":[{"count":18,"href":"https:\/\/dkrentalsparos.com\/fr\/wp-json\/wp\/v2\/pages\/1219\/revisions"}],"predecessor-version":[{"id":3711,"href":"https:\/\/dkrentalsparos.com\/fr\/wp-json\/wp\/v2\/pages\/1219\/revisions\/3711"}],"wp:featuredmedia":[{"embeddable":true,"href":"https:\/\/dkrentalsparos.com\/fr\/wp-json\/wp\/v2\/media\/2814"}],"wp:attachment":[{"href":"https:\/\/dkrentalsparos.com\/fr\/wp-json\/wp\/v2\/media?parent=1219"}],"curies":[{"name":"wp","href":"https:\/\/api.w.org\/{rel}","templated":true}]}}