{"id":2735,"date":"2021-04-04T09:31:37","date_gmt":"2021-04-04T06:31:37","guid":{"rendered":"https:\/\/dkrentalsparos.com\/?page_id=2735"},"modified":"2021-04-06T07:29:51","modified_gmt":"2021-04-06T04:29:51","slug":"motos","status":"publish","type":"page","link":"https:\/\/dkrentalsparos.com\/fr\/motos\/","title":{"rendered":"Location de moto"},"content":{"rendered":"\n<div class=\"wrap plugin-container\">\n\n\t\n\t\n\t\t<h3 class=\"vrcclistheadt\">Motos<\/h3>\n\t<div class=\"vrc-search-results-block\">\n\n\t<div class=\"car_result\">\n\t\t<div class=\"vrc-car-result-left\">\n\t\t\t\t\t<img decoding=\"async\" class=\"imgresult\" alt=\"Royal Enfield Himalayan 450\" src=\"https:\/\/dkrentalsparos.com\/wp-content\/plugins\/vikrentcar\/admin\/resources\/him-new-450-dk-rentals.jpg\"\/>\n\t\t\t\t\t<\/div>\n\t\t<div class=\"vrc-car-result-right\">\n\t\t\t<div class=\"vrc-car-result-rightinner\">\n\t\t\t\t<div class=\"vrc-car-result-rightinner-deep\">\n\t\t\t\t\t<div class=\"vrc-car-result-inner\">\n\t\t\t\t\t\t<span class=\"vrc-car-name\">\n                            <a href=\"https:\/\/dkrentalsparos.com\/fr\/motos\/royal-enfield-himalayan-450\/\">\n                                                                Royal Enfield Himalayan 450                            <\/a>\n                        <\/span>\n\t\t\t\t\t\t<div class=\"vrc-car-result-description\">\n\t\t\t\t\t\tLa moto <b>Royal Enfield Himalayan 450<\/b> est con\u00e7ue pour l'aventure, combinant puissance, agilit\u00e9 et style. Id\u00e9ale pour l'exploration sur route et hors route, elle offre des performances exceptionnelles et un grand confort, avec un moteur refroidi par liquide de 449cc et une suspension avanc\u00e9e.\r\n\t\t\t\t\t\t<\/div>\n\t\t\t\t\t\t\t\t\t\t\t<\/div>\n\t\t\t\t\t<div class=\"vrc-car-lastblock\">\n\t\t\t\t\t\t<div class=\"vrc-car-price\">\n\t\t\t\t\t\t\t<div class=\"vrcsrowpricediv\">\n\t\t\t\t\t\t\t\t\t\t\t\t\t\t\t<span class=\"vrcstartfrom\">Starting from<\/span>\n\t\t\t\t\t\t\t\t<span class=\"car_cost\"><span class=\"vrc_currency\">\u20ac<\/span> <span class=\"vrc_price\">43<\/span><\/span>\n\t\t\t\t\t\t\t\t\t\t\t\t\t\t<\/div>\n\t\t\t\t\t\t<\/div>\n\t\t\t\t\t\t<div class=\"vrc-car-bookingbtn\">\n\t\t\t\t\t\t\t<span class=\"vrclistgoon\"><a class=\"btn\" href=\"https:\/\/dkrentalsparos.com\/fr\/motos\/royal-enfield-himalayan-450\/\">Voir les D\u00e9tails<\/a><\/span>\n\t\t\t\t\t\t<\/div>\n\t\t\t\t\t<\/div>\n\t\t\t\t<\/div>\n\t\t\t<\/div>\n\t\t<\/div>\n\t<\/div>\n\t<div class=\"car_separator\"><\/div>\n\t\t<div class=\"car_result\">\n\t\t<div class=\"vrc-car-result-left\">\n\t\t\t\t\t<img decoding=\"async\" class=\"imgresult\" alt=\"CF 450 MT\" src=\"https:\/\/dkrentalsparos.com\/wp-content\/plugins\/vikrentcar\/admin\/resources\/-450-600-335.jpg\"\/>\n\t\t\t\t\t<\/div>\n\t\t<div class=\"vrc-car-result-right\">\n\t\t\t<div class=\"vrc-car-result-rightinner\">\n\t\t\t\t<div class=\"vrc-car-result-rightinner-deep\">\n\t\t\t\t\t<div class=\"vrc-car-result-inner\">\n\t\t\t\t\t\t<span class=\"vrc-car-name\">\n                            <a href=\"https:\/\/dkrentalsparos.com\/fr\/motos\/cf-450-mt\/\">\n                                                                CF 450 MT                            <\/a>\n                        <\/span>\n\t\t\t\t\t\t<div class=\"vrc-car-result-description\">\n\t\t\t\t\t\tLa moto <b>CF MT 450cc<\/b> est con\u00e7ue pour l'aventure - combinant puissance, agilit\u00e9 et style. Id\u00e9ale pour l'exploration sur route et hors route, elle offre des performances exceptionnelles et un grand confort, avec un moteur refroidi par liquide de 449cc et une suspension avanc\u00e9e.\t\t\t\t\t\t<\/div>\n\t\t\t\t\t\t\t\t\t\t\t<\/div>\n\t\t\t\t\t<div class=\"vrc-car-lastblock\">\n\t\t\t\t\t\t<div class=\"vrc-car-price\">\n\t\t\t\t\t\t\t<div class=\"vrcsrowpricediv\">\n\t\t\t\t\t\t\t\t\t\t\t\t\t\t\t<span class=\"vrcstartfrom\">Starting from<\/span>\n\t\t\t\t\t\t\t\t<span class=\"car_cost\"><span class=\"vrc_currency\">\u20ac<\/span> <span class=\"vrc_price\">43<\/span><\/span>\n\t\t\t\t\t\t\t\t\t\t\t\t\t\t<\/div>\n\t\t\t\t\t\t<\/div>\n\t\t\t\t\t\t<div class=\"vrc-car-bookingbtn\">\n\t\t\t\t\t\t\t<span class=\"vrclistgoon\"><a class=\"btn\" href=\"https:\/\/dkrentalsparos.com\/fr\/motos\/cf-450-mt\/\">Voir les D\u00e9tails<\/a><\/span>\n\t\t\t\t\t\t<\/div>\n\t\t\t\t\t<\/div>\n\t\t\t\t<\/div>\n\t\t\t<\/div>\n\t\t<\/div>\n\t<\/div>\n\t<div class=\"car_separator\"><\/div>\n\t<\/div>\n\n<script type=\"text\/javascript\">\njQuery(document).ready(function() {\n\tif (jQuery('.car_result').length) {\n\t\tjQuery('.car_result').each(function() {\n\t\t\tvar car_img = jQuery(this).find('.vrc-car-result-left').find('img');\n\t\t\tif (car_img.length) {\n\t\t\t\tjQuery(this).find('.vrc-car-result-right').find('.vrc-car-result-rightinner').find('.vrc-car-result-rightinner-deep').find('.vrc-car-result-inner').css('min-height', car_img.height()+'px');\n\t\t\t}\n\t\t});\n\t};\n});\n<\/script>\n\n<\/div>\n\n","protected":false},"excerpt":{"rendered":"","protected":false},"author":1,"featured_media":2738,"parent":0,"menu_order":0,"comment_status":"closed","ping_status":"closed","template":"","meta":{"footnotes":""},"class_list":["post-2735","page","type-page","status-publish","has-post-thumbnail","hentry"],"yoast_head":"<!-- This site is optimized with the Yoast SEO plugin v27.1.1 - https:\/\/yoast.com\/product\/yoast-seo-wordpress\/ -->\n<title>Location de moto \u00e0 Paros Gr\u00e8ce - Motos \u00e0 Paros<\/title>\n<meta name=\"description\" content=\"Louez une moto \u00e0 Paros. Location de motos pas cher \u00e0 Paros, jusqu&#039;\u00e0 15% de r\u00e9duction sur les r\u00e9servations en ligne. Location de moto \u00e0 Paros. Paros motos\" \/>\n<meta name=\"robots\" content=\"index, follow, max-snippet:-1, max-image-preview:large, max-video-preview:-1\" \/>\n<link rel=\"canonical\" href=\"https:\/\/dkrentalsparos.com\/fr\/motos\/\" \/>\n<meta property=\"og:locale\" content=\"fr_FR\" \/>\n<meta property=\"og:type\" content=\"article\" \/>\n<meta property=\"og:title\" content=\"Location de moto \u00e0 Paros Gr\u00e8ce - Motos \u00e0 Paros\" \/>\n<meta property=\"og:description\" content=\"Louez une moto \u00e0 Paros. Location de motos pas cher \u00e0 Paros, jusqu&#039;\u00e0 15% de r\u00e9duction sur les r\u00e9servations en ligne. Location de moto \u00e0 Paros. Paros motos\" \/>\n<meta property=\"og:url\" content=\"https:\/\/dkrentalsparos.com\/fr\/motos\/\" \/>\n<meta property=\"og:site_name\" content=\"DK Rentals \u00e0 Paros\" \/>\n<meta property=\"article:modified_time\" content=\"2021-04-06T04:29:51+00:00\" \/>\n<meta property=\"og:image\" content=\"https:\/\/dkrentalsparos.com\/wp-content\/uploads\/2021\/02\/moto-internal.jpg\" \/>\n\t<meta property=\"og:image:width\" content=\"1940\" \/>\n\t<meta property=\"og:image:height\" content=\"1002\" \/>\n\t<meta property=\"og:image:type\" content=\"image\/jpeg\" \/>\n<meta name=\"twitter:card\" content=\"summary_large_image\" \/>\n<meta name=\"twitter:label1\" content=\"Dur\u00e9e de lecture estim\u00e9e\" \/>\n\t<meta name=\"twitter:data1\" content=\"1 minute\" \/>\n<script type=\"application\/ld+json\" class=\"yoast-schema-graph\">{\"@context\":\"https:\/\/schema.org\",\"@graph\":[{\"@type\":\"WebPage\",\"@id\":\"https:\/\/dkrentalsparos.com\/fr\/motos\/\",\"url\":\"https:\/\/dkrentalsparos.com\/fr\/motos\/\",\"name\":\"Location de moto \u00e0 Paros Gr\u00e8ce - Motos \u00e0 Paros\",\"isPartOf\":{\"@id\":\"https:\/\/dkrentalsparos.com\/fr\/#website\"},\"primaryImageOfPage\":{\"@id\":\"https:\/\/dkrentalsparos.com\/fr\/motos\/#primaryimage\"},\"image\":{\"@id\":\"https:\/\/dkrentalsparos.com\/fr\/motos\/#primaryimage\"},\"thumbnailUrl\":\"https:\/\/dkrentalsparos.com\/wp-content\/uploads\/2021\/02\/moto-internal.jpg\",\"datePublished\":\"2021-04-04T06:31:37+00:00\",\"dateModified\":\"2021-04-06T04:29:51+00:00\",\"description\":\"Louez une moto \u00e0 Paros. Location de motos pas cher \u00e0 Paros, jusqu'\u00e0 15% de r\u00e9duction sur les r\u00e9servations en ligne. Location de moto \u00e0 Paros. Paros motos\",\"breadcrumb\":{\"@id\":\"https:\/\/dkrentalsparos.com\/fr\/motos\/#breadcrumb\"},\"inLanguage\":\"fr-FR\",\"potentialAction\":[{\"@type\":\"ReadAction\",\"target\":[\"https:\/\/dkrentalsparos.com\/fr\/motos\/\"]}]},{\"@type\":\"ImageObject\",\"inLanguage\":\"fr-FR\",\"@id\":\"https:\/\/dkrentalsparos.com\/fr\/motos\/#primaryimage\",\"url\":\"https:\/\/dkrentalsparos.com\/wp-content\/uploads\/2021\/02\/moto-internal.jpg\",\"contentUrl\":\"https:\/\/dkrentalsparos.com\/wp-content\/uploads\/2021\/02\/moto-internal.jpg\",\"width\":1940,\"height\":1002},{\"@type\":\"BreadcrumbList\",\"@id\":\"https:\/\/dkrentalsparos.com\/fr\/motos\/#breadcrumb\",\"itemListElement\":[{\"@type\":\"ListItem\",\"position\":1,\"name\":\"Home\",\"item\":\"https:\/\/dkrentalsparos.com\/fr\/\"},{\"@type\":\"ListItem\",\"position\":2,\"name\":\"Location de moto\"}]},{\"@type\":\"WebSite\",\"@id\":\"https:\/\/dkrentalsparos.com\/fr\/#website\",\"url\":\"https:\/\/dkrentalsparos.com\/fr\/\",\"name\":\"DK Rentals \u00e0 Paros\",\"description\":\"DK Rentals \u00e0 Paros\",\"publisher\":{\"@id\":\"https:\/\/dkrentalsparos.com\/fr\/#organization\"},\"potentialAction\":[{\"@type\":\"SearchAction\",\"target\":{\"@type\":\"EntryPoint\",\"urlTemplate\":\"https:\/\/dkrentalsparos.com\/fr\/?s={search_term_string}\"},\"query-input\":{\"@type\":\"PropertyValueSpecification\",\"valueRequired\":true,\"valueName\":\"search_term_string\"}}],\"inLanguage\":\"fr-FR\"},{\"@type\":\"Organization\",\"@id\":\"https:\/\/dkrentalsparos.com\/fr\/#organization\",\"name\":\"DK Rentals Paros\",\"url\":\"https:\/\/dkrentalsparos.com\/fr\/\",\"logo\":{\"@type\":\"ImageObject\",\"inLanguage\":\"fr-FR\",\"@id\":\"https:\/\/dkrentalsparos.com\/fr\/#\/schema\/logo\/image\/\",\"url\":\"https:\/\/dkrentalsparos.com\/wp-content\/uploads\/2021\/02\/dk-rentals-petrol-new.png\",\"contentUrl\":\"https:\/\/dkrentalsparos.com\/wp-content\/uploads\/2021\/02\/dk-rentals-petrol-new.png\",\"width\":260,\"height\":69,\"caption\":\"DK Rentals Paros\"},\"image\":{\"@id\":\"https:\/\/dkrentalsparos.com\/fr\/#\/schema\/logo\/image\/\"}}]}<\/script>\n<!-- \/ Yoast SEO plugin. -->","yoast_head_json":{"title":"Location de moto \u00e0 Paros Gr\u00e8ce - Motos \u00e0 Paros","description":"Louez une moto \u00e0 Paros. Location de motos pas cher \u00e0 Paros, jusqu'\u00e0 15% de r\u00e9duction sur les r\u00e9servations en ligne. Location de moto \u00e0 Paros. Paros motos","robots":{"index":"index","follow":"follow","max-snippet":"max-snippet:-1","max-image-preview":"max-image-preview:large","max-video-preview":"max-video-preview:-1"},"canonical":"https:\/\/dkrentalsparos.com\/fr\/motos\/","og_locale":"fr_FR","og_type":"article","og_title":"Location de moto \u00e0 Paros Gr\u00e8ce - Motos \u00e0 Paros","og_description":"Louez une moto \u00e0 Paros. Location de motos pas cher \u00e0 Paros, jusqu'\u00e0 15% de r\u00e9duction sur les r\u00e9servations en ligne. Location de moto \u00e0 Paros. Paros motos","og_url":"https:\/\/dkrentalsparos.com\/fr\/motos\/","og_site_name":"DK Rentals \u00e0 Paros","article_modified_time":"2021-04-06T04:29:51+00:00","og_image":[{"width":1940,"height":1002,"url":"https:\/\/dkrentalsparos.com\/wp-content\/uploads\/2021\/02\/moto-internal.jpg","type":"image\/jpeg"}],"twitter_card":"summary_large_image","twitter_misc":{"Dur\u00e9e de lecture estim\u00e9e":"1 minute"},"schema":{"@context":"https:\/\/schema.org","@graph":[{"@type":"WebPage","@id":"https:\/\/dkrentalsparos.com\/fr\/motos\/","url":"https:\/\/dkrentalsparos.com\/fr\/motos\/","name":"Location de moto \u00e0 Paros Gr\u00e8ce - Motos \u00e0 Paros","isPartOf":{"@id":"https:\/\/dkrentalsparos.com\/fr\/#website"},"primaryImageOfPage":{"@id":"https:\/\/dkrentalsparos.com\/fr\/motos\/#primaryimage"},"image":{"@id":"https:\/\/dkrentalsparos.com\/fr\/motos\/#primaryimage"},"thumbnailUrl":"https:\/\/dkrentalsparos.com\/wp-content\/uploads\/2021\/02\/moto-internal.jpg","datePublished":"2021-04-04T06:31:37+00:00","dateModified":"2021-04-06T04:29:51+00:00","description":"Louez une moto \u00e0 Paros. Location de motos pas cher \u00e0 Paros, jusqu'\u00e0 15% de r\u00e9duction sur les r\u00e9servations en ligne. Location de moto \u00e0 Paros. Paros motos","breadcrumb":{"@id":"https:\/\/dkrentalsparos.com\/fr\/motos\/#breadcrumb"},"inLanguage":"fr-FR","potentialAction":[{"@type":"ReadAction","target":["https:\/\/dkrentalsparos.com\/fr\/motos\/"]}]},{"@type":"ImageObject","inLanguage":"fr-FR","@id":"https:\/\/dkrentalsparos.com\/fr\/motos\/#primaryimage","url":"https:\/\/dkrentalsparos.com\/wp-content\/uploads\/2021\/02\/moto-internal.jpg","contentUrl":"https:\/\/dkrentalsparos.com\/wp-content\/uploads\/2021\/02\/moto-internal.jpg","width":1940,"height":1002},{"@type":"BreadcrumbList","@id":"https:\/\/dkrentalsparos.com\/fr\/motos\/#breadcrumb","itemListElement":[{"@type":"ListItem","position":1,"name":"Home","item":"https:\/\/dkrentalsparos.com\/fr\/"},{"@type":"ListItem","position":2,"name":"Location de moto"}]},{"@type":"WebSite","@id":"https:\/\/dkrentalsparos.com\/fr\/#website","url":"https:\/\/dkrentalsparos.com\/fr\/","name":"DK Rentals \u00e0 Paros","description":"DK Rentals \u00e0 Paros","publisher":{"@id":"https:\/\/dkrentalsparos.com\/fr\/#organization"},"potentialAction":[{"@type":"SearchAction","target":{"@type":"EntryPoint","urlTemplate":"https:\/\/dkrentalsparos.com\/fr\/?s={search_term_string}"},"query-input":{"@type":"PropertyValueSpecification","valueRequired":true,"valueName":"search_term_string"}}],"inLanguage":"fr-FR"},{"@type":"Organization","@id":"https:\/\/dkrentalsparos.com\/fr\/#organization","name":"DK Rentals Paros","url":"https:\/\/dkrentalsparos.com\/fr\/","logo":{"@type":"ImageObject","inLanguage":"fr-FR","@id":"https:\/\/dkrentalsparos.com\/fr\/#\/schema\/logo\/image\/","url":"https:\/\/dkrentalsparos.com\/wp-content\/uploads\/2021\/02\/dk-rentals-petrol-new.png","contentUrl":"https:\/\/dkrentalsparos.com\/wp-content\/uploads\/2021\/02\/dk-rentals-petrol-new.png","width":260,"height":69,"caption":"DK Rentals Paros"},"image":{"@id":"https:\/\/dkrentalsparos.com\/fr\/#\/schema\/logo\/image\/"}}]}},"_links":{"self":[{"href":"https:\/\/dkrentalsparos.com\/fr\/wp-json\/wp\/v2\/pages\/2735","targetHints":{"allow":["GET"]}}],"collection":[{"href":"https:\/\/dkrentalsparos.com\/fr\/wp-json\/wp\/v2\/pages"}],"about":[{"href":"https:\/\/dkrentalsparos.com\/fr\/wp-json\/wp\/v2\/types\/page"}],"author":[{"embeddable":true,"href":"https:\/\/dkrentalsparos.com\/fr\/wp-json\/wp\/v2\/users\/1"}],"replies":[{"embeddable":true,"href":"https:\/\/dkrentalsparos.com\/fr\/wp-json\/wp\/v2\/comments?post=2735"}],"version-history":[{"count":1,"href":"https:\/\/dkrentalsparos.com\/fr\/wp-json\/wp\/v2\/pages\/2735\/revisions"}],"predecessor-version":[{"id":2736,"href":"https:\/\/dkrentalsparos.com\/fr\/wp-json\/wp\/v2\/pages\/2735\/revisions\/2736"}],"wp:featuredmedia":[{"embeddable":true,"href":"https:\/\/dkrentalsparos.com\/fr\/wp-json\/wp\/v2\/media\/2738"}],"wp:attachment":[{"href":"https:\/\/dkrentalsparos.com\/fr\/wp-json\/wp\/v2\/media?parent=2735"}],"curies":[{"name":"wp","href":"https:\/\/api.w.org\/{rel}","templated":true}]}}