{"id":2742,"date":"2021-04-04T09:36:04","date_gmt":"2021-04-04T06:36:04","guid":{"rendered":"https:\/\/dkrentalsparos.com\/?page_id=2742"},"modified":"2025-02-24T22:37:59","modified_gmt":"2025-02-24T20:37:59","slug":"quads-atvs","status":"publish","type":"page","link":"https:\/\/dkrentalsparos.com\/fr\/quads-atvs\/","title":{"rendered":"Location de quad \/ atv"},"content":{"rendered":"\n<div class=\"wrap plugin-container\">\n\n\t\n\t\n\t\t<h3 class=\"vrcclistheadt\">Quads \/ Atvs<\/h3>\n\t<div class=\"vrc-search-results-block\">\n\n\t<div class=\"car_result\">\n\t\t<div class=\"vrc-car-result-left\">\n\t\t\t\t\t<img decoding=\"async\" class=\"imgresult\" alt=\"CF 450cc\" src=\"https:\/\/dkrentalsparos.com\/wp-content\/plugins\/vikrentcar\/admin\/resources\/1cf-450-600-450.jpg\"\/>\n\t\t\t\t\t<\/div>\n\t\t<div class=\"vrc-car-result-right\">\n\t\t\t<div class=\"vrc-car-result-rightinner\">\n\t\t\t\t<div class=\"vrc-car-result-rightinner-deep\">\n\t\t\t\t\t<div class=\"vrc-car-result-inner\">\n\t\t\t\t\t\t<span class=\"vrc-car-name\">\n                            <a href=\"https:\/\/dkrentalsparos.com\/fr\/quads-atvs\/cf\/\">\n                                                                CF 450cc                            <\/a>\n                        <\/span>\n\t\t\t\t\t\t<div class=\"vrc-car-result-description\">\n\t\t\t\t\t\tCon\u00e7u pour le confort et la durabilit\u00e9, le <b>CF MOTO 450cc<\/b> est id\u00e9al pour ceux qui recherchent l\u2019aventure et une exp\u00e9rience tout-terrain polyvalente. Il offre un moteur puissant de 450cc pour profiter de l\u2019\u00e9quilibre parfait entre vitesse et contr\u00f4le. Il dispose d\u2019une bo\u00eete de vitesses automatique, de 2 places, de compartiments de rangement, de 4 freins \u00e0 disque hydrauliques et d\u2019un frein moteur.\r\n\t\t\t\t\t\t<\/div>\n\t\t\t\t\t\t\t\t\t\t\t<\/div>\n\t\t\t\t\t<div class=\"vrc-car-lastblock\">\n\t\t\t\t\t\t<div class=\"vrc-car-price\">\n\t\t\t\t\t\t\t<div class=\"vrcsrowpricediv\">\n\t\t\t\t\t\t\t\t\t\t\t\t\t\t\t<span class=\"vrcstartfrom\">Starting from<\/span>\n\t\t\t\t\t\t\t\t<span class=\"car_cost\"><span class=\"vrc_currency\">\u20ac<\/span> <span class=\"vrc_price\">34<\/span><\/span>\n\t\t\t\t\t\t\t\t\t\t\t\t\t\t<\/div>\n\t\t\t\t\t\t<\/div>\n\t\t\t\t\t\t<div class=\"vrc-car-bookingbtn\">\n\t\t\t\t\t\t\t<span class=\"vrclistgoon\"><a class=\"btn\" href=\"https:\/\/dkrentalsparos.com\/fr\/quads-atvs\/cf\/\">Voir les D\u00e9tails<\/a><\/span>\n\t\t\t\t\t\t<\/div>\n\t\t\t\t\t<\/div>\n\t\t\t\t<\/div>\n\t\t\t<\/div>\n\t\t<\/div>\n\t<\/div>\n\t<div class=\"car_separator\"><\/div>\n\t\t<div class=\"car_result\">\n\t\t<div class=\"vrc-car-result-left\">\n\t\t\t\t\t<img decoding=\"async\" class=\"imgresult\" alt=\"CF Moto 625cc\" src=\"https:\/\/dkrentalsparos.com\/wp-content\/plugins\/vikrentcar\/admin\/resources\/vthumb_cf-625-600-450-new.jpg\"\/>\n\t\t\t\t\t<\/div>\n\t\t<div class=\"vrc-car-result-right\">\n\t\t\t<div class=\"vrc-car-result-rightinner\">\n\t\t\t\t<div class=\"vrc-car-result-rightinner-deep\">\n\t\t\t\t\t<div class=\"vrc-car-result-inner\">\n\t\t\t\t\t\t<span class=\"vrc-car-name\">\n                            <a href=\"https:\/\/dkrentalsparos.com\/fr\/quads-atvs\/cf-moto-625cc\/\">\n                                                                CF Moto 625cc                            <\/a>\n                        <\/span>\n\t\t\t\t\t\t<div class=\"vrc-car-result-description\">\n\t\t\t\t\t\tLe <b>CFORCE 625cc<\/b> est un tout nouvel ATV con\u00e7u pour dominer la cat\u00e9gorie interm\u00e9diaire. Il offre une combinaison parfaite de performance et de style. Dot\u00e9 d\u2019un moteur de 625cc, il est con\u00e7u aussi bien pour la conduite en ville que pour l\u2019aventure. Avec son design \u00e9l\u00e9gant, son int\u00e9rieur confortable et sa maniabilit\u00e9 ais\u00e9e, ce v\u00e9hicule garantit une conduite agr\u00e9able \u00e0 chaque fois. Il est \u00e9quip\u00e9 d\u2019une transmission automatique, de deux si\u00e8ges, d\u2019espaces de rangement, de quatre freins \u00e0 disque hydrauliques et d\u2019un frein moteur.\r\n\t\t\t\t\t\t<\/div>\n\t\t\t\t\t\t\t\t\t\t\t<\/div>\n\t\t\t\t\t<div class=\"vrc-car-lastblock\">\n\t\t\t\t\t\t<div class=\"vrc-car-price\">\n\t\t\t\t\t\t\t<div class=\"vrcsrowpricediv\">\n\t\t\t\t\t\t\t\t\t\t\t\t\t\t\t<span class=\"vrcstartfrom\">Starting from<\/span>\n\t\t\t\t\t\t\t\t<span class=\"car_cost\"><span class=\"vrc_currency\">\u20ac<\/span> <span class=\"vrc_price\">47<\/span><\/span>\n\t\t\t\t\t\t\t\t\t\t\t\t\t\t<\/div>\n\t\t\t\t\t\t<\/div>\n\t\t\t\t\t\t<div class=\"vrc-car-bookingbtn\">\n\t\t\t\t\t\t\t<span class=\"vrclistgoon\"><a class=\"btn\" href=\"https:\/\/dkrentalsparos.com\/fr\/quads-atvs\/cf-moto-625cc\/\">Voir les D\u00e9tails<\/a><\/span>\n\t\t\t\t\t\t<\/div>\n\t\t\t\t\t<\/div>\n\t\t\t\t<\/div>\n\t\t\t<\/div>\n\t\t<\/div>\n\t<\/div>\n\t<div class=\"car_separator\"><\/div>\n\t<\/div>\n\n<script type=\"text\/javascript\">\njQuery(document).ready(function() {\n\tif (jQuery('.car_result').length) {\n\t\tjQuery('.car_result').each(function() {\n\t\t\tvar car_img = jQuery(this).find('.vrc-car-result-left').find('img');\n\t\t\tif (car_img.length) {\n\t\t\t\tjQuery(this).find('.vrc-car-result-right').find('.vrc-car-result-rightinner').find('.vrc-car-result-rightinner-deep').find('.vrc-car-result-inner').css('min-height', car_img.height()+'px');\n\t\t\t}\n\t\t});\n\t};\n});\n<\/script>\n\n<\/div>\n\n","protected":false},"excerpt":{"rendered":"","protected":false},"author":1,"featured_media":2744,"parent":0,"menu_order":0,"comment_status":"closed","ping_status":"closed","template":"","meta":{"footnotes":""},"class_list":["post-2742","page","type-page","status-publish","has-post-thumbnail","hentry"],"yoast_head":"<!-- This site is optimized with the Yoast SEO plugin v27.1.1 - https:\/\/yoast.com\/product\/yoast-seo-wordpress\/ -->\n<title>Location de quad \/ atv \u00e0 Paros Gr\u00e8ce - Quad \/ atv \u00e0 Paros<\/title>\n<meta name=\"description\" content=\"Location de quad \/ atv \u00e0 prix comp\u00e9titifs, offres sp\u00e9ciales et r\u00e9ductions sur les locations de scooters \u00e0 Paros. Location de quad \/ atv \u00e0 Paros Gr\u00e8ce\" \/>\n<meta name=\"robots\" content=\"index, follow, max-snippet:-1, max-image-preview:large, max-video-preview:-1\" \/>\n<link rel=\"canonical\" href=\"https:\/\/dkrentalsparos.com\/fr\/quads-atvs\/\" \/>\n<meta property=\"og:locale\" content=\"fr_FR\" \/>\n<meta property=\"og:type\" content=\"article\" \/>\n<meta property=\"og:title\" content=\"Location de quad \/ atv \u00e0 Paros Gr\u00e8ce - Quad \/ atv \u00e0 Paros\" \/>\n<meta property=\"og:description\" content=\"Location de quad \/ atv \u00e0 prix comp\u00e9titifs, offres sp\u00e9ciales et r\u00e9ductions sur les locations de scooters \u00e0 Paros. Location de quad \/ atv \u00e0 Paros Gr\u00e8ce\" \/>\n<meta property=\"og:url\" content=\"https:\/\/dkrentalsparos.com\/fr\/quads-atvs\/\" \/>\n<meta property=\"og:site_name\" content=\"DK Rentals \u00e0 Paros\" \/>\n<meta property=\"article:modified_time\" content=\"2025-02-24T20:37:59+00:00\" \/>\n<meta property=\"og:image\" content=\"https:\/\/dkrentalsparos.com\/wp-content\/uploads\/2021\/02\/atv-page-1920-1268.jpg\" \/>\n\t<meta property=\"og:image:width\" content=\"1900\" \/>\n\t<meta property=\"og:image:height\" content=\"1268\" \/>\n\t<meta property=\"og:image:type\" content=\"image\/jpeg\" \/>\n<meta name=\"twitter:card\" content=\"summary_large_image\" \/>\n<meta name=\"twitter:label1\" content=\"Dur\u00e9e de lecture estim\u00e9e\" \/>\n\t<meta name=\"twitter:data1\" content=\"1 minute\" \/>\n<script type=\"application\/ld+json\" class=\"yoast-schema-graph\">{\"@context\":\"https:\/\/schema.org\",\"@graph\":[{\"@type\":\"WebPage\",\"@id\":\"https:\/\/dkrentalsparos.com\/fr\/quads-atvs\/\",\"url\":\"https:\/\/dkrentalsparos.com\/fr\/quads-atvs\/\",\"name\":\"Location de quad \/ atv \u00e0 Paros Gr\u00e8ce - Quad \/ atv \u00e0 Paros\",\"isPartOf\":{\"@id\":\"https:\/\/dkrentalsparos.com\/fr\/#website\"},\"primaryImageOfPage\":{\"@id\":\"https:\/\/dkrentalsparos.com\/fr\/quads-atvs\/#primaryimage\"},\"image\":{\"@id\":\"https:\/\/dkrentalsparos.com\/fr\/quads-atvs\/#primaryimage\"},\"thumbnailUrl\":\"https:\/\/dkrentalsparos.com\/wp-content\/uploads\/2021\/02\/atv-page-1920-1268.jpg\",\"datePublished\":\"2021-04-04T06:36:04+00:00\",\"dateModified\":\"2025-02-24T20:37:59+00:00\",\"description\":\"Location de quad \/ atv \u00e0 prix comp\u00e9titifs, offres sp\u00e9ciales et r\u00e9ductions sur les locations de scooters \u00e0 Paros. Location de quad \/ atv \u00e0 Paros Gr\u00e8ce\",\"breadcrumb\":{\"@id\":\"https:\/\/dkrentalsparos.com\/fr\/quads-atvs\/#breadcrumb\"},\"inLanguage\":\"fr-FR\",\"potentialAction\":[{\"@type\":\"ReadAction\",\"target\":[\"https:\/\/dkrentalsparos.com\/fr\/quads-atvs\/\"]}]},{\"@type\":\"ImageObject\",\"inLanguage\":\"fr-FR\",\"@id\":\"https:\/\/dkrentalsparos.com\/fr\/quads-atvs\/#primaryimage\",\"url\":\"https:\/\/dkrentalsparos.com\/wp-content\/uploads\/2021\/02\/atv-page-1920-1268.jpg\",\"contentUrl\":\"https:\/\/dkrentalsparos.com\/wp-content\/uploads\/2021\/02\/atv-page-1920-1268.jpg\",\"width\":1900,\"height\":1268},{\"@type\":\"BreadcrumbList\",\"@id\":\"https:\/\/dkrentalsparos.com\/fr\/quads-atvs\/#breadcrumb\",\"itemListElement\":[{\"@type\":\"ListItem\",\"position\":1,\"name\":\"Home\",\"item\":\"https:\/\/dkrentalsparos.com\/fr\/\"},{\"@type\":\"ListItem\",\"position\":2,\"name\":\"Location de quad \/ atv\"}]},{\"@type\":\"WebSite\",\"@id\":\"https:\/\/dkrentalsparos.com\/fr\/#website\",\"url\":\"https:\/\/dkrentalsparos.com\/fr\/\",\"name\":\"DK Rentals \u00e0 Paros\",\"description\":\"DK Rentals \u00e0 Paros\",\"publisher\":{\"@id\":\"https:\/\/dkrentalsparos.com\/fr\/#organization\"},\"potentialAction\":[{\"@type\":\"SearchAction\",\"target\":{\"@type\":\"EntryPoint\",\"urlTemplate\":\"https:\/\/dkrentalsparos.com\/fr\/?s={search_term_string}\"},\"query-input\":{\"@type\":\"PropertyValueSpecification\",\"valueRequired\":true,\"valueName\":\"search_term_string\"}}],\"inLanguage\":\"fr-FR\"},{\"@type\":\"Organization\",\"@id\":\"https:\/\/dkrentalsparos.com\/fr\/#organization\",\"name\":\"DK Rentals Paros\",\"url\":\"https:\/\/dkrentalsparos.com\/fr\/\",\"logo\":{\"@type\":\"ImageObject\",\"inLanguage\":\"fr-FR\",\"@id\":\"https:\/\/dkrentalsparos.com\/fr\/#\/schema\/logo\/image\/\",\"url\":\"https:\/\/dkrentalsparos.com\/wp-content\/uploads\/2021\/02\/dk-rentals-petrol-new.png\",\"contentUrl\":\"https:\/\/dkrentalsparos.com\/wp-content\/uploads\/2021\/02\/dk-rentals-petrol-new.png\",\"width\":260,\"height\":69,\"caption\":\"DK Rentals Paros\"},\"image\":{\"@id\":\"https:\/\/dkrentalsparos.com\/fr\/#\/schema\/logo\/image\/\"}}]}<\/script>\n<!-- \/ Yoast SEO plugin. -->","yoast_head_json":{"title":"Location de quad \/ atv \u00e0 Paros Gr\u00e8ce - Quad \/ atv \u00e0 Paros","description":"Location de quad \/ atv \u00e0 prix comp\u00e9titifs, offres sp\u00e9ciales et r\u00e9ductions sur les locations de scooters \u00e0 Paros. Location de quad \/ atv \u00e0 Paros Gr\u00e8ce","robots":{"index":"index","follow":"follow","max-snippet":"max-snippet:-1","max-image-preview":"max-image-preview:large","max-video-preview":"max-video-preview:-1"},"canonical":"https:\/\/dkrentalsparos.com\/fr\/quads-atvs\/","og_locale":"fr_FR","og_type":"article","og_title":"Location de quad \/ atv \u00e0 Paros Gr\u00e8ce - Quad \/ atv \u00e0 Paros","og_description":"Location de quad \/ atv \u00e0 prix comp\u00e9titifs, offres sp\u00e9ciales et r\u00e9ductions sur les locations de scooters \u00e0 Paros. Location de quad \/ atv \u00e0 Paros Gr\u00e8ce","og_url":"https:\/\/dkrentalsparos.com\/fr\/quads-atvs\/","og_site_name":"DK Rentals \u00e0 Paros","article_modified_time":"2025-02-24T20:37:59+00:00","og_image":[{"width":1900,"height":1268,"url":"https:\/\/dkrentalsparos.com\/wp-content\/uploads\/2021\/02\/atv-page-1920-1268.jpg","type":"image\/jpeg"}],"twitter_card":"summary_large_image","twitter_misc":{"Dur\u00e9e de lecture estim\u00e9e":"1 minute"},"schema":{"@context":"https:\/\/schema.org","@graph":[{"@type":"WebPage","@id":"https:\/\/dkrentalsparos.com\/fr\/quads-atvs\/","url":"https:\/\/dkrentalsparos.com\/fr\/quads-atvs\/","name":"Location de quad \/ atv \u00e0 Paros Gr\u00e8ce - Quad \/ atv \u00e0 Paros","isPartOf":{"@id":"https:\/\/dkrentalsparos.com\/fr\/#website"},"primaryImageOfPage":{"@id":"https:\/\/dkrentalsparos.com\/fr\/quads-atvs\/#primaryimage"},"image":{"@id":"https:\/\/dkrentalsparos.com\/fr\/quads-atvs\/#primaryimage"},"thumbnailUrl":"https:\/\/dkrentalsparos.com\/wp-content\/uploads\/2021\/02\/atv-page-1920-1268.jpg","datePublished":"2021-04-04T06:36:04+00:00","dateModified":"2025-02-24T20:37:59+00:00","description":"Location de quad \/ atv \u00e0 prix comp\u00e9titifs, offres sp\u00e9ciales et r\u00e9ductions sur les locations de scooters \u00e0 Paros. Location de quad \/ atv \u00e0 Paros Gr\u00e8ce","breadcrumb":{"@id":"https:\/\/dkrentalsparos.com\/fr\/quads-atvs\/#breadcrumb"},"inLanguage":"fr-FR","potentialAction":[{"@type":"ReadAction","target":["https:\/\/dkrentalsparos.com\/fr\/quads-atvs\/"]}]},{"@type":"ImageObject","inLanguage":"fr-FR","@id":"https:\/\/dkrentalsparos.com\/fr\/quads-atvs\/#primaryimage","url":"https:\/\/dkrentalsparos.com\/wp-content\/uploads\/2021\/02\/atv-page-1920-1268.jpg","contentUrl":"https:\/\/dkrentalsparos.com\/wp-content\/uploads\/2021\/02\/atv-page-1920-1268.jpg","width":1900,"height":1268},{"@type":"BreadcrumbList","@id":"https:\/\/dkrentalsparos.com\/fr\/quads-atvs\/#breadcrumb","itemListElement":[{"@type":"ListItem","position":1,"name":"Home","item":"https:\/\/dkrentalsparos.com\/fr\/"},{"@type":"ListItem","position":2,"name":"Location de quad \/ atv"}]},{"@type":"WebSite","@id":"https:\/\/dkrentalsparos.com\/fr\/#website","url":"https:\/\/dkrentalsparos.com\/fr\/","name":"DK Rentals \u00e0 Paros","description":"DK Rentals \u00e0 Paros","publisher":{"@id":"https:\/\/dkrentalsparos.com\/fr\/#organization"},"potentialAction":[{"@type":"SearchAction","target":{"@type":"EntryPoint","urlTemplate":"https:\/\/dkrentalsparos.com\/fr\/?s={search_term_string}"},"query-input":{"@type":"PropertyValueSpecification","valueRequired":true,"valueName":"search_term_string"}}],"inLanguage":"fr-FR"},{"@type":"Organization","@id":"https:\/\/dkrentalsparos.com\/fr\/#organization","name":"DK Rentals Paros","url":"https:\/\/dkrentalsparos.com\/fr\/","logo":{"@type":"ImageObject","inLanguage":"fr-FR","@id":"https:\/\/dkrentalsparos.com\/fr\/#\/schema\/logo\/image\/","url":"https:\/\/dkrentalsparos.com\/wp-content\/uploads\/2021\/02\/dk-rentals-petrol-new.png","contentUrl":"https:\/\/dkrentalsparos.com\/wp-content\/uploads\/2021\/02\/dk-rentals-petrol-new.png","width":260,"height":69,"caption":"DK Rentals Paros"},"image":{"@id":"https:\/\/dkrentalsparos.com\/fr\/#\/schema\/logo\/image\/"}}]}},"_links":{"self":[{"href":"https:\/\/dkrentalsparos.com\/fr\/wp-json\/wp\/v2\/pages\/2742","targetHints":{"allow":["GET"]}}],"collection":[{"href":"https:\/\/dkrentalsparos.com\/fr\/wp-json\/wp\/v2\/pages"}],"about":[{"href":"https:\/\/dkrentalsparos.com\/fr\/wp-json\/wp\/v2\/types\/page"}],"author":[{"embeddable":true,"href":"https:\/\/dkrentalsparos.com\/fr\/wp-json\/wp\/v2\/users\/1"}],"replies":[{"embeddable":true,"href":"https:\/\/dkrentalsparos.com\/fr\/wp-json\/wp\/v2\/comments?post=2742"}],"version-history":[{"count":4,"href":"https:\/\/dkrentalsparos.com\/fr\/wp-json\/wp\/v2\/pages\/2742\/revisions"}],"predecessor-version":[{"id":4744,"href":"https:\/\/dkrentalsparos.com\/fr\/wp-json\/wp\/v2\/pages\/2742\/revisions\/4744"}],"wp:featuredmedia":[{"embeddable":true,"href":"https:\/\/dkrentalsparos.com\/fr\/wp-json\/wp\/v2\/media\/2744"}],"wp:attachment":[{"href":"https:\/\/dkrentalsparos.com\/fr\/wp-json\/wp\/v2\/media?parent=2742"}],"curies":[{"name":"wp","href":"https:\/\/api.w.org\/{rel}","templated":true}]}}