{"id":2806,"date":"2021-04-08T19:29:28","date_gmt":"2021-04-08T16:29:28","guid":{"rendered":"https:\/\/dkrentalsparos.com\/?page_id=2806"},"modified":"2021-04-10T18:24:43","modified_gmt":"2021-04-10T15:24:43","slug":"offres","status":"publish","type":"page","link":"https:\/\/dkrentalsparos.com\/fr\/offres\/","title":{"rendered":"Offres"},"content":{"rendered":"\n<h4 class=\"has-text-align-center has-very-dark-gray-color has-text-color wp-block-heading\"><strong><strong>Offres de location \u00e0 long terme<\/strong><\/strong><\/h4>\n\n\n\n<p><strong>Nos prix finals comprennent<\/strong>:<\/p>\n\n\n\n<ul class=\"wp-block-list\"><li>Remise 10% pour une location de 3 \u00e0 7&nbsp; jours (remise comprise dans le&nbsp; co\u00fbt total-pas besoin de code promo)<\/li><li>Remise 15% pour plus de 8 jours (remise comprise dans le&nbsp; co\u00fbt total-pas besoin de code promo)<\/li><\/ul>\n\n\n\n<h4 class=\"has-text-align-center has-very-dark-gray-color has-text-color wp-block-heading\"><strong>Services Suppl\u00e9mentaires<\/strong><\/h4>\n\n\n\n<p><strong>R\u00e9duction suppl\u00e9mentaire au prix final<\/strong> <\/p>\n\n\n\n\n<div class=\"wrap plugin-container\">\n\n\t\n\t\n\t\t<h3>Pas de promotions actuellement<\/h3>\r\n\t\n<\/div>\n\n","protected":false},"excerpt":{"rendered":"<p>Offres de location \u00e0 long terme Nos prix finals comprennent: Remise 10% pour une location de 3 \u00e0 7&nbsp; jours (remise comprise dans le&nbsp; co\u00fbt total-pas besoin de code promo) Remise 15% pour plus de 8 jours (remise comprise dans le&nbsp; co\u00fbt total-pas besoin de code promo) Services Suppl\u00e9mentaires R\u00e9duction suppl\u00e9mentaire au prix final<\/p>\n","protected":false},"author":1,"featured_media":2808,"parent":0,"menu_order":0,"comment_status":"closed","ping_status":"closed","template":"","meta":{"footnotes":""},"class_list":["post-2806","page","type-page","status-publish","has-post-thumbnail","hentry"],"yoast_head":"<!-- This site is optimized with the Yoast SEO plugin v27.1.1 - https:\/\/yoast.com\/product\/yoast-seo-wordpress\/ -->\n<title>Offres de location longue dur\u00e9e \u00e0 Paros - DK Rentals \u00e0 Paros<\/title>\n<meta name=\"description\" content=\"Offres de location longue dur\u00e9e de voitures, quads \/ atvs, buggies, scooters et motos \u00e0 Paros. Offres sp\u00e9ciales de location de voitures et de motos \u00e0 Paros au meilleur prix.\" \/>\n<meta name=\"robots\" content=\"index, follow, max-snippet:-1, max-image-preview:large, max-video-preview:-1\" \/>\n<link rel=\"canonical\" href=\"https:\/\/dkrentalsparos.com\/fr\/offres\/\" \/>\n<meta property=\"og:locale\" content=\"fr_FR\" \/>\n<meta property=\"og:type\" content=\"article\" \/>\n<meta property=\"og:title\" content=\"Offres de location longue dur\u00e9e \u00e0 Paros - DK Rentals \u00e0 Paros\" \/>\n<meta property=\"og:description\" content=\"Offres de location longue dur\u00e9e de voitures, quads \/ atvs, buggies, scooters et motos \u00e0 Paros. Offres sp\u00e9ciales de location de voitures et de motos \u00e0 Paros au meilleur prix.\" \/>\n<meta property=\"og:url\" content=\"https:\/\/dkrentalsparos.com\/fr\/offres\/\" \/>\n<meta property=\"og:site_name\" content=\"DK Rentals \u00e0 Paros\" \/>\n<meta property=\"article:modified_time\" content=\"2021-04-10T15:24:43+00:00\" \/>\n<meta property=\"og:image\" content=\"https:\/\/dkrentalsparos.com\/wp-content\/uploads\/2021\/02\/offers-dk-rentals-1600-1067.jpg\" \/>\n\t<meta property=\"og:image:width\" content=\"1600\" \/>\n\t<meta property=\"og:image:height\" content=\"1067\" \/>\n\t<meta property=\"og:image:type\" content=\"image\/jpeg\" \/>\n<meta name=\"twitter:card\" content=\"summary_large_image\" \/>\n<meta name=\"twitter:label1\" content=\"Dur\u00e9e de lecture estim\u00e9e\" \/>\n\t<meta name=\"twitter:data1\" content=\"1 minute\" \/>\n<script type=\"application\/ld+json\" class=\"yoast-schema-graph\">{\"@context\":\"https:\/\/schema.org\",\"@graph\":[{\"@type\":\"WebPage\",\"@id\":\"https:\/\/dkrentalsparos.com\/fr\/offres\/\",\"url\":\"https:\/\/dkrentalsparos.com\/fr\/offres\/\",\"name\":\"Offres de location longue dur\u00e9e \u00e0 Paros - DK Rentals \u00e0 Paros\",\"isPartOf\":{\"@id\":\"https:\/\/dkrentalsparos.com\/fr\/#website\"},\"primaryImageOfPage\":{\"@id\":\"https:\/\/dkrentalsparos.com\/fr\/offres\/#primaryimage\"},\"image\":{\"@id\":\"https:\/\/dkrentalsparos.com\/fr\/offres\/#primaryimage\"},\"thumbnailUrl\":\"https:\/\/dkrentalsparos.com\/wp-content\/uploads\/2021\/02\/offers-dk-rentals-1600-1067.jpg\",\"datePublished\":\"2021-04-08T16:29:28+00:00\",\"dateModified\":\"2021-04-10T15:24:43+00:00\",\"description\":\"Offres de location longue dur\u00e9e de voitures, quads \/ atvs, buggies, scooters et motos \u00e0 Paros. Offres sp\u00e9ciales de location de voitures et de motos \u00e0 Paros au meilleur prix.\",\"breadcrumb\":{\"@id\":\"https:\/\/dkrentalsparos.com\/fr\/offres\/#breadcrumb\"},\"inLanguage\":\"fr-FR\",\"potentialAction\":[{\"@type\":\"ReadAction\",\"target\":[\"https:\/\/dkrentalsparos.com\/fr\/offres\/\"]}]},{\"@type\":\"ImageObject\",\"inLanguage\":\"fr-FR\",\"@id\":\"https:\/\/dkrentalsparos.com\/fr\/offres\/#primaryimage\",\"url\":\"https:\/\/dkrentalsparos.com\/wp-content\/uploads\/2021\/02\/offers-dk-rentals-1600-1067.jpg\",\"contentUrl\":\"https:\/\/dkrentalsparos.com\/wp-content\/uploads\/2021\/02\/offers-dk-rentals-1600-1067.jpg\",\"width\":1600,\"height\":1067},{\"@type\":\"BreadcrumbList\",\"@id\":\"https:\/\/dkrentalsparos.com\/fr\/offres\/#breadcrumb\",\"itemListElement\":[{\"@type\":\"ListItem\",\"position\":1,\"name\":\"Home\",\"item\":\"https:\/\/dkrentalsparos.com\/fr\/\"},{\"@type\":\"ListItem\",\"position\":2,\"name\":\"Offres\"}]},{\"@type\":\"WebSite\",\"@id\":\"https:\/\/dkrentalsparos.com\/fr\/#website\",\"url\":\"https:\/\/dkrentalsparos.com\/fr\/\",\"name\":\"DK Rentals \u00e0 Paros\",\"description\":\"DK Rentals \u00e0 Paros\",\"publisher\":{\"@id\":\"https:\/\/dkrentalsparos.com\/fr\/#organization\"},\"potentialAction\":[{\"@type\":\"SearchAction\",\"target\":{\"@type\":\"EntryPoint\",\"urlTemplate\":\"https:\/\/dkrentalsparos.com\/fr\/?s={search_term_string}\"},\"query-input\":{\"@type\":\"PropertyValueSpecification\",\"valueRequired\":true,\"valueName\":\"search_term_string\"}}],\"inLanguage\":\"fr-FR\"},{\"@type\":\"Organization\",\"@id\":\"https:\/\/dkrentalsparos.com\/fr\/#organization\",\"name\":\"DK Rentals Paros\",\"url\":\"https:\/\/dkrentalsparos.com\/fr\/\",\"logo\":{\"@type\":\"ImageObject\",\"inLanguage\":\"fr-FR\",\"@id\":\"https:\/\/dkrentalsparos.com\/fr\/#\/schema\/logo\/image\/\",\"url\":\"https:\/\/dkrentalsparos.com\/wp-content\/uploads\/2021\/02\/dk-rentals-petrol-new.png\",\"contentUrl\":\"https:\/\/dkrentalsparos.com\/wp-content\/uploads\/2021\/02\/dk-rentals-petrol-new.png\",\"width\":260,\"height\":69,\"caption\":\"DK Rentals Paros\"},\"image\":{\"@id\":\"https:\/\/dkrentalsparos.com\/fr\/#\/schema\/logo\/image\/\"}}]}<\/script>\n<!-- \/ Yoast SEO plugin. -->","yoast_head_json":{"title":"Offres de location longue dur\u00e9e \u00e0 Paros - DK Rentals \u00e0 Paros","description":"Offres de location longue dur\u00e9e de voitures, quads \/ atvs, buggies, scooters et motos \u00e0 Paros. Offres sp\u00e9ciales de location de voitures et de motos \u00e0 Paros au meilleur prix.","robots":{"index":"index","follow":"follow","max-snippet":"max-snippet:-1","max-image-preview":"max-image-preview:large","max-video-preview":"max-video-preview:-1"},"canonical":"https:\/\/dkrentalsparos.com\/fr\/offres\/","og_locale":"fr_FR","og_type":"article","og_title":"Offres de location longue dur\u00e9e \u00e0 Paros - DK Rentals \u00e0 Paros","og_description":"Offres de location longue dur\u00e9e de voitures, quads \/ atvs, buggies, scooters et motos \u00e0 Paros. Offres sp\u00e9ciales de location de voitures et de motos \u00e0 Paros au meilleur prix.","og_url":"https:\/\/dkrentalsparos.com\/fr\/offres\/","og_site_name":"DK Rentals \u00e0 Paros","article_modified_time":"2021-04-10T15:24:43+00:00","og_image":[{"width":1600,"height":1067,"url":"https:\/\/dkrentalsparos.com\/wp-content\/uploads\/2021\/02\/offers-dk-rentals-1600-1067.jpg","type":"image\/jpeg"}],"twitter_card":"summary_large_image","twitter_misc":{"Dur\u00e9e de lecture estim\u00e9e":"1 minute"},"schema":{"@context":"https:\/\/schema.org","@graph":[{"@type":"WebPage","@id":"https:\/\/dkrentalsparos.com\/fr\/offres\/","url":"https:\/\/dkrentalsparos.com\/fr\/offres\/","name":"Offres de location longue dur\u00e9e \u00e0 Paros - DK Rentals \u00e0 Paros","isPartOf":{"@id":"https:\/\/dkrentalsparos.com\/fr\/#website"},"primaryImageOfPage":{"@id":"https:\/\/dkrentalsparos.com\/fr\/offres\/#primaryimage"},"image":{"@id":"https:\/\/dkrentalsparos.com\/fr\/offres\/#primaryimage"},"thumbnailUrl":"https:\/\/dkrentalsparos.com\/wp-content\/uploads\/2021\/02\/offers-dk-rentals-1600-1067.jpg","datePublished":"2021-04-08T16:29:28+00:00","dateModified":"2021-04-10T15:24:43+00:00","description":"Offres de location longue dur\u00e9e de voitures, quads \/ atvs, buggies, scooters et motos \u00e0 Paros. Offres sp\u00e9ciales de location de voitures et de motos \u00e0 Paros au meilleur prix.","breadcrumb":{"@id":"https:\/\/dkrentalsparos.com\/fr\/offres\/#breadcrumb"},"inLanguage":"fr-FR","potentialAction":[{"@type":"ReadAction","target":["https:\/\/dkrentalsparos.com\/fr\/offres\/"]}]},{"@type":"ImageObject","inLanguage":"fr-FR","@id":"https:\/\/dkrentalsparos.com\/fr\/offres\/#primaryimage","url":"https:\/\/dkrentalsparos.com\/wp-content\/uploads\/2021\/02\/offers-dk-rentals-1600-1067.jpg","contentUrl":"https:\/\/dkrentalsparos.com\/wp-content\/uploads\/2021\/02\/offers-dk-rentals-1600-1067.jpg","width":1600,"height":1067},{"@type":"BreadcrumbList","@id":"https:\/\/dkrentalsparos.com\/fr\/offres\/#breadcrumb","itemListElement":[{"@type":"ListItem","position":1,"name":"Home","item":"https:\/\/dkrentalsparos.com\/fr\/"},{"@type":"ListItem","position":2,"name":"Offres"}]},{"@type":"WebSite","@id":"https:\/\/dkrentalsparos.com\/fr\/#website","url":"https:\/\/dkrentalsparos.com\/fr\/","name":"DK Rentals \u00e0 Paros","description":"DK Rentals \u00e0 Paros","publisher":{"@id":"https:\/\/dkrentalsparos.com\/fr\/#organization"},"potentialAction":[{"@type":"SearchAction","target":{"@type":"EntryPoint","urlTemplate":"https:\/\/dkrentalsparos.com\/fr\/?s={search_term_string}"},"query-input":{"@type":"PropertyValueSpecification","valueRequired":true,"valueName":"search_term_string"}}],"inLanguage":"fr-FR"},{"@type":"Organization","@id":"https:\/\/dkrentalsparos.com\/fr\/#organization","name":"DK Rentals Paros","url":"https:\/\/dkrentalsparos.com\/fr\/","logo":{"@type":"ImageObject","inLanguage":"fr-FR","@id":"https:\/\/dkrentalsparos.com\/fr\/#\/schema\/logo\/image\/","url":"https:\/\/dkrentalsparos.com\/wp-content\/uploads\/2021\/02\/dk-rentals-petrol-new.png","contentUrl":"https:\/\/dkrentalsparos.com\/wp-content\/uploads\/2021\/02\/dk-rentals-petrol-new.png","width":260,"height":69,"caption":"DK Rentals Paros"},"image":{"@id":"https:\/\/dkrentalsparos.com\/fr\/#\/schema\/logo\/image\/"}}]}},"_links":{"self":[{"href":"https:\/\/dkrentalsparos.com\/fr\/wp-json\/wp\/v2\/pages\/2806","targetHints":{"allow":["GET"]}}],"collection":[{"href":"https:\/\/dkrentalsparos.com\/fr\/wp-json\/wp\/v2\/pages"}],"about":[{"href":"https:\/\/dkrentalsparos.com\/fr\/wp-json\/wp\/v2\/types\/page"}],"author":[{"embeddable":true,"href":"https:\/\/dkrentalsparos.com\/fr\/wp-json\/wp\/v2\/users\/1"}],"replies":[{"embeddable":true,"href":"https:\/\/dkrentalsparos.com\/fr\/wp-json\/wp\/v2\/comments?post=2806"}],"version-history":[{"count":1,"href":"https:\/\/dkrentalsparos.com\/fr\/wp-json\/wp\/v2\/pages\/2806\/revisions"}],"predecessor-version":[{"id":2807,"href":"https:\/\/dkrentalsparos.com\/fr\/wp-json\/wp\/v2\/pages\/2806\/revisions\/2807"}],"wp:featuredmedia":[{"embeddable":true,"href":"https:\/\/dkrentalsparos.com\/fr\/wp-json\/wp\/v2\/media\/2808"}],"wp:attachment":[{"href":"https:\/\/dkrentalsparos.com\/fr\/wp-json\/wp\/v2\/media?parent=2806"}],"curies":[{"name":"wp","href":"https:\/\/api.w.org\/{rel}","templated":true}]}}