{"id":2809,"date":"2021-04-08T19:34:27","date_gmt":"2021-04-08T16:34:27","guid":{"rendered":"https:\/\/dkrentalsparos.com\/?page_id=2809"},"modified":"2022-12-26T17:25:50","modified_gmt":"2022-12-26T15:25:50","slug":"services","status":"publish","type":"page","link":"https:\/\/dkrentalsparos.com\/fr\/services\/","title":{"rendered":"Services"},"content":{"rendered":"\n<p><strong>Livraison - Prise en charge de v\u00e9hicule<\/strong><\/p>\n\n\n\n<p>La soci\u00e9t\u00e9 D K Rentals d\u00e9livre et prend en charge des v\u00e9hicules &nbsp;sur l\u2019ile enti\u00e8re de Paros. Les livraisons\/prises en charge sur le port et les alentours &nbsp;de Paroikia ou \u00e9galement &nbsp;\u00e0 l\u2019a\u00e9roport (horaires d\u2019ouverture 08:00 - 21:00) se font sans frais. Livraisons\/ prises en charge aux localisations ci-dessus faites &nbsp;en dehors d\u2019horaires d\u2019ouverture sont charg\u00e9es d\u2019un co\u00fbt suppl\u00e9mentaire de 20\u20ac.<\/p>\n\n\n\n<p>Il est possible de vous d\u00e9livrer\/prendre en charge le v\u00e9hicule lou\u00e9 \u00e0 d\u2019autres sites de l\u2019ile, comme par exemple \u00e0 &nbsp;Dryos, Logaras, Piso Livadi, Lefkes ou n\u2019 importe o\u00f9 \u00e0 Paros &nbsp;en consultation avec le service de r\u00e9servations. Le co\u00fbt de ce service est calcul\u00e9 selon les kilom\u00e8tres parcourus et l\u2019heure de prise en charge\/livraison.<\/p>\n\n\n\n<p><strong>Les livraisons \/ prises en charge &nbsp;en dehors de l'a\u00e9roport et de Parikia&nbsp; NE sont PAS effectu\u00e9s \u00e0 la derni\u00e8re minute.<\/strong><\/p>\n","protected":false},"excerpt":{"rendered":"<p>Livraison - Prise en charge de v\u00e9hicule La soci\u00e9t\u00e9 D K Rentals d\u00e9livre et prend en charge des v\u00e9hicules &nbsp;sur l\u2019ile enti\u00e8re de Paros. Les livraisons\/prises en charge sur le port et les alentours &nbsp;de Paroikia ou \u00e9galement &nbsp;\u00e0 l\u2019a\u00e9roport (horaires d\u2019ouverture 08:00 - 21:00) se font sans frais. Livraisons\/ prises en charge aux localisations &hellip; <\/p>\n<p class=\"link-more\"><a href=\"https:\/\/dkrentalsparos.com\/fr\/services\/\" class=\"more-link\"><span class=\"screen-reader-text\"> prova \"Services\"<\/span><\/a><\/p>\n","protected":false},"author":1,"featured_media":2811,"parent":0,"menu_order":0,"comment_status":"closed","ping_status":"closed","template":"","meta":{"footnotes":""},"class_list":["post-2809","page","type-page","status-publish","has-post-thumbnail","hentry"],"yoast_head":"<!-- This site is optimized with the Yoast SEO plugin v27.1.1 - https:\/\/yoast.com\/product\/yoast-seo-wordpress\/ -->\n<title>Extra srevices DK Rentals i\u00e0 Paros - Livraison de vechicle &amp; bagages \u00e0 Paros<\/title>\n<meta name=\"description\" content=\"DK Rentals \u00e0 Paros offre la possibilit\u00e9 de livraison et r\u00e9ception du v\u00e9hicule et de transport de vos bagages partout \u00e0 Paros.\" \/>\n<meta name=\"robots\" content=\"index, follow, max-snippet:-1, max-image-preview:large, max-video-preview:-1\" \/>\n<link rel=\"canonical\" href=\"https:\/\/dkrentalsparos.com\/fr\/services\/\" \/>\n<meta property=\"og:locale\" content=\"fr_FR\" \/>\n<meta property=\"og:type\" content=\"article\" \/>\n<meta property=\"og:title\" content=\"Extra srevices DK Rentals i\u00e0 Paros - Livraison de vechicle &amp; bagages \u00e0 Paros\" \/>\n<meta property=\"og:description\" content=\"DK Rentals \u00e0 Paros offre la possibilit\u00e9 de livraison et r\u00e9ception du v\u00e9hicule et de transport de vos bagages partout \u00e0 Paros.\" \/>\n<meta property=\"og:url\" content=\"https:\/\/dkrentalsparos.com\/fr\/services\/\" \/>\n<meta property=\"og:site_name\" content=\"DK Rentals \u00e0 Paros\" \/>\n<meta property=\"article:modified_time\" content=\"2022-12-26T15:25:50+00:00\" \/>\n<meta property=\"og:image\" content=\"https:\/\/dkrentalsparos.com\/wp-content\/uploads\/2021\/02\/services-dk-rentals-1600-700.jpg\" \/>\n\t<meta property=\"og:image:width\" content=\"1600\" \/>\n\t<meta property=\"og:image:height\" content=\"700\" \/>\n\t<meta property=\"og:image:type\" content=\"image\/jpeg\" \/>\n<meta name=\"twitter:card\" content=\"summary_large_image\" \/>\n<meta name=\"twitter:label1\" content=\"Dur\u00e9e de lecture estim\u00e9e\" \/>\n\t<meta name=\"twitter:data1\" content=\"1 minute\" \/>\n<script type=\"application\/ld+json\" class=\"yoast-schema-graph\">{\"@context\":\"https:\/\/schema.org\",\"@graph\":[{\"@type\":\"WebPage\",\"@id\":\"https:\/\/dkrentalsparos.com\/fr\/services\/\",\"url\":\"https:\/\/dkrentalsparos.com\/fr\/services\/\",\"name\":\"Extra srevices DK Rentals i\u00e0 Paros - Livraison de vechicle & bagages \u00e0 Paros\",\"isPartOf\":{\"@id\":\"https:\/\/dkrentalsparos.com\/fr\/#website\"},\"primaryImageOfPage\":{\"@id\":\"https:\/\/dkrentalsparos.com\/fr\/services\/#primaryimage\"},\"image\":{\"@id\":\"https:\/\/dkrentalsparos.com\/fr\/services\/#primaryimage\"},\"thumbnailUrl\":\"https:\/\/dkrentalsparos.com\/wp-content\/uploads\/2021\/02\/services-dk-rentals-1600-700.jpg\",\"datePublished\":\"2021-04-08T16:34:27+00:00\",\"dateModified\":\"2022-12-26T15:25:50+00:00\",\"description\":\"DK Rentals \u00e0 Paros offre la possibilit\u00e9 de livraison et r\u00e9ception du v\u00e9hicule et de transport de vos bagages partout \u00e0 Paros.\",\"breadcrumb\":{\"@id\":\"https:\/\/dkrentalsparos.com\/fr\/services\/#breadcrumb\"},\"inLanguage\":\"fr-FR\",\"potentialAction\":[{\"@type\":\"ReadAction\",\"target\":[\"https:\/\/dkrentalsparos.com\/fr\/services\/\"]}]},{\"@type\":\"ImageObject\",\"inLanguage\":\"fr-FR\",\"@id\":\"https:\/\/dkrentalsparos.com\/fr\/services\/#primaryimage\",\"url\":\"https:\/\/dkrentalsparos.com\/wp-content\/uploads\/2021\/02\/services-dk-rentals-1600-700.jpg\",\"contentUrl\":\"https:\/\/dkrentalsparos.com\/wp-content\/uploads\/2021\/02\/services-dk-rentals-1600-700.jpg\",\"width\":1600,\"height\":700},{\"@type\":\"BreadcrumbList\",\"@id\":\"https:\/\/dkrentalsparos.com\/fr\/services\/#breadcrumb\",\"itemListElement\":[{\"@type\":\"ListItem\",\"position\":1,\"name\":\"Home\",\"item\":\"https:\/\/dkrentalsparos.com\/fr\/\"},{\"@type\":\"ListItem\",\"position\":2,\"name\":\"Services\"}]},{\"@type\":\"WebSite\",\"@id\":\"https:\/\/dkrentalsparos.com\/fr\/#website\",\"url\":\"https:\/\/dkrentalsparos.com\/fr\/\",\"name\":\"DK Rentals \u00e0 Paros\",\"description\":\"DK Rentals \u00e0 Paros\",\"publisher\":{\"@id\":\"https:\/\/dkrentalsparos.com\/fr\/#organization\"},\"potentialAction\":[{\"@type\":\"SearchAction\",\"target\":{\"@type\":\"EntryPoint\",\"urlTemplate\":\"https:\/\/dkrentalsparos.com\/fr\/?s={search_term_string}\"},\"query-input\":{\"@type\":\"PropertyValueSpecification\",\"valueRequired\":true,\"valueName\":\"search_term_string\"}}],\"inLanguage\":\"fr-FR\"},{\"@type\":\"Organization\",\"@id\":\"https:\/\/dkrentalsparos.com\/fr\/#organization\",\"name\":\"DK Rentals Paros\",\"url\":\"https:\/\/dkrentalsparos.com\/fr\/\",\"logo\":{\"@type\":\"ImageObject\",\"inLanguage\":\"fr-FR\",\"@id\":\"https:\/\/dkrentalsparos.com\/fr\/#\/schema\/logo\/image\/\",\"url\":\"https:\/\/dkrentalsparos.com\/wp-content\/uploads\/2021\/02\/dk-rentals-petrol-new.png\",\"contentUrl\":\"https:\/\/dkrentalsparos.com\/wp-content\/uploads\/2021\/02\/dk-rentals-petrol-new.png\",\"width\":260,\"height\":69,\"caption\":\"DK Rentals Paros\"},\"image\":{\"@id\":\"https:\/\/dkrentalsparos.com\/fr\/#\/schema\/logo\/image\/\"}}]}<\/script>\n<!-- \/ Yoast SEO plugin. -->","yoast_head_json":{"title":"Extra srevices DK Rentals i\u00e0 Paros - Livraison de vechicle & bagages \u00e0 Paros","description":"DK Rentals \u00e0 Paros offre la possibilit\u00e9 de livraison et r\u00e9ception du v\u00e9hicule et de transport de vos bagages partout \u00e0 Paros.","robots":{"index":"index","follow":"follow","max-snippet":"max-snippet:-1","max-image-preview":"max-image-preview:large","max-video-preview":"max-video-preview:-1"},"canonical":"https:\/\/dkrentalsparos.com\/fr\/services\/","og_locale":"fr_FR","og_type":"article","og_title":"Extra srevices DK Rentals i\u00e0 Paros - Livraison de vechicle & bagages \u00e0 Paros","og_description":"DK Rentals \u00e0 Paros offre la possibilit\u00e9 de livraison et r\u00e9ception du v\u00e9hicule et de transport de vos bagages partout \u00e0 Paros.","og_url":"https:\/\/dkrentalsparos.com\/fr\/services\/","og_site_name":"DK Rentals \u00e0 Paros","article_modified_time":"2022-12-26T15:25:50+00:00","og_image":[{"width":1600,"height":700,"url":"https:\/\/dkrentalsparos.com\/wp-content\/uploads\/2021\/02\/services-dk-rentals-1600-700.jpg","type":"image\/jpeg"}],"twitter_card":"summary_large_image","twitter_misc":{"Dur\u00e9e de lecture estim\u00e9e":"1 minute"},"schema":{"@context":"https:\/\/schema.org","@graph":[{"@type":"WebPage","@id":"https:\/\/dkrentalsparos.com\/fr\/services\/","url":"https:\/\/dkrentalsparos.com\/fr\/services\/","name":"Extra srevices DK Rentals i\u00e0 Paros - Livraison de vechicle & bagages \u00e0 Paros","isPartOf":{"@id":"https:\/\/dkrentalsparos.com\/fr\/#website"},"primaryImageOfPage":{"@id":"https:\/\/dkrentalsparos.com\/fr\/services\/#primaryimage"},"image":{"@id":"https:\/\/dkrentalsparos.com\/fr\/services\/#primaryimage"},"thumbnailUrl":"https:\/\/dkrentalsparos.com\/wp-content\/uploads\/2021\/02\/services-dk-rentals-1600-700.jpg","datePublished":"2021-04-08T16:34:27+00:00","dateModified":"2022-12-26T15:25:50+00:00","description":"DK Rentals \u00e0 Paros offre la possibilit\u00e9 de livraison et r\u00e9ception du v\u00e9hicule et de transport de vos bagages partout \u00e0 Paros.","breadcrumb":{"@id":"https:\/\/dkrentalsparos.com\/fr\/services\/#breadcrumb"},"inLanguage":"fr-FR","potentialAction":[{"@type":"ReadAction","target":["https:\/\/dkrentalsparos.com\/fr\/services\/"]}]},{"@type":"ImageObject","inLanguage":"fr-FR","@id":"https:\/\/dkrentalsparos.com\/fr\/services\/#primaryimage","url":"https:\/\/dkrentalsparos.com\/wp-content\/uploads\/2021\/02\/services-dk-rentals-1600-700.jpg","contentUrl":"https:\/\/dkrentalsparos.com\/wp-content\/uploads\/2021\/02\/services-dk-rentals-1600-700.jpg","width":1600,"height":700},{"@type":"BreadcrumbList","@id":"https:\/\/dkrentalsparos.com\/fr\/services\/#breadcrumb","itemListElement":[{"@type":"ListItem","position":1,"name":"Home","item":"https:\/\/dkrentalsparos.com\/fr\/"},{"@type":"ListItem","position":2,"name":"Services"}]},{"@type":"WebSite","@id":"https:\/\/dkrentalsparos.com\/fr\/#website","url":"https:\/\/dkrentalsparos.com\/fr\/","name":"DK Rentals \u00e0 Paros","description":"DK Rentals \u00e0 Paros","publisher":{"@id":"https:\/\/dkrentalsparos.com\/fr\/#organization"},"potentialAction":[{"@type":"SearchAction","target":{"@type":"EntryPoint","urlTemplate":"https:\/\/dkrentalsparos.com\/fr\/?s={search_term_string}"},"query-input":{"@type":"PropertyValueSpecification","valueRequired":true,"valueName":"search_term_string"}}],"inLanguage":"fr-FR"},{"@type":"Organization","@id":"https:\/\/dkrentalsparos.com\/fr\/#organization","name":"DK Rentals Paros","url":"https:\/\/dkrentalsparos.com\/fr\/","logo":{"@type":"ImageObject","inLanguage":"fr-FR","@id":"https:\/\/dkrentalsparos.com\/fr\/#\/schema\/logo\/image\/","url":"https:\/\/dkrentalsparos.com\/wp-content\/uploads\/2021\/02\/dk-rentals-petrol-new.png","contentUrl":"https:\/\/dkrentalsparos.com\/wp-content\/uploads\/2021\/02\/dk-rentals-petrol-new.png","width":260,"height":69,"caption":"DK Rentals Paros"},"image":{"@id":"https:\/\/dkrentalsparos.com\/fr\/#\/schema\/logo\/image\/"}}]}},"_links":{"self":[{"href":"https:\/\/dkrentalsparos.com\/fr\/wp-json\/wp\/v2\/pages\/2809","targetHints":{"allow":["GET"]}}],"collection":[{"href":"https:\/\/dkrentalsparos.com\/fr\/wp-json\/wp\/v2\/pages"}],"about":[{"href":"https:\/\/dkrentalsparos.com\/fr\/wp-json\/wp\/v2\/types\/page"}],"author":[{"embeddable":true,"href":"https:\/\/dkrentalsparos.com\/fr\/wp-json\/wp\/v2\/users\/1"}],"replies":[{"embeddable":true,"href":"https:\/\/dkrentalsparos.com\/fr\/wp-json\/wp\/v2\/comments?post=2809"}],"version-history":[{"count":8,"href":"https:\/\/dkrentalsparos.com\/fr\/wp-json\/wp\/v2\/pages\/2809\/revisions"}],"predecessor-version":[{"id":3717,"href":"https:\/\/dkrentalsparos.com\/fr\/wp-json\/wp\/v2\/pages\/2809\/revisions\/3717"}],"wp:featuredmedia":[{"embeddable":true,"href":"https:\/\/dkrentalsparos.com\/fr\/wp-json\/wp\/v2\/media\/2811"}],"wp:attachment":[{"href":"https:\/\/dkrentalsparos.com\/fr\/wp-json\/wp\/v2\/media?parent=2809"}],"curies":[{"name":"wp","href":"https:\/\/api.w.org\/{rel}","templated":true}]}}