{"id":2816,"date":"2021-04-09T06:46:40","date_gmt":"2021-04-09T03:46:40","guid":{"rendered":"https:\/\/dkrentalsparos.com\/?page_id=2816"},"modified":"2021-04-10T18:27:21","modified_gmt":"2021-04-10T15:27:21","slug":"reservez-maintenant","status":"publish","type":"page","link":"https:\/\/dkrentalsparos.com\/fr\/reservez-maintenant\/","title":{"rendered":"R\u00e9servez maintenant"},"content":{"rendered":"\n<div class=\"wrap plugin-container\">\n\n\t\n\t\n\t\t\t<script type=\"text\/javascript\">\n\t\tjQuery(document).ready(function() {\n\t\t\tjQuery(\".vrcmodal\").fancybox({\n\t\t\t\ttype: \"iframe\",\n\t\t\t\tiframe: {\n\t\t\t\t\tcss: {\n\t\t\t\t\t\twidth: \"75%\",\n\t\t\t\t\t\theight: \"75%\"\n\t\t\t\t\t}\n\t\t\t\t}\n\t\t\t});\n\t\t});\n\t\t<\/script>\n\t\t<h3 class=\"vrc-main-title\">DK Rentals Paros<\/h3><div class=\"vrcdivsearch\"><div class=\"vrcdivsearch-inner\"><form action=\"https:\/\/dkrentalsparos.com\/fr\/reservez-maintenant\/?option=com_vikrentcar\" method=\"post\" onsubmit=\"return vrcValidateSearch();\">\n<input type=\"hidden\" name=\"option\" value=\"com_vikrentcar\"\/>\n<input type=\"hidden\" name=\"task\" value=\"search\"\/>\n<div class=\"vrc-searchf-section-locations\">\n<div class=\"vrcsfentrycont\"><label for=\"place\">Site de retrait<\/label><div class=\"vrcsfentryselect\"><select name=\"place\" id=\"place\"><option value=\"4\" id=\"place4\">BUREAU CENTRAL (A 450 m\u00e8tres du port de Paros)<\/option>\n<option value=\"2\" id=\"place2\">AEROPORT DE PAROS<\/option>\n<option value=\"3\" id=\"place3\">H\u00d4TEL \/ VILLA (PARIKIA, KRIOS)<\/option>\n<option value=\"5\" id=\"place5\">H\u00d4TEL \/ VILLA (NAOUSA)<\/option>\n<option value=\"6\" id=\"place6\">H\u00d4TEL \/ VILLA (AUTRE LIEU)<\/option>\n<\/select><\/div><\/div>\n<div class=\"vrcsfentrycont\"><label for=\"returnplace\">Site de remise<\/label><div class=\"vrcsfentryselect\"><select name=\"returnplace\" id=\"returnplace\"><option value=\"4\" id=\"returnplace4\">BUREAU CENTRAL (A 450 m\u00e8tres du port de Paros)<\/option>\n<option value=\"2\" id=\"returnplace2\">AEROPORT DE PAROS<\/option>\n<option value=\"3\" id=\"returnplace3\">H\u00d4TEL \/ VILLA (PARIKIA, KRIOS)<\/option>\n<option value=\"5\" id=\"returnplace5\">H\u00d4TEL \/ VILLA (NAOUSA)<\/option>\n<option value=\"6\" id=\"returnplace6\">H\u00d4TEL \/ VILLA (AUTRE LIEU)<\/option>\n<\/select><\/div><\/div>\n<\/div>\n<div class=\"vrc-searchf-section-datetimes\">\n<div class=\"vrcsfentrycont\"><div class=\"vrcsfentrylabsel\"><label for=\"pickupdate\">Date de retrait<\/label><div class=\"vrcsfentrydate\"><input type=\"text\" name=\"pickupdate\" id=\"pickupdate\" size=\"10\" autocomplete=\"off\" onfocus=\"this.blur();\" readonly\/><i class=\"far fa-calendar-alt vrc-caltrigger\"><\/i><\/div><\/div><div class=\"vrcsfentrytime\"><label>Heure de retrait<\/label><div class=\"vrc-sf-time-container\"><span id=\"vrccomselph\"><select name=\"pickuph\"><option value=\"0\">00<\/option>\n<option value=\"1\">01<\/option>\n<option value=\"2\">02<\/option>\n<option value=\"3\">03<\/option>\n<option value=\"4\">04<\/option>\n<option value=\"5\">05<\/option>\n<option value=\"6\">06<\/option>\n<option value=\"7\">07<\/option>\n<option value=\"8\">08<\/option>\n<option value=\"9\" selected=\"selected\">09<\/option>\n<option value=\"10\">10<\/option>\n<option value=\"11\">11<\/option>\n<option value=\"12\">12<\/option>\n<option value=\"13\">13<\/option>\n<option value=\"14\">14<\/option>\n<option value=\"15\">15<\/option>\n<option value=\"16\">16<\/option>\n<option value=\"17\">17<\/option>\n<option value=\"18\">18<\/option>\n<option value=\"19\">19<\/option>\n<option value=\"20\">20<\/option>\n<option value=\"21\">21<\/option>\n<option value=\"22\">22<\/option>\n<option value=\"23\">23<\/option>\n<\/select><\/span><span class=\"vrctimesep\">:<\/span><span id=\"vrccomselpm\"><select name=\"pickupm\"><option value=\"0\" selected=\"selected\">00<\/option>\n<option value=\"15\">15<\/option>\n<option value=\"30\">30<\/option>\n<option value=\"45\">45<\/option>\n<\/select><\/span><\/div><\/div><\/div>\n<div class=\"vrcsfentrycont\"><div class=\"vrcsfentrylabsel\"><label for=\"releasedate\">Date de remise<\/label><div class=\"vrcsfentrydate\"><input type=\"text\" name=\"releasedate\" id=\"releasedate\" size=\"10\" autocomplete=\"off\" onfocus=\"this.blur();\" readonly\/><i class=\"far fa-calendar-alt vrc-caltrigger\"><\/i><\/div><\/div><div class=\"vrcsfentrytime\"><label>Heure de remise<\/label><div class=\"vrc-sf-time-container\"><span id=\"vrccomseldh\"><select name=\"releaseh\"><option value=\"0\">00<\/option>\n<option value=\"1\">01<\/option>\n<option value=\"2\">02<\/option>\n<option value=\"3\">03<\/option>\n<option value=\"4\">04<\/option>\n<option value=\"5\">05<\/option>\n<option value=\"6\">06<\/option>\n<option value=\"7\">07<\/option>\n<option value=\"8\">08<\/option>\n<option value=\"9\" selected=\"selected\">09<\/option>\n<option value=\"10\">10<\/option>\n<option value=\"11\">11<\/option>\n<option value=\"12\">12<\/option>\n<option value=\"13\">13<\/option>\n<option value=\"14\">14<\/option>\n<option value=\"15\">15<\/option>\n<option value=\"16\">16<\/option>\n<option value=\"17\">17<\/option>\n<option value=\"18\">18<\/option>\n<option value=\"19\">19<\/option>\n<option value=\"20\">20<\/option>\n<option value=\"21\">21<\/option>\n<option value=\"22\">22<\/option>\n<option value=\"23\">23<\/option>\n<\/select><\/span><span class=\"vrctimesep\">:<\/span><span id=\"vrccomseldm\"><select name=\"releasem\"><option value=\"0\" selected=\"selected\">00<\/option>\n<option value=\"15\">15<\/option>\n<option value=\"30\">30<\/option>\n<option value=\"45\">45<\/option>\n<\/select><\/span><\/div><\/div><\/div><\/div>\n<div class=\"vrc-searchf-section-categories\"><div class=\"vrcsfentrycont\"><label for=\"vrc-categories\">Cat\u00e9gorie<\/label><div class=\"vrcsfentryselect\"><select id=\"vrc-categories\" name=\"categories\"><option value=\"all\">Tout<\/option>\n<option value=\"1\">Voitures<\/option>\n<option value=\"3\">Scooters<\/option>\n<option value=\"2\">Quads \/ Atvs<\/option>\n<option value=\"15\">Buggies<\/option>\n<option value=\"21\">Motos<\/option>\n<\/select><\/div><\/div>\n<\/div><div class=\"vrc-searchf-section-sbmt\"><div class=\"vrcsfentrycont\"><div class=\"vrcsfentrysubmit\"><input type=\"submit\" name=\"search\" value=\"Chercher\" class=\"btn vrc-search-btn vrc-pref-color-btn\"\/><\/div><\/div>\n<\/div><\/div>\n<div class=\"vrclocationsbox\"><div class=\"vrclocationsmapdiv\"><a href=\"https:\/\/dkrentalsparos.com\/cars\/?view=locationsmap&tmpl=component\" class=\"vrcmodal\" target=\"_blank\"><i class=\"fas fa-map-marked-alt\"><\/i> <span>Voir la carte des Agences<\/span><\/a><\/div><\/div><\/form><\/div><\/br><\/br><h6>Politique d\u2019annulation de r\u00e9servation<\/h6>\r\n<ul><li>En cas d\u2019annulation de la r\u00e9servation (pour quelque raison que ce soit) jusqu\u2019\u00e0 1 mois avant l\u2019arriv\u00e9e, l\u2019acompte est remboursable \u00e0 100%.<\/li>\r\n<li>En cas d\u2019annulation de la r\u00e9servation (pour une raison quelconque)  jusqu\u2019 \u00e0 21 jours avant l\u2019arriv\u00e9e,  le pr\u00e9paiement d\u00e9j\u00e0 effectu\u00e9 sera  rembours\u00e9 \u00e0  50%.<\/li>\r\n<li>En cas d\u2019annulation de la r\u00e9servation (pour une raison quelconque)  \u00e0 l\u2019int\u00e9rieur de 21 derniers jours avant l\u2019arriv\u00e9e, le pr\u00e9paiement d\u00e9j\u00e0 effectu\u00e9 ne  sera  pas rembours\u00e9.<\/li>\r\n<li>Si le locataire ne remplit pas les conditions necessaires (permis de conduire, \u00e2ge, carte de cr\u00e9dit), DK Rentals n\u2019est pas responsable et peut annuler la r\u00e9servation sans remboursement de l\u2019acompte..<\/li><li>Il est \u00e0 noter que DK Rentals n\u2019est pas responsable en cas d\u2019annulations \/ retards des avions. Dans ce cas, le locataire doit informer la soci\u00e9t\u00e9 \u00e0 l\u2019heure afin de modifier sa r\u00e9servation.<\/li><\/ul>\t<script type=\"text\/javascript\">\n\tfunction vrcCleanNumber(snum) {\n\t\tif (snum.length > 1 && snum.substr(0, 1) == '0') {\n\t\t\treturn parseInt(snum.substr(1));\n\t\t}\n\t\treturn parseInt(snum);\n\t}\n\tfunction vrcValidateSearch() {\n\t\tif (typeof jQuery === 'undefined' || typeof vrc_wopening_pick === 'undefined') {\n\t\t\treturn true;\n\t\t}\n\t\tif (vrc_mopening_pick !== null) {\n\t\t\t\/\/ pickup time\n\t\t\tvar pickh = jQuery('#vrccomselph').find('select').val();\n\t\t\tvar pickm = jQuery('#vrccomselpm').find('select').val();\n\t\t\tif (!pickh || !pickh.length || !pickm) {\n\t\t\t\treturn true;\n\t\t\t}\n\t\t\tpickh = vrcCleanNumber(pickh);\n\t\t\tpickm = vrcCleanNumber(pickm);\n\t\t\tif (pickh == vrc_mopening_pick[0]) {\n\t\t\t\tif (pickm < vrc_mopening_pick[1]) {\n\t\t\t\t\t\/\/ location is still closed at this time\n\t\t\t\t\tjQuery('#vrccomselpm').find('select').html('<option value=\"'+vrc_mopening_pick[1]+'\">'+(vrc_mopening_pick[1] < 10 ? '0'+vrc_mopening_pick[1] : vrc_mopening_pick[1])+'<\/option>').val(vrc_mopening_pick[1]);\n\t\t\t\t}\n\t\t\t}\n\t\t\tif (pickh == vrc_mopening_pick[2]) {\n\t\t\t\tif (pickm > vrc_mopening_pick[3]) {\n\t\t\t\t\t\/\/ location is already closed at this time for a pick up\n\t\t\t\t\tjQuery('#vrccomselpm').find('select').html('<option value=\"'+vrc_mopening_pick[3]+'\">'+(vrc_mopening_pick[3] < 10 ? '0'+vrc_mopening_pick[3] : vrc_mopening_pick[3])+'<\/option>').val(vrc_mopening_pick[3]);\n\t\t\t\t}\n\t\t\t}\n\t\t}\n\n\t\tif (vrc_mopening_drop !== null) {\n\t\t\t\/\/ dropoff time\n\t\t\tvar droph = jQuery('#vrccomseldh').find('select').val();\n\t\t\tvar dropm = jQuery('#vrccomseldm').find('select').val();\n\t\t\tif (!droph || !droph.length || !dropm) {\n\t\t\t\treturn true;\n\t\t\t}\n\t\t\tdroph = vrcCleanNumber(droph);\n\t\t\tdropm = vrcCleanNumber(dropm);\n\t\t\tif (droph == vrc_mopening_drop[0]) {\n\t\t\t\tif (dropm > vrc_mopening_drop[1]) {\n\t\t\t\t\t\/\/ location is already closed at this time\n\t\t\t\t\tjQuery('#vrccomseldm').find('select').html('<option value=\"'+vrc_mopening_drop[1]+'\">'+(vrc_mopening_drop[1] < 10 ? '0'+vrc_mopening_drop[1] : vrc_mopening_drop[1])+'<\/option>').val(vrc_mopening_drop[1]);\n\t\t\t\t}\n\t\t\t}\n\t\t\tif (droph == vrc_mopening_drop[2]) {\n\t\t\t\tif (dropm < vrc_mopening_drop[3]) {\n\t\t\t\t\t\/\/ location is still closed at this time for a drop off\n\t\t\t\t\tjQuery('#vrccomseldm').find('select').html('<option value=\"'+vrc_mopening_drop[3]+'\">'+(vrc_mopening_drop[3] < 10 ? '0'+vrc_mopening_drop[3] : vrc_mopening_drop[3])+'<\/option>').val(vrc_mopening_drop[3]);\n\t\t\t\t}\n\t\t\t}\n\t\t}\n\n\t\treturn true;\n\t}\n\t<\/script>\n\t\n<\/div>\n\n","protected":false},"excerpt":{"rendered":"","protected":false},"author":1,"featured_media":0,"parent":0,"menu_order":0,"comment_status":"closed","ping_status":"closed","template":"","meta":{"footnotes":""},"class_list":["post-2816","page","type-page","status-publish","hentry"],"yoast_head":"<!-- This site is optimized with the Yoast SEO plugin v27.1.1 - https:\/\/yoast.com\/product\/yoast-seo-wordpress\/ -->\n<title>R\u00e9servez maintenant avec jusqu&#039;\u00e0 15% de r\u00e9duction - DK Rentals \u00e0 Paros<\/title>\n<meta name=\"description\" content=\"R\u00e9servations en ligne avec jusqu&#039;\u00e0 15% de r\u00e9duction. Offres de location longue dur\u00e9e pour tous les v\u00e9hicules. Louez une voiture \u00e0 Paros au meilleur prix.\" \/>\n<meta name=\"robots\" content=\"index, follow, max-snippet:-1, max-image-preview:large, max-video-preview:-1\" \/>\n<link rel=\"canonical\" href=\"https:\/\/dkrentalsparos.com\/fr\/reservez-maintenant\/\" \/>\n<meta property=\"og:locale\" content=\"fr_FR\" \/>\n<meta property=\"og:type\" content=\"article\" \/>\n<meta property=\"og:title\" content=\"R\u00e9servez maintenant avec jusqu&#039;\u00e0 15% de r\u00e9duction - DK Rentals \u00e0 Paros\" \/>\n<meta property=\"og:description\" content=\"R\u00e9servations en ligne avec jusqu&#039;\u00e0 15% de r\u00e9duction. Offres de location longue dur\u00e9e pour tous les v\u00e9hicules. Louez une voiture \u00e0 Paros au meilleur prix.\" \/>\n<meta property=\"og:url\" content=\"https:\/\/dkrentalsparos.com\/fr\/reservez-maintenant\/\" \/>\n<meta property=\"og:site_name\" content=\"DK Rentals \u00e0 Paros\" \/>\n<meta property=\"article:modified_time\" content=\"2021-04-10T15:27:21+00:00\" \/>\n<meta name=\"twitter:card\" content=\"summary_large_image\" \/>\n<meta name=\"twitter:label1\" content=\"Dur\u00e9e de lecture estim\u00e9e\" \/>\n\t<meta name=\"twitter:data1\" content=\"1 minute\" \/>\n<script type=\"application\/ld+json\" class=\"yoast-schema-graph\">{\"@context\":\"https:\/\/schema.org\",\"@graph\":[{\"@type\":\"WebPage\",\"@id\":\"https:\/\/dkrentalsparos.com\/fr\/reservez-maintenant\/\",\"url\":\"https:\/\/dkrentalsparos.com\/fr\/reservez-maintenant\/\",\"name\":\"R\u00e9servez maintenant avec jusqu'\u00e0 15% de r\u00e9duction - DK Rentals \u00e0 Paros\",\"isPartOf\":{\"@id\":\"https:\/\/dkrentalsparos.com\/fr\/#website\"},\"datePublished\":\"2021-04-09T03:46:40+00:00\",\"dateModified\":\"2021-04-10T15:27:21+00:00\",\"description\":\"R\u00e9servations en ligne avec jusqu'\u00e0 15% de r\u00e9duction. Offres de location longue dur\u00e9e pour tous les v\u00e9hicules. Louez une voiture \u00e0 Paros au meilleur prix.\",\"breadcrumb\":{\"@id\":\"https:\/\/dkrentalsparos.com\/fr\/reservez-maintenant\/#breadcrumb\"},\"inLanguage\":\"fr-FR\",\"potentialAction\":[{\"@type\":\"ReadAction\",\"target\":[\"https:\/\/dkrentalsparos.com\/fr\/reservez-maintenant\/\"]}]},{\"@type\":\"BreadcrumbList\",\"@id\":\"https:\/\/dkrentalsparos.com\/fr\/reservez-maintenant\/#breadcrumb\",\"itemListElement\":[{\"@type\":\"ListItem\",\"position\":1,\"name\":\"Home\",\"item\":\"https:\/\/dkrentalsparos.com\/fr\/\"},{\"@type\":\"ListItem\",\"position\":2,\"name\":\"R\u00e9servez maintenant\"}]},{\"@type\":\"WebSite\",\"@id\":\"https:\/\/dkrentalsparos.com\/fr\/#website\",\"url\":\"https:\/\/dkrentalsparos.com\/fr\/\",\"name\":\"DK Rentals \u00e0 Paros\",\"description\":\"DK Rentals \u00e0 Paros\",\"publisher\":{\"@id\":\"https:\/\/dkrentalsparos.com\/fr\/#organization\"},\"potentialAction\":[{\"@type\":\"SearchAction\",\"target\":{\"@type\":\"EntryPoint\",\"urlTemplate\":\"https:\/\/dkrentalsparos.com\/fr\/?s={search_term_string}\"},\"query-input\":{\"@type\":\"PropertyValueSpecification\",\"valueRequired\":true,\"valueName\":\"search_term_string\"}}],\"inLanguage\":\"fr-FR\"},{\"@type\":\"Organization\",\"@id\":\"https:\/\/dkrentalsparos.com\/fr\/#organization\",\"name\":\"DK Rentals Paros\",\"url\":\"https:\/\/dkrentalsparos.com\/fr\/\",\"logo\":{\"@type\":\"ImageObject\",\"inLanguage\":\"fr-FR\",\"@id\":\"https:\/\/dkrentalsparos.com\/fr\/#\/schema\/logo\/image\/\",\"url\":\"https:\/\/dkrentalsparos.com\/wp-content\/uploads\/2021\/02\/dk-rentals-petrol-new.png\",\"contentUrl\":\"https:\/\/dkrentalsparos.com\/wp-content\/uploads\/2021\/02\/dk-rentals-petrol-new.png\",\"width\":260,\"height\":69,\"caption\":\"DK Rentals Paros\"},\"image\":{\"@id\":\"https:\/\/dkrentalsparos.com\/fr\/#\/schema\/logo\/image\/\"}}]}<\/script>\n<!-- \/ Yoast SEO plugin. -->","yoast_head_json":{"title":"R\u00e9servez maintenant avec jusqu'\u00e0 15% de r\u00e9duction - DK Rentals \u00e0 Paros","description":"R\u00e9servations en ligne avec jusqu'\u00e0 15% de r\u00e9duction. Offres de location longue dur\u00e9e pour tous les v\u00e9hicules. Louez une voiture \u00e0 Paros au meilleur prix.","robots":{"index":"index","follow":"follow","max-snippet":"max-snippet:-1","max-image-preview":"max-image-preview:large","max-video-preview":"max-video-preview:-1"},"canonical":"https:\/\/dkrentalsparos.com\/fr\/reservez-maintenant\/","og_locale":"fr_FR","og_type":"article","og_title":"R\u00e9servez maintenant avec jusqu'\u00e0 15% de r\u00e9duction - DK Rentals \u00e0 Paros","og_description":"R\u00e9servations en ligne avec jusqu'\u00e0 15% de r\u00e9duction. Offres de location longue dur\u00e9e pour tous les v\u00e9hicules. Louez une voiture \u00e0 Paros au meilleur prix.","og_url":"https:\/\/dkrentalsparos.com\/fr\/reservez-maintenant\/","og_site_name":"DK Rentals \u00e0 Paros","article_modified_time":"2021-04-10T15:27:21+00:00","twitter_card":"summary_large_image","twitter_misc":{"Dur\u00e9e de lecture estim\u00e9e":"1 minute"},"schema":{"@context":"https:\/\/schema.org","@graph":[{"@type":"WebPage","@id":"https:\/\/dkrentalsparos.com\/fr\/reservez-maintenant\/","url":"https:\/\/dkrentalsparos.com\/fr\/reservez-maintenant\/","name":"R\u00e9servez maintenant avec jusqu'\u00e0 15% de r\u00e9duction - DK Rentals \u00e0 Paros","isPartOf":{"@id":"https:\/\/dkrentalsparos.com\/fr\/#website"},"datePublished":"2021-04-09T03:46:40+00:00","dateModified":"2021-04-10T15:27:21+00:00","description":"R\u00e9servations en ligne avec jusqu'\u00e0 15% de r\u00e9duction. Offres de location longue dur\u00e9e pour tous les v\u00e9hicules. Louez une voiture \u00e0 Paros au meilleur prix.","breadcrumb":{"@id":"https:\/\/dkrentalsparos.com\/fr\/reservez-maintenant\/#breadcrumb"},"inLanguage":"fr-FR","potentialAction":[{"@type":"ReadAction","target":["https:\/\/dkrentalsparos.com\/fr\/reservez-maintenant\/"]}]},{"@type":"BreadcrumbList","@id":"https:\/\/dkrentalsparos.com\/fr\/reservez-maintenant\/#breadcrumb","itemListElement":[{"@type":"ListItem","position":1,"name":"Home","item":"https:\/\/dkrentalsparos.com\/fr\/"},{"@type":"ListItem","position":2,"name":"R\u00e9servez maintenant"}]},{"@type":"WebSite","@id":"https:\/\/dkrentalsparos.com\/fr\/#website","url":"https:\/\/dkrentalsparos.com\/fr\/","name":"DK Rentals \u00e0 Paros","description":"DK Rentals \u00e0 Paros","publisher":{"@id":"https:\/\/dkrentalsparos.com\/fr\/#organization"},"potentialAction":[{"@type":"SearchAction","target":{"@type":"EntryPoint","urlTemplate":"https:\/\/dkrentalsparos.com\/fr\/?s={search_term_string}"},"query-input":{"@type":"PropertyValueSpecification","valueRequired":true,"valueName":"search_term_string"}}],"inLanguage":"fr-FR"},{"@type":"Organization","@id":"https:\/\/dkrentalsparos.com\/fr\/#organization","name":"DK Rentals Paros","url":"https:\/\/dkrentalsparos.com\/fr\/","logo":{"@type":"ImageObject","inLanguage":"fr-FR","@id":"https:\/\/dkrentalsparos.com\/fr\/#\/schema\/logo\/image\/","url":"https:\/\/dkrentalsparos.com\/wp-content\/uploads\/2021\/02\/dk-rentals-petrol-new.png","contentUrl":"https:\/\/dkrentalsparos.com\/wp-content\/uploads\/2021\/02\/dk-rentals-petrol-new.png","width":260,"height":69,"caption":"DK Rentals Paros"},"image":{"@id":"https:\/\/dkrentalsparos.com\/fr\/#\/schema\/logo\/image\/"}}]}},"_links":{"self":[{"href":"https:\/\/dkrentalsparos.com\/fr\/wp-json\/wp\/v2\/pages\/2816","targetHints":{"allow":["GET"]}}],"collection":[{"href":"https:\/\/dkrentalsparos.com\/fr\/wp-json\/wp\/v2\/pages"}],"about":[{"href":"https:\/\/dkrentalsparos.com\/fr\/wp-json\/wp\/v2\/types\/page"}],"author":[{"embeddable":true,"href":"https:\/\/dkrentalsparos.com\/fr\/wp-json\/wp\/v2\/users\/1"}],"replies":[{"embeddable":true,"href":"https:\/\/dkrentalsparos.com\/fr\/wp-json\/wp\/v2\/comments?post=2816"}],"version-history":[{"count":1,"href":"https:\/\/dkrentalsparos.com\/fr\/wp-json\/wp\/v2\/pages\/2816\/revisions"}],"predecessor-version":[{"id":2817,"href":"https:\/\/dkrentalsparos.com\/fr\/wp-json\/wp\/v2\/pages\/2816\/revisions\/2817"}],"wp:attachment":[{"href":"https:\/\/dkrentalsparos.com\/fr\/wp-json\/wp\/v2\/media?parent=2816"}],"curies":[{"name":"wp","href":"https:\/\/api.w.org\/{rel}","templated":true}]}}