{"id":3599,"date":"2022-09-21T17:21:05","date_gmt":"2022-09-21T14:21:05","guid":{"rendered":"https:\/\/dkrentalsparos.com\/?page_id=3599"},"modified":"2022-09-21T18:52:55","modified_gmt":"2022-09-21T15:52:55","slug":"nos-meilleurs-partenariats","status":"publish","type":"page","link":"https:\/\/dkrentalsparos.com\/fr\/nos-meilleurs-partenariats\/","title":{"rendered":"Nos meilleurs partenariats \u00e0 Paros"},"content":{"rendered":"<p style=\"text-align: center;\"><b>H\u00f4tels<\/b><br \/>\n<a href=\"https:\/\/akrotirihotel.gr\/\" target=\"_blank\" rel=\"noopener\">Akrotiri<\/a><br \/>\n<a href=\"https:\/\/hotelscheck-in.com\/krotiribay\/fr\/\" target=\"_blank\" rel=\"noopener\">Krotiri Bay<\/a><br \/>\n<a href=\"https:\/\/www.aperado.gr\/fr\/\" target=\"_blank\" rel=\"noopener\">Aperado<\/a><br \/>\n<a href=\"https:\/\/www.whiteblossomparos.com\/\" target=\"_blank\" rel=\"noopener\">White Blossom<\/a><br \/>\n<a href=\"https:\/\/www.mersinaexclusive.com\/fr\/\" target=\"_blank\" rel=\"noopener\">Mersina Exclusive<\/a><\/p>\n<p style=\"text-align: center;\"><b>Villages 5*<\/b><br \/>\n<a href=\"https:\/\/pariliohotelparos.com\/\" target=\"_blank\" rel=\"noopener\">Parilio Hotel<\/a><br \/>\n<a href=\"https:\/\/minois-suites.com\/fr\/\" target=\"_blank\" rel=\"noopener\">Minois Suites<\/a><br \/>\n<a href=\"https:\/\/www.parosagnanti.gr\/\" target=\"_blank\" rel=\"noopener\">Agnanti Hotel<\/a><\/p>\n<p style=\"text-align: center;\"><b>Chambres \u2013 Studios \u2013 Appartements<\/b><br \/>\n<a href=\"https:\/\/loftsapartmentsparos.com\/fr\" target=\"_blank\" rel=\"noopener\">LOFTS the village summer apartments<\/a>\u2013 Appartements familiaux de luxe avec jacuzzi \u00e0 louer \u00e0 Marmara de Paros.<br \/>\n<a href=\"https:\/\/www.ammosluxuryrooms.com\/fr\" target=\"_blank\" rel=\"noopener\">Ammos Luxury Rooms<\/a><br \/>\n<a href=\"https:\/\/hotel-cyclades.com\/fr\/\" target=\"_blank\" rel=\"noopener\">Cyclades Hotel &amp; Studios<\/a><\/p>\n<p style=\"text-align: center;\"><b>Villas<\/b><br \/>\n<a href=\"https:\/\/www.greekvillasboutique.com\/\" target=\"_blank\" rel=\"noopener\">Greek Villas Boutique<\/a><br \/>\n<a href=\"https:\/\/locatecyclades.com\/home\/\" target=\"_blank\" rel=\"noopener\">Locate Cyclades<\/a><br \/>\n<a href=\"https:\/\/www.mythicalvillas.com\/\" target=\"_blank\" rel=\"noopener\">Mythical Villas<\/a><\/p>\n<p style=\"text-align: center;\"><b>Location de bateaux<\/b><br \/>\n<a href=\"http:\/\/www.mythicalcruises.com\/index.php\/en\/\" target=\"_blank\" rel=\"noopener\">Mythical Cruises<\/a><\/p>\n<p style=\"text-align: center;\"><b>Agence de voyages<\/b><br \/>\n<a href=\"https:\/\/polostoursparos.com\/fr\" target=\"_blank\" rel=\"noopener\">Polos Travel Agency<\/a><\/p>\n<p style=\"text-align: center;\">\n<p style=\"text-align: center;\">\n<p style=\"text-align: center;\">\n<p style=\"text-align: center;\">\n","protected":false},"excerpt":{"rendered":"<p>H\u00f4tels Akrotiri Krotiri Bay Aperado White Blossom Mersina Exclusive Villages 5* Parilio Hotel Minois Suites Agnanti Hotel Chambres \u2013 Studios \u2013 Appartements LOFTS the village summer apartments\u2013 Appartements familiaux de luxe avec jacuzzi \u00e0 louer \u00e0 Marmara de Paros. Ammos Luxury Rooms Cyclades Hotel &amp; Studios Villas Greek Villas Boutique Locate Cyclades Mythical Villas Location &hellip; <\/p>\n<p class=\"link-more\"><a href=\"https:\/\/dkrentalsparos.com\/fr\/nos-meilleurs-partenariats\/\" class=\"more-link\"><span class=\"screen-reader-text\"> prova \"Nos meilleurs partenariats \u00e0 Paros\"<\/span><\/a><\/p>\n","protected":false},"author":1,"featured_media":3618,"parent":0,"menu_order":0,"comment_status":"closed","ping_status":"closed","template":"","meta":{"footnotes":""},"class_list":["post-3599","page","type-page","status-publish","has-post-thumbnail","hentry"],"yoast_head":"<!-- This site is optimized with the Yoast SEO plugin v27.1.1 - https:\/\/yoast.com\/product\/yoast-seo-wordpress\/ -->\n<title>Nos meilleurs partenariats \u00e0 Paros - DK Rentals<\/title>\n<meta name=\"description\" content=\"Nos meilleurs partenariats \u00e0 Paros avec des h\u00f4tels, des complexes touristiques 5 \u00e9toiles, des villas et des complexes de chambres et d&#039;appartements \u00e0 louer.\" \/>\n<meta name=\"robots\" content=\"index, follow, max-snippet:-1, max-image-preview:large, max-video-preview:-1\" \/>\n<link rel=\"canonical\" href=\"https:\/\/dkrentalsparos.com\/fr\/nos-meilleurs-partenariats\/\" \/>\n<meta property=\"og:locale\" content=\"fr_FR\" \/>\n<meta property=\"og:type\" content=\"article\" \/>\n<meta property=\"og:title\" content=\"Nos meilleurs partenariats \u00e0 Paros - DK Rentals\" \/>\n<meta property=\"og:description\" content=\"Nos meilleurs partenariats \u00e0 Paros avec des h\u00f4tels, des complexes touristiques 5 \u00e9toiles, des villas et des complexes de chambres et d&#039;appartements \u00e0 louer.\" \/>\n<meta property=\"og:url\" content=\"https:\/\/dkrentalsparos.com\/fr\/nos-meilleurs-partenariats\/\" \/>\n<meta property=\"og:site_name\" content=\"DK Rentals \u00e0 Paros\" \/>\n<meta property=\"article:modified_time\" content=\"2022-09-21T15:52:55+00:00\" \/>\n<meta property=\"og:image\" content=\"https:\/\/dkrentalsparos.com\/wp-content\/uploads\/2022\/09\/IMG_1070_1_2.jpg\" \/>\n\t<meta property=\"og:image:width\" content=\"1440\" \/>\n\t<meta property=\"og:image:height\" content=\"990\" \/>\n\t<meta property=\"og:image:type\" content=\"image\/jpeg\" \/>\n<meta name=\"twitter:card\" content=\"summary_large_image\" \/>\n<meta name=\"twitter:label1\" content=\"Dur\u00e9e de lecture estim\u00e9e\" \/>\n\t<meta name=\"twitter:data1\" content=\"1 minute\" \/>\n<script type=\"application\/ld+json\" class=\"yoast-schema-graph\">{\"@context\":\"https:\/\/schema.org\",\"@graph\":[{\"@type\":\"WebPage\",\"@id\":\"https:\/\/dkrentalsparos.com\/fr\/nos-meilleurs-partenariats\/\",\"url\":\"https:\/\/dkrentalsparos.com\/fr\/nos-meilleurs-partenariats\/\",\"name\":\"Nos meilleurs partenariats \u00e0 Paros - DK Rentals\",\"isPartOf\":{\"@id\":\"https:\/\/dkrentalsparos.com\/fr\/#website\"},\"primaryImageOfPage\":{\"@id\":\"https:\/\/dkrentalsparos.com\/fr\/nos-meilleurs-partenariats\/#primaryimage\"},\"image\":{\"@id\":\"https:\/\/dkrentalsparos.com\/fr\/nos-meilleurs-partenariats\/#primaryimage\"},\"thumbnailUrl\":\"https:\/\/dkrentalsparos.com\/wp-content\/uploads\/2022\/09\/IMG_1070_1_2.jpg\",\"datePublished\":\"2022-09-21T14:21:05+00:00\",\"dateModified\":\"2022-09-21T15:52:55+00:00\",\"description\":\"Nos meilleurs partenariats \u00e0 Paros avec des h\u00f4tels, des complexes touristiques 5 \u00e9toiles, des villas et des complexes de chambres et d'appartements \u00e0 louer.\",\"breadcrumb\":{\"@id\":\"https:\/\/dkrentalsparos.com\/fr\/nos-meilleurs-partenariats\/#breadcrumb\"},\"inLanguage\":\"fr-FR\",\"potentialAction\":[{\"@type\":\"ReadAction\",\"target\":[\"https:\/\/dkrentalsparos.com\/fr\/nos-meilleurs-partenariats\/\"]}]},{\"@type\":\"ImageObject\",\"inLanguage\":\"fr-FR\",\"@id\":\"https:\/\/dkrentalsparos.com\/fr\/nos-meilleurs-partenariats\/#primaryimage\",\"url\":\"https:\/\/dkrentalsparos.com\/wp-content\/uploads\/2022\/09\/IMG_1070_1_2.jpg\",\"contentUrl\":\"https:\/\/dkrentalsparos.com\/wp-content\/uploads\/2022\/09\/IMG_1070_1_2.jpg\",\"width\":1440,\"height\":990},{\"@type\":\"BreadcrumbList\",\"@id\":\"https:\/\/dkrentalsparos.com\/fr\/nos-meilleurs-partenariats\/#breadcrumb\",\"itemListElement\":[{\"@type\":\"ListItem\",\"position\":1,\"name\":\"Home\",\"item\":\"https:\/\/dkrentalsparos.com\/fr\/\"},{\"@type\":\"ListItem\",\"position\":2,\"name\":\"Nos meilleurs partenariats \u00e0 Paros\"}]},{\"@type\":\"WebSite\",\"@id\":\"https:\/\/dkrentalsparos.com\/fr\/#website\",\"url\":\"https:\/\/dkrentalsparos.com\/fr\/\",\"name\":\"DK Rentals \u00e0 Paros\",\"description\":\"DK Rentals \u00e0 Paros\",\"publisher\":{\"@id\":\"https:\/\/dkrentalsparos.com\/fr\/#organization\"},\"potentialAction\":[{\"@type\":\"SearchAction\",\"target\":{\"@type\":\"EntryPoint\",\"urlTemplate\":\"https:\/\/dkrentalsparos.com\/fr\/?s={search_term_string}\"},\"query-input\":{\"@type\":\"PropertyValueSpecification\",\"valueRequired\":true,\"valueName\":\"search_term_string\"}}],\"inLanguage\":\"fr-FR\"},{\"@type\":\"Organization\",\"@id\":\"https:\/\/dkrentalsparos.com\/fr\/#organization\",\"name\":\"DK Rentals Paros\",\"url\":\"https:\/\/dkrentalsparos.com\/fr\/\",\"logo\":{\"@type\":\"ImageObject\",\"inLanguage\":\"fr-FR\",\"@id\":\"https:\/\/dkrentalsparos.com\/fr\/#\/schema\/logo\/image\/\",\"url\":\"https:\/\/dkrentalsparos.com\/wp-content\/uploads\/2021\/02\/dk-rentals-petrol-new.png\",\"contentUrl\":\"https:\/\/dkrentalsparos.com\/wp-content\/uploads\/2021\/02\/dk-rentals-petrol-new.png\",\"width\":260,\"height\":69,\"caption\":\"DK Rentals Paros\"},\"image\":{\"@id\":\"https:\/\/dkrentalsparos.com\/fr\/#\/schema\/logo\/image\/\"}}]}<\/script>\n<!-- \/ Yoast SEO plugin. -->","yoast_head_json":{"title":"Nos meilleurs partenariats \u00e0 Paros - DK Rentals","description":"Nos meilleurs partenariats \u00e0 Paros avec des h\u00f4tels, des complexes touristiques 5 \u00e9toiles, des villas et des complexes de chambres et d'appartements \u00e0 louer.","robots":{"index":"index","follow":"follow","max-snippet":"max-snippet:-1","max-image-preview":"max-image-preview:large","max-video-preview":"max-video-preview:-1"},"canonical":"https:\/\/dkrentalsparos.com\/fr\/nos-meilleurs-partenariats\/","og_locale":"fr_FR","og_type":"article","og_title":"Nos meilleurs partenariats \u00e0 Paros - DK Rentals","og_description":"Nos meilleurs partenariats \u00e0 Paros avec des h\u00f4tels, des complexes touristiques 5 \u00e9toiles, des villas et des complexes de chambres et d'appartements \u00e0 louer.","og_url":"https:\/\/dkrentalsparos.com\/fr\/nos-meilleurs-partenariats\/","og_site_name":"DK Rentals \u00e0 Paros","article_modified_time":"2022-09-21T15:52:55+00:00","og_image":[{"width":1440,"height":990,"url":"https:\/\/dkrentalsparos.com\/wp-content\/uploads\/2022\/09\/IMG_1070_1_2.jpg","type":"image\/jpeg"}],"twitter_card":"summary_large_image","twitter_misc":{"Dur\u00e9e de lecture estim\u00e9e":"1 minute"},"schema":{"@context":"https:\/\/schema.org","@graph":[{"@type":"WebPage","@id":"https:\/\/dkrentalsparos.com\/fr\/nos-meilleurs-partenariats\/","url":"https:\/\/dkrentalsparos.com\/fr\/nos-meilleurs-partenariats\/","name":"Nos meilleurs partenariats \u00e0 Paros - DK Rentals","isPartOf":{"@id":"https:\/\/dkrentalsparos.com\/fr\/#website"},"primaryImageOfPage":{"@id":"https:\/\/dkrentalsparos.com\/fr\/nos-meilleurs-partenariats\/#primaryimage"},"image":{"@id":"https:\/\/dkrentalsparos.com\/fr\/nos-meilleurs-partenariats\/#primaryimage"},"thumbnailUrl":"https:\/\/dkrentalsparos.com\/wp-content\/uploads\/2022\/09\/IMG_1070_1_2.jpg","datePublished":"2022-09-21T14:21:05+00:00","dateModified":"2022-09-21T15:52:55+00:00","description":"Nos meilleurs partenariats \u00e0 Paros avec des h\u00f4tels, des complexes touristiques 5 \u00e9toiles, des villas et des complexes de chambres et d'appartements \u00e0 louer.","breadcrumb":{"@id":"https:\/\/dkrentalsparos.com\/fr\/nos-meilleurs-partenariats\/#breadcrumb"},"inLanguage":"fr-FR","potentialAction":[{"@type":"ReadAction","target":["https:\/\/dkrentalsparos.com\/fr\/nos-meilleurs-partenariats\/"]}]},{"@type":"ImageObject","inLanguage":"fr-FR","@id":"https:\/\/dkrentalsparos.com\/fr\/nos-meilleurs-partenariats\/#primaryimage","url":"https:\/\/dkrentalsparos.com\/wp-content\/uploads\/2022\/09\/IMG_1070_1_2.jpg","contentUrl":"https:\/\/dkrentalsparos.com\/wp-content\/uploads\/2022\/09\/IMG_1070_1_2.jpg","width":1440,"height":990},{"@type":"BreadcrumbList","@id":"https:\/\/dkrentalsparos.com\/fr\/nos-meilleurs-partenariats\/#breadcrumb","itemListElement":[{"@type":"ListItem","position":1,"name":"Home","item":"https:\/\/dkrentalsparos.com\/fr\/"},{"@type":"ListItem","position":2,"name":"Nos meilleurs partenariats \u00e0 Paros"}]},{"@type":"WebSite","@id":"https:\/\/dkrentalsparos.com\/fr\/#website","url":"https:\/\/dkrentalsparos.com\/fr\/","name":"DK Rentals \u00e0 Paros","description":"DK Rentals \u00e0 Paros","publisher":{"@id":"https:\/\/dkrentalsparos.com\/fr\/#organization"},"potentialAction":[{"@type":"SearchAction","target":{"@type":"EntryPoint","urlTemplate":"https:\/\/dkrentalsparos.com\/fr\/?s={search_term_string}"},"query-input":{"@type":"PropertyValueSpecification","valueRequired":true,"valueName":"search_term_string"}}],"inLanguage":"fr-FR"},{"@type":"Organization","@id":"https:\/\/dkrentalsparos.com\/fr\/#organization","name":"DK Rentals Paros","url":"https:\/\/dkrentalsparos.com\/fr\/","logo":{"@type":"ImageObject","inLanguage":"fr-FR","@id":"https:\/\/dkrentalsparos.com\/fr\/#\/schema\/logo\/image\/","url":"https:\/\/dkrentalsparos.com\/wp-content\/uploads\/2021\/02\/dk-rentals-petrol-new.png","contentUrl":"https:\/\/dkrentalsparos.com\/wp-content\/uploads\/2021\/02\/dk-rentals-petrol-new.png","width":260,"height":69,"caption":"DK Rentals Paros"},"image":{"@id":"https:\/\/dkrentalsparos.com\/fr\/#\/schema\/logo\/image\/"}}]}},"_links":{"self":[{"href":"https:\/\/dkrentalsparos.com\/fr\/wp-json\/wp\/v2\/pages\/3599","targetHints":{"allow":["GET"]}}],"collection":[{"href":"https:\/\/dkrentalsparos.com\/fr\/wp-json\/wp\/v2\/pages"}],"about":[{"href":"https:\/\/dkrentalsparos.com\/fr\/wp-json\/wp\/v2\/types\/page"}],"author":[{"embeddable":true,"href":"https:\/\/dkrentalsparos.com\/fr\/wp-json\/wp\/v2\/users\/1"}],"replies":[{"embeddable":true,"href":"https:\/\/dkrentalsparos.com\/fr\/wp-json\/wp\/v2\/comments?post=3599"}],"version-history":[{"count":3,"href":"https:\/\/dkrentalsparos.com\/fr\/wp-json\/wp\/v2\/pages\/3599\/revisions"}],"predecessor-version":[{"id":3613,"href":"https:\/\/dkrentalsparos.com\/fr\/wp-json\/wp\/v2\/pages\/3599\/revisions\/3613"}],"wp:featuredmedia":[{"embeddable":true,"href":"https:\/\/dkrentalsparos.com\/fr\/wp-json\/wp\/v2\/media\/3618"}],"wp:attachment":[{"href":"https:\/\/dkrentalsparos.com\/fr\/wp-json\/wp\/v2\/media?parent=3599"}],"curies":[{"name":"wp","href":"https:\/\/api.w.org\/{rel}","templated":true}]}}