{"id":3885,"date":"2023-05-27T07:48:08","date_gmt":"2023-05-27T04:48:08","guid":{"rendered":"https:\/\/dkrentalsparos.com\/?page_id=3885"},"modified":"2023-05-27T08:26:30","modified_gmt":"2023-05-27T05:26:30","slug":"questions-reponses","status":"publish","type":"page","link":"https:\/\/dkrentalsparos.com\/fr\/questions-reponses\/","title":{"rendered":"Questions-R\u00e9ponses"},"content":{"rendered":"<style id=\"ea_dynamic_css3884\">#sp-ea-3884 .spcollapsing{height: 0; overflow: hidden; transition-property: height; transition-duration: 300ms;}#sp-ea-3884.sp-easy-accordion>.sp-ea-single.eap_inactive>.ea-header a {background-color: #bb0000 !important; color: #fff !important;}#sp-ea-3884.sp-easy-accordion>.sp-ea-single{ margin-bottom: 10px; border: 1px solid #dd3333; border-radius: 3px;}#sp-ea-3884.sp-easy-accordion>.sp-ea-single.ea-expand{ border-color: #dd3333;}#sp-ea-3884.sp-easy-accordion>.sp-ea-single:hover{ border-color: #dd3333;}#sp-ea-3884.sp-easy-accordion>.sp-ea-single>.ea-header a {background: #ffffff;}#sp-ea-3884.sp-easy-accordion>.sp-ea-single.ea-expand>.ea-header a {background: #eee;}#sp-ea-3884.sp-easy-accordion>.sp-ea-single>.ea-header:hover a {background: #eee;}#sp-ea-3884.sp-easy-accordion>.sp-ea-single>.ea-header a .eap-title-icon { color: #444;font-size: 20px;} #sp-ea-3884.sp-easy-accordion>.sp-ea-single>.ea-header a .eap-title-custom-icon {max-width: 20px;}#sp-ea-3884.sp-easy-accordion>.sp-ea-single>.ea-header:hover a .eap-title-icon {color: #444;}#sp-ea-3884.sp-easy-accordion>.sp-ea-single.ea-expand>.ea-header a .eap-title-icon {color: #444;}#sp-ea-3884.sp-easy-accordion>.sp-ea-single>.ea-header a {padding: 15px 15px 15px 15px; color: #444; font-size: 14px; line-height: 26px; text-align: left; letter-spacing: 0px; text-transform: none;}#sp-ea-3884.sp-easy-accordion>.sp-ea-single>.ea-header:hover a {color: #444;}#sp-ea-3884.sp-easy-accordion>.sp-ea-single.ea-expand>.ea-header a {color: #444;}#sp-ea-3884.sp-easy-accordion>.sp-ea-single>.sp-collapse>.ea-body p,#sp-ea-3884.sp-easy-accordion>.sp-ea-single>.sp-collapse>.ea-body{background: #fff; padding: 15px 15px 15px 15px; border-radius: 0 0 3px 3px; color: #444; font-size: 14px; text-align: left; letter-spacing: 0px; line-height: 26px; animation-delay: 200ms; text-transform: none;}#sp-ea-3884.sp-easy-accordion>.sp-ea-single>.ea-header a .ea-expand-icon.fa:before {color: #444; font-size: 12px; font-style: normal;}#sp-ea-3884.sp-easy-accordion>.sp-ea-single>.ea-header:hover a .ea-expand-icon.fa:before {color: #444;}#sp-ea-3884.sp-easy-accordion>.sp-ea-single.ea-expand>.ea-header a .ea-expand-icon.fa:before {color: #444;}#sp-ea-3884.sp-easy-accordion>.sp-ea-single{border: 1px solid #dd3333;}#sp-ea-3884.sp-easy-accordion>.sp-ea-single.ea-expand{background-color: #ffeded;} #sp-ea-3884.sp-easy-accordion>.sp-ea-single.ea-expand .ea-header{background-color: #ffeded; border-top: 7px solid #dd3333;}#sp-ea-3884.sp-easy-accordion>.sp-ea-single:not(.ea-expand) .ea-header{border-top: 7px solid transparent;}#sp-ea-3884.sp-easy-accordion>.sp-ea-single.ea-expand .ea-header a {background-color: #ffeded !important;}#sp-ea-3884.sp-easy-accordion>.sp-ea-single>.ea-header a .ea-expand-icon.fa {margin-right: 10px;}#sp-ea-3884.sp-easy-accordion>.sp-ea-single>.ea-header a .ea-expand-icon.fa {float: left;}#sp-ea-3884 #eap_faq_search_bar_container {display:none; opacity:0;}#sp-ea-3884 #eap_faq_search_bar_container span::before{content:\"\";}#sp-ea-3884.sp-easy-accordion>.sp-ea-single>.sp-collapse>.ea-body p{ padding:0px}#sp-eap-accordion-section-3884 .sp-eap-pagination-number a.sp-eap-page-numbers {color: #5e5e5e;border-color: #bbbbbb;background: #ffffff;}#sp-eap-accordion-section-3884 .sp-eap-pagination-number a.sp-eap-page-numbers.active {color: #ffffff;border-color: #FE7C4D;background: #FE7C4D;}#sp-eap-accordion-section-3884 .sp-eap-pagination-number a.sp-eap-page-numbers:hover {color: #ffffff;border-color: #FE7C4D;background: #FE7C4D;}#sp-eap-accordion-section-3884 .sp-eap-load-more button {color: #5e5e5e;border-color: #bbbbbb;background: #ffffff;}#sp-eap-accordion-section-3884 .sp-eap-load-more button:hover {color: #ffffff;border-color: #FE7C4D;background: #FE7C4D;}#sp-ea-3884>.sp-ea-single>.sp-collapse>.ea-body .eap-product-price {color: #444;}#sp-ea-3884.sp-easy-accordion>.sp-ea-single>.sp-collapse>.ea-body .eap-product-price del{color: rgba(68,68,68,0.71);}#sp-ea-3884.sp-easy-accordion>.sp-ea-single>.sp-collapse>.ea-body .eap-product-cart-button .woocommerce a { border: 1px solid #DAD6DA;border-radius: 2px;background-color: transparent;color: #444;}#sp-ea-3884.sp-easy-accordion>.sp-ea-single>.sp-collapse>.ea-body .eap-product-cart-button .woocommerce a:hover { border-color: #444;background-color: #444;color: #fff;}#sp-ea-3884.sp-easy-accordion>.sp-ea-single>>.sp-collapse>.ea-body .eap-product-cart-button .eap-product-quantity .eap_input_text {border: 1px solid #DAD6DA;}#sp-ea-3884.sp-easy-accordion>.sp-ea-single>.sp-collapse>.ea-body .eap-product-cart-button a.add_to_cart_button{position: relative;}<\/style><div id=\"sp-eap-accordion-section-3884\" class=\"sp-eap-container\"><div id=\"sp-ea-3884\" class=\"sp-ea-ten sp-easy-accordion \" data-ex-icon=\"fa-caret-right\" data-col-icon=\"fa-caret-down\" data-ea-active=\"ea-click\" data-ea-mode=\"vertical\" data-ea-multi-column=\"\" data-ea-coll=\"\" data-keep-accordion=\"\" data-autoclose=\"\" data-preloader=\"\" data-scroll-active-item=\"\" data-offset-to-scroll=\"0\" data-autoplaytime=\"3000\" data-expand=\"\" data-post-id=\"3884\" >\t<div class=\"ea-card ea-expand sp-ea-single\"  data-accordion-id= \"0\">\n\n\t\t<h3 class=\"ea-header\">\n\t\t\t<a class=\"collapsed\" data-sptoggle=\"spcollapse\" rel=\"nofollow\" data-sptarget=\"#collapse38840\" href=\"#\" data-title=\"efaq-a-partir-de-quel-age-puis-je-louer-un-vehicule-aupres-de-dk-rentals\" aria-expanded=\"true\">\n\t\t\t\t<i class=\"ea-expand-icon fa fa-caret-right\"><\/i>  A partir de quel \u00e2ge puis-je louer un v\u00e9hicule aupr\u00e8s de DK rentals ?\t\t\t<\/a>\n\t\t<\/h3>\n\n\t\t<div class=\"sp-collapse spcollapse collapsed show\" id=\"collapse38840\" data-parent=\"#sp-ea-3884\">\n\t\t<div class=\"ea-body\"> \n<div class=\"ea-content-wrapper animated normal\"> \n\tA partir de 23 ans.<\/div>\n<\/div>\n\t\t\t<\/div>\n\t<\/div>\n\t\t<div class=\"ea-card  sp-ea-single\"  data-accordion-id= \"1\">\n\n\t\t<h3 class=\"ea-header\">\n\t\t\t<a class=\"collapsed\" data-sptoggle=\"spcollapse\" rel=\"nofollow\" data-sptarget=\"#collapse38841\" href=\"#\" data-title=\"efaq-les-quads-atvs-necessitent-ils-un-permis-de-conduire-special\" aria-expanded=\"false\">\n\t\t\t\t<i class=\"ea-expand-icon fa fa-caret-down\"><\/i>  Les quads\/atvs n\u00e9cessitent-ils un permis de conduire sp\u00e9cial ?\t\t\t<\/a>\n\t\t<\/h3>\n\n\t\t<div class=\"sp-collapse spcollapse \" id=\"collapse38841\" data-parent=\"#sp-ea-3884\">\n\t\t<div class=\"ea-body\"> \n<div class=\"ea-content-wrapper animated normal\"> \n\tNon. Vous pouvez louer n'importe quel quad \/ atv avec un permis de conduire.<\/div>\n<\/div>\n\t\t\t<\/div>\n\t<\/div>\n\t\t<div class=\"ea-card  sp-ea-single\"  data-accordion-id= \"2\">\n\n\t\t<h3 class=\"ea-header\">\n\t\t\t<a class=\"collapsed\" data-sptoggle=\"spcollapse\" rel=\"nofollow\" data-sptarget=\"#collapse38842\" href=\"#\" data-title=\"efaq-puis-je-louer-un-scooter-125cc-200cc-avec-un-permis-voiture\" aria-expanded=\"false\">\n\t\t\t\t<i class=\"ea-expand-icon fa fa-caret-down\"><\/i>  Puis-je louer un scooter 125cc - 200cc avec un permis voiture ?\t\t\t<\/a>\n\t\t<\/h3>\n\n\t\t<div class=\"sp-collapse spcollapse \" id=\"collapse38842\" data-parent=\"#sp-ea-3884\">\n\t\t<div class=\"ea-body\"> \n<div class=\"ea-content-wrapper animated normal\"> \n\tNon. Les titulaires d'un permis de conduire europ\u00e9en doivent imp\u00e9rativement avoir la cat\u00e9gorie \"A1\" ou \"A2\" ou \"A\"... Ceux qui vivent dans des pays non europ\u00e9ens doivent avoir un permis de conduire international et \u00eatre titulaires de la cat\u00e9gorie \"A\".<\/div>\n<\/div>\n\t\t\t<\/div>\n\t<\/div>\n\t\t<div class=\"ea-card  sp-ea-single\"  data-accordion-id= \"3\">\n\n\t\t<h3 class=\"ea-header\">\n\t\t\t<a class=\"collapsed\" data-sptoggle=\"spcollapse\" rel=\"nofollow\" data-sptarget=\"#collapse38843\" href=\"#\" data-title=\"efaq-comment-puis-je-obtenir-un-permis-de-conduire-international\" aria-expanded=\"false\">\n\t\t\t\t<i class=\"ea-expand-icon fa fa-caret-down\"><\/i>  Comment puis-je obtenir un permis de conduire international ?\t\t\t<\/a>\n\t\t<\/h3>\n\n\t\t<div class=\"sp-collapse spcollapse \" id=\"collapse38843\" data-parent=\"#sp-ea-3884\">\n\t\t<div class=\"ea-body\"> \n<div class=\"ea-content-wrapper animated normal\"> \n\tVous pouvez consulter le site <u>https:\/\/e-ita.org\/<\/u><\/div>\n<\/div>\n\t\t\t<\/div>\n\t<\/div>\n\t\t<div class=\"ea-card  sp-ea-single\"  data-accordion-id= \"4\">\n\n\t\t<h3 class=\"ea-header\">\n\t\t\t<a class=\"collapsed\" data-sptoggle=\"spcollapse\" rel=\"nofollow\" data-sptarget=\"#collapse38844\" href=\"#\" data-title=\"efaq-un-autre-membre-de-mon-groupe-peut-il-conduire-le-vehicule\" aria-expanded=\"false\">\n\t\t\t\t<i class=\"ea-expand-icon fa fa-caret-down\"><\/i>  Un autre membre de mon groupe peut-il conduire le v\u00e9hicule ?\t\t\t<\/a>\n\t\t<\/h3>\n\n\t\t<div class=\"sp-collapse spcollapse \" id=\"collapse38844\" data-parent=\"#sp-ea-3884\">\n\t\t<div class=\"ea-body\"> \n<div class=\"ea-content-wrapper animated normal\"> \n\tOui, uniquement si les d\u00e9tails de son permis de conduire figurent sur le contrat de location.<\/div>\n<\/div>\n\t\t\t<\/div>\n\t<\/div>\n\t\t<div class=\"ea-card  sp-ea-single\"  data-accordion-id= \"5\">\n\n\t\t<h3 class=\"ea-header\">\n\t\t\t<a class=\"collapsed\" data-sptoggle=\"spcollapse\" rel=\"nofollow\" data-sptarget=\"#collapse38845\" href=\"#\" data-title=\"efaq-puis-je-utiliser-mon-vehicule-afin-de-visiter-antiparos\" aria-expanded=\"false\">\n\t\t\t\t<i class=\"ea-expand-icon fa fa-caret-down\"><\/i>  Puis-je utiliser mon v\u00e9hicule afin de visiter Antiparos ?\t\t\t<\/a>\n\t\t<\/h3>\n\n\t\t<div class=\"sp-collapse spcollapse \" id=\"collapse38845\" data-parent=\"#sp-ea-3884\">\n\t\t<div class=\"ea-body\"> \n<div class=\"ea-content-wrapper animated normal\"> \n\tOui, vous pouvez embarquer sur le ferry qui part du port de Punta et qui prend en charge des\u00a0 v\u00e9hicules.<\/div>\n<\/div>\n\t\t\t<\/div>\n\t<\/div>\n\t\t<div class=\"ea-card  sp-ea-single\"  data-accordion-id= \"6\">\n\n\t\t<h3 class=\"ea-header\">\n\t\t\t<a class=\"collapsed\" data-sptoggle=\"spcollapse\" rel=\"nofollow\" data-sptarget=\"#collapse38846\" href=\"#\" data-title=\"efaq-puis-je-utiliser-mon-vehicule-pour-visiter-dautres-iles-voisines\" aria-expanded=\"false\">\n\t\t\t\t<i class=\"ea-expand-icon fa fa-caret-down\"><\/i>  Puis-je utiliser mon v\u00e9hicule pour visiter d'autres \u00eeles voisines ?\t\t\t<\/a>\n\t\t<\/h3>\n\n\t\t<div class=\"sp-collapse spcollapse \" id=\"collapse38846\" data-parent=\"#sp-ea-3884\">\n\t\t<div class=\"ea-body\"> \n<div class=\"ea-content-wrapper animated normal\"> \n\tSeulement apr\u00e8s avoir consult\u00e9 le responsable de DK rentals.<\/div>\n<\/div>\n\t\t\t<\/div>\n\t<\/div>\n\t\t<div class=\"ea-card  sp-ea-single\"  data-accordion-id= \"7\">\n\n\t\t<h3 class=\"ea-header\">\n\t\t\t<a class=\"collapsed\" data-sptoggle=\"spcollapse\" rel=\"nofollow\" data-sptarget=\"#collapse38847\" href=\"#\" data-title=\"efaq-ai-je-besoin-dune-carte-de-credit-pour-louer-un-vehicule-chez-dk-rentals\" aria-expanded=\"false\">\n\t\t\t\t<i class=\"ea-expand-icon fa fa-caret-down\"><\/i>  Ai-je besoin d'une carte de cr\u00e9dit pour louer un v\u00e9hicule chez DK rentals ?\t\t\t<\/a>\n\t\t<\/h3>\n\n\t\t<div class=\"sp-collapse spcollapse \" id=\"collapse38847\" data-parent=\"#sp-ea-3884\">\n\t\t<div class=\"ea-body\"> \n<div class=\"ea-content-wrapper animated normal\"> \n\tVous avez besoin d'une carte de cr\u00e9dit ou de d\u00e9bit avec le capital n\u00e9cessaire pour le \u00a0\u00a0montant du blocage (garantie) ?<\/div>\n<\/div>\n\t\t\t<\/div>\n\t<\/div>\n\t\t<div class=\"ea-card  sp-ea-single\"  data-accordion-id= \"8\">\n\n\t\t<h3 class=\"ea-header\">\n\t\t\t<a class=\"collapsed\" data-sptoggle=\"spcollapse\" rel=\"nofollow\" data-sptarget=\"#collapse38848\" href=\"#\" data-title=\"efaq-quel-est-le-montant-bloque-sur-la-carte\" aria-expanded=\"false\">\n\t\t\t\t<i class=\"ea-expand-icon fa fa-caret-down\"><\/i>  Quel est le montant bloqu\u00e9 sur la carte ?\t\t\t<\/a>\n\t\t<\/h3>\n\n\t\t<div class=\"sp-collapse spcollapse \" id=\"collapse38848\" data-parent=\"#sp-ea-3884\">\n\t\t<div class=\"ea-body\"> \n<div class=\"ea-content-wrapper animated normal\"> \n\tPour les voitures de la cat\u00e9gorie A-B-C-D-E, le montant du blocage est de 500 \u20ac.\r\n\r\nPour les voitures de la cat\u00e9gorie I-L-M, le montant du blocage est de 1000\u20ac.\r\n\r\nPour les quads, le montant du blocage est de 400\u20ac.\r\n\r\nPour les buggys, le montant du blocage est de 500\u20ac.<\/div>\n<\/div>\n\t\t\t<\/div>\n\t<\/div>\n\t\t<div class=\"ea-card  sp-ea-single\"  data-accordion-id= \"9\">\n\n\t\t<h3 class=\"ea-header\">\n\t\t\t<a class=\"collapsed\" data-sptoggle=\"spcollapse\" rel=\"nofollow\" data-sptarget=\"#collapse38849\" href=\"#\" data-title=\"efaq-quelle-est-la-politique-dannulation\" aria-expanded=\"false\">\n\t\t\t\t<i class=\"ea-expand-icon fa fa-caret-down\"><\/i>  Quelle est la politique d'annulation ?\t\t\t<\/a>\n\t\t<\/h3>\n\n\t\t<div class=\"sp-collapse spcollapse \" id=\"collapse38849\" data-parent=\"#sp-ea-3884\">\n\t\t<div class=\"ea-body\"> \n<div class=\"ea-content-wrapper animated normal\"> \n\tVeuillez visiter la page :<\/br>\r\n\r\n<a href=\"https:\/\/dkrentalsparos.com\/el\/terms-conditions\/\"><u>https:\/\/dkrentalsparos.com\/el\/terms-conditions\/<\/u><\/a><\/br>\r\n\r\n<a href=\"https:\/\/dkscootersparos.com\/rental-terms\/\"><u>https:\/\/dkscootersparos.com\/rental-terms\/<\/u><\/a><\/div>\n<\/div>\n\t\t\t<\/div>\n\t<\/div>\n\t<\/div><\/div>\n","protected":false},"excerpt":{"rendered":"","protected":false},"author":1,"featured_media":0,"parent":0,"menu_order":0,"comment_status":"closed","ping_status":"closed","template":"","meta":{"footnotes":""},"class_list":["post-3885","page","type-page","status-publish","hentry"],"yoast_head":"<!-- This site is optimized with the Yoast SEO plugin v27.1.1 - https:\/\/yoast.com\/product\/yoast-seo-wordpress\/ -->\n<title>Questions - R\u00e9ponses concernant la location d&#039;un v\u00e9hicule aupr\u00e8s de DK Rentals \u00e0 Paros.<\/title>\n<meta name=\"description\" content=\"R\u00e9ponses aux questions fr\u00e9quemment pos\u00e9es concernant la location de scooters, quads\/atvs, buggys et voitures \u00e0 Paros par DK Rentals.\" \/>\n<meta name=\"robots\" content=\"index, follow, max-snippet:-1, max-image-preview:large, max-video-preview:-1\" \/>\n<link rel=\"canonical\" href=\"https:\/\/dkrentalsparos.com\/fr\/questions-reponses\/\" \/>\n<meta property=\"og:locale\" content=\"fr_FR\" \/>\n<meta property=\"og:type\" content=\"article\" \/>\n<meta property=\"og:title\" content=\"Questions - R\u00e9ponses concernant la location d&#039;un v\u00e9hicule aupr\u00e8s de DK Rentals \u00e0 Paros.\" \/>\n<meta property=\"og:description\" content=\"R\u00e9ponses aux questions fr\u00e9quemment pos\u00e9es concernant la location de scooters, quads\/atvs, buggys et voitures \u00e0 Paros par DK Rentals.\" \/>\n<meta property=\"og:url\" content=\"https:\/\/dkrentalsparos.com\/fr\/questions-reponses\/\" \/>\n<meta property=\"og:site_name\" content=\"DK Rentals \u00e0 Paros\" \/>\n<meta property=\"article:modified_time\" content=\"2023-05-27T05:26:30+00:00\" \/>\n<meta name=\"twitter:card\" content=\"summary_large_image\" \/>\n<meta name=\"twitter:label1\" content=\"Dur\u00e9e de lecture estim\u00e9e\" \/>\n\t<meta name=\"twitter:data1\" content=\"1 minute\" \/>\n<script type=\"application\/ld+json\" class=\"yoast-schema-graph\">{\"@context\":\"https:\/\/schema.org\",\"@graph\":[{\"@type\":\"WebPage\",\"@id\":\"https:\/\/dkrentalsparos.com\/fr\/questions-reponses\/\",\"url\":\"https:\/\/dkrentalsparos.com\/fr\/questions-reponses\/\",\"name\":\"Questions - R\u00e9ponses concernant la location d'un v\u00e9hicule aupr\u00e8s de DK Rentals \u00e0 Paros.\",\"isPartOf\":{\"@id\":\"https:\/\/dkrentalsparos.com\/fr\/#website\"},\"datePublished\":\"2023-05-27T04:48:08+00:00\",\"dateModified\":\"2023-05-27T05:26:30+00:00\",\"description\":\"R\u00e9ponses aux questions fr\u00e9quemment pos\u00e9es concernant la location de scooters, quads\/atvs, buggys et voitures \u00e0 Paros par DK Rentals.\",\"breadcrumb\":{\"@id\":\"https:\/\/dkrentalsparos.com\/fr\/questions-reponses\/#breadcrumb\"},\"inLanguage\":\"fr-FR\",\"potentialAction\":[{\"@type\":\"ReadAction\",\"target\":[\"https:\/\/dkrentalsparos.com\/fr\/questions-reponses\/\"]}]},{\"@type\":\"BreadcrumbList\",\"@id\":\"https:\/\/dkrentalsparos.com\/fr\/questions-reponses\/#breadcrumb\",\"itemListElement\":[{\"@type\":\"ListItem\",\"position\":1,\"name\":\"Home\",\"item\":\"https:\/\/dkrentalsparos.com\/fr\/\"},{\"@type\":\"ListItem\",\"position\":2,\"name\":\"Questions-R\u00e9ponses\"}]},{\"@type\":\"WebSite\",\"@id\":\"https:\/\/dkrentalsparos.com\/fr\/#website\",\"url\":\"https:\/\/dkrentalsparos.com\/fr\/\",\"name\":\"DK Rentals \u00e0 Paros\",\"description\":\"DK Rentals \u00e0 Paros\",\"publisher\":{\"@id\":\"https:\/\/dkrentalsparos.com\/fr\/#organization\"},\"potentialAction\":[{\"@type\":\"SearchAction\",\"target\":{\"@type\":\"EntryPoint\",\"urlTemplate\":\"https:\/\/dkrentalsparos.com\/fr\/?s={search_term_string}\"},\"query-input\":{\"@type\":\"PropertyValueSpecification\",\"valueRequired\":true,\"valueName\":\"search_term_string\"}}],\"inLanguage\":\"fr-FR\"},{\"@type\":\"Organization\",\"@id\":\"https:\/\/dkrentalsparos.com\/fr\/#organization\",\"name\":\"DK Rentals Paros\",\"url\":\"https:\/\/dkrentalsparos.com\/fr\/\",\"logo\":{\"@type\":\"ImageObject\",\"inLanguage\":\"fr-FR\",\"@id\":\"https:\/\/dkrentalsparos.com\/fr\/#\/schema\/logo\/image\/\",\"url\":\"https:\/\/dkrentalsparos.com\/wp-content\/uploads\/2021\/02\/dk-rentals-petrol-new.png\",\"contentUrl\":\"https:\/\/dkrentalsparos.com\/wp-content\/uploads\/2021\/02\/dk-rentals-petrol-new.png\",\"width\":260,\"height\":69,\"caption\":\"DK Rentals Paros\"},\"image\":{\"@id\":\"https:\/\/dkrentalsparos.com\/fr\/#\/schema\/logo\/image\/\"}}]}<\/script>\n<!-- \/ Yoast SEO plugin. -->","yoast_head_json":{"title":"Questions - R\u00e9ponses concernant la location d'un v\u00e9hicule aupr\u00e8s de DK Rentals \u00e0 Paros.","description":"R\u00e9ponses aux questions fr\u00e9quemment pos\u00e9es concernant la location de scooters, quads\/atvs, buggys et voitures \u00e0 Paros par DK Rentals.","robots":{"index":"index","follow":"follow","max-snippet":"max-snippet:-1","max-image-preview":"max-image-preview:large","max-video-preview":"max-video-preview:-1"},"canonical":"https:\/\/dkrentalsparos.com\/fr\/questions-reponses\/","og_locale":"fr_FR","og_type":"article","og_title":"Questions - R\u00e9ponses concernant la location d'un v\u00e9hicule aupr\u00e8s de DK Rentals \u00e0 Paros.","og_description":"R\u00e9ponses aux questions fr\u00e9quemment pos\u00e9es concernant la location de scooters, quads\/atvs, buggys et voitures \u00e0 Paros par DK Rentals.","og_url":"https:\/\/dkrentalsparos.com\/fr\/questions-reponses\/","og_site_name":"DK Rentals \u00e0 Paros","article_modified_time":"2023-05-27T05:26:30+00:00","twitter_card":"summary_large_image","twitter_misc":{"Dur\u00e9e de lecture estim\u00e9e":"1 minute"},"schema":{"@context":"https:\/\/schema.org","@graph":[{"@type":"WebPage","@id":"https:\/\/dkrentalsparos.com\/fr\/questions-reponses\/","url":"https:\/\/dkrentalsparos.com\/fr\/questions-reponses\/","name":"Questions - R\u00e9ponses concernant la location d'un v\u00e9hicule aupr\u00e8s de DK Rentals \u00e0 Paros.","isPartOf":{"@id":"https:\/\/dkrentalsparos.com\/fr\/#website"},"datePublished":"2023-05-27T04:48:08+00:00","dateModified":"2023-05-27T05:26:30+00:00","description":"R\u00e9ponses aux questions fr\u00e9quemment pos\u00e9es concernant la location de scooters, quads\/atvs, buggys et voitures \u00e0 Paros par DK Rentals.","breadcrumb":{"@id":"https:\/\/dkrentalsparos.com\/fr\/questions-reponses\/#breadcrumb"},"inLanguage":"fr-FR","potentialAction":[{"@type":"ReadAction","target":["https:\/\/dkrentalsparos.com\/fr\/questions-reponses\/"]}]},{"@type":"BreadcrumbList","@id":"https:\/\/dkrentalsparos.com\/fr\/questions-reponses\/#breadcrumb","itemListElement":[{"@type":"ListItem","position":1,"name":"Home","item":"https:\/\/dkrentalsparos.com\/fr\/"},{"@type":"ListItem","position":2,"name":"Questions-R\u00e9ponses"}]},{"@type":"WebSite","@id":"https:\/\/dkrentalsparos.com\/fr\/#website","url":"https:\/\/dkrentalsparos.com\/fr\/","name":"DK Rentals \u00e0 Paros","description":"DK Rentals \u00e0 Paros","publisher":{"@id":"https:\/\/dkrentalsparos.com\/fr\/#organization"},"potentialAction":[{"@type":"SearchAction","target":{"@type":"EntryPoint","urlTemplate":"https:\/\/dkrentalsparos.com\/fr\/?s={search_term_string}"},"query-input":{"@type":"PropertyValueSpecification","valueRequired":true,"valueName":"search_term_string"}}],"inLanguage":"fr-FR"},{"@type":"Organization","@id":"https:\/\/dkrentalsparos.com\/fr\/#organization","name":"DK Rentals Paros","url":"https:\/\/dkrentalsparos.com\/fr\/","logo":{"@type":"ImageObject","inLanguage":"fr-FR","@id":"https:\/\/dkrentalsparos.com\/fr\/#\/schema\/logo\/image\/","url":"https:\/\/dkrentalsparos.com\/wp-content\/uploads\/2021\/02\/dk-rentals-petrol-new.png","contentUrl":"https:\/\/dkrentalsparos.com\/wp-content\/uploads\/2021\/02\/dk-rentals-petrol-new.png","width":260,"height":69,"caption":"DK Rentals Paros"},"image":{"@id":"https:\/\/dkrentalsparos.com\/fr\/#\/schema\/logo\/image\/"}}]}},"_links":{"self":[{"href":"https:\/\/dkrentalsparos.com\/fr\/wp-json\/wp\/v2\/pages\/3885","targetHints":{"allow":["GET"]}}],"collection":[{"href":"https:\/\/dkrentalsparos.com\/fr\/wp-json\/wp\/v2\/pages"}],"about":[{"href":"https:\/\/dkrentalsparos.com\/fr\/wp-json\/wp\/v2\/types\/page"}],"author":[{"embeddable":true,"href":"https:\/\/dkrentalsparos.com\/fr\/wp-json\/wp\/v2\/users\/1"}],"replies":[{"embeddable":true,"href":"https:\/\/dkrentalsparos.com\/fr\/wp-json\/wp\/v2\/comments?post=3885"}],"version-history":[{"count":1,"href":"https:\/\/dkrentalsparos.com\/fr\/wp-json\/wp\/v2\/pages\/3885\/revisions"}],"predecessor-version":[{"id":3886,"href":"https:\/\/dkrentalsparos.com\/fr\/wp-json\/wp\/v2\/pages\/3885\/revisions\/3886"}],"wp:attachment":[{"href":"https:\/\/dkrentalsparos.com\/fr\/wp-json\/wp\/v2\/media?parent=3885"}],"curies":[{"name":"wp","href":"https:\/\/api.w.org\/{rel}","templated":true}]}}