{"id":4318,"date":"2024-06-09T23:37:57","date_gmt":"2024-06-09T20:37:57","guid":{"rendered":"https:\/\/dkrentalsparos.com\/?page_id=4318"},"modified":"2024-06-09T23:50:09","modified_gmt":"2024-06-09T20:50:09","slug":"villages-de-paros","status":"publish","type":"page","link":"https:\/\/dkrentalsparos.com\/fr\/villages-de-paros\/","title":{"rendered":"Villages de Paros"},"content":{"rendered":"\n<h4 class=\"wp-block-heading has-text-align-center\">-- <strong>Naoussa<\/strong> --<\/h4>\n\n\n<div class=\"wp-block-image\">\n<figure class=\"aligncenter size-full\"><img loading=\"lazy\" decoding=\"async\" width=\"1000\" height=\"400\" src=\"https:\/\/dkrentalsparos.com\/wp-content\/uploads\/2024\/06\/naoussa-1000-400-1.jpg\" alt=\"\" class=\"wp-image-4293\" srcset=\"https:\/\/dkrentalsparos.com\/wp-content\/uploads\/2024\/06\/naoussa-1000-400-1.jpg 1000w, https:\/\/dkrentalsparos.com\/wp-content\/uploads\/2024\/06\/naoussa-1000-400-1-300x120.jpg 300w, https:\/\/dkrentalsparos.com\/wp-content\/uploads\/2024\/06\/naoussa-1000-400-1-768x307.jpg 768w, https:\/\/dkrentalsparos.com\/wp-content\/uploads\/2024\/06\/naoussa-1000-400-1-480x192.jpg 480w, https:\/\/dkrentalsparos.com\/wp-content\/uploads\/2024\/06\/naoussa-1000-400-1-250x100.jpg 250w, https:\/\/dkrentalsparos.com\/wp-content\/uploads\/2024\/06\/naoussa-1000-400-1-625x250.jpg 625w, https:\/\/dkrentalsparos.com\/wp-content\/uploads\/2024\/06\/naoussa-1000-400-1-150x60.jpg 150w, https:\/\/dkrentalsparos.com\/wp-content\/uploads\/2024\/06\/naoussa-1000-400-1-605x242.jpg 605w\" sizes=\"auto, (max-width: 1000px) 100vw, 1000px\" \/><\/figure>\n<\/div>\n\n\n<p><\/p>\n\n\n\n<p style=\"font-size:16px\">Naoussa de Paros est le deuxi\u00e8me plus grand village de l'\u00eele, apr\u00e8s la capitale Parikia, dont il est \u00e9loign\u00e9 de 11 kilom\u00e8tres. Il est situ\u00e9 sur le c\u00f4t\u00e9 nord de l'\u00eele et combine avec succ\u00e8s le caract\u00e8re traditionnel de l'\u00eele avec une aura cosmopolite.<\/p>\n\n\n\n<p style=\"font-size:16px\">Malgr\u00e9 le d\u00e9veloppement accru de ces derni\u00e8res ann\u00e9es, Naoussa conserve toujours son caract\u00e8re insulaire authentique. Ses ruelles pittoresques, le ch\u00e2teau v\u00e9nitien sur la plage et son port impressionnant avec des bateaux priv\u00e9s offrent des vues magnifiques.<\/p>\n\n\n\n<p style=\"font-size:16px\">Naoussa offre tout ce dont un visiteur a besoin pour un s\u00e9jour confortable, comme des h\u00f4tels de luxe, des chambres \u00e0 louer et des villas. Elle poss\u00e8de \u00e9galement un grand march\u00e9 avec une vari\u00e9t\u00e9 de magasins o\u00f9 vous pouvez trouver de nombreux produits locaux. \u00c0 c\u00f4t\u00e9 du port pittoresque, vous trouverez de nombreuses tavernes et restaurants proposant du poisson frais.<\/p>\n\n\n\n<p style=\"font-size:16px\">Naoussa est sans aucun doute l'\u00e9picentre de la vie nocturne de Paros, car toute l'\u00eele s'y amuse jusqu'au matin.<\/p>\n\n\n\n<h4 class=\"wp-block-heading has-text-align-center\">-- <strong>Aliki<\/strong> --<\/h4>\n\n\n<div class=\"wp-block-image\">\n<figure class=\"aligncenter size-full\"><img loading=\"lazy\" decoding=\"async\" width=\"1000\" height=\"400\" src=\"https:\/\/dkrentalsparos.com\/wp-content\/uploads\/2024\/06\/aliki-beach-1000-400.jpg\" alt=\"\" class=\"wp-image-4297\" srcset=\"https:\/\/dkrentalsparos.com\/wp-content\/uploads\/2024\/06\/aliki-beach-1000-400.jpg 1000w, https:\/\/dkrentalsparos.com\/wp-content\/uploads\/2024\/06\/aliki-beach-1000-400-300x120.jpg 300w, https:\/\/dkrentalsparos.com\/wp-content\/uploads\/2024\/06\/aliki-beach-1000-400-768x307.jpg 768w, https:\/\/dkrentalsparos.com\/wp-content\/uploads\/2024\/06\/aliki-beach-1000-400-480x192.jpg 480w, https:\/\/dkrentalsparos.com\/wp-content\/uploads\/2024\/06\/aliki-beach-1000-400-250x100.jpg 250w, https:\/\/dkrentalsparos.com\/wp-content\/uploads\/2024\/06\/aliki-beach-1000-400-625x250.jpg 625w, https:\/\/dkrentalsparos.com\/wp-content\/uploads\/2024\/06\/aliki-beach-1000-400-150x60.jpg 150w, https:\/\/dkrentalsparos.com\/wp-content\/uploads\/2024\/06\/aliki-beach-1000-400-605x242.jpg 605w\" sizes=\"auto, (max-width: 1000px) 100vw, 1000px\" \/><\/figure>\n<\/div>\n\n\n<p><\/p>\n\n\n\n<p style=\"font-size:16px\">Aliki est un pittoresque village c\u00f4tier du sud de Paros, \u00e0 environ 12 kilom\u00e8tres de Parikia, pr\u00e8s de l'a\u00e9roport, et \u00e0 23 kilom\u00e8tres de Naoussa. Le beau et pittoresque village de Paros, Aliki, a conserv\u00e9 l'atmosph\u00e8re d'un village traditionnel, bien qu'il soit une destination populaire, surtout pour ceux qui d\u00e9sirent des vacances paisibles et familiales.<\/p>\n\n\n\n<p style=\"font-size:16px\">Aliki est c\u00e9l\u00e8bre pour ses tavernes et ses fruits de mer et poissons frais et de qualit\u00e9. Il devient le centre des activit\u00e9s de l'\u00eele le 6 ao\u00fbt lors de la f\u00eate du Sauveur et le 14 septembre pour la f\u00eate de la Croix, qui attire de nombreuses personnes.<\/p>\n\n\n\n<p style=\"font-size:16px\">La plage qui attire le plus de visiteurs est Pisso Aliki, qui est tr\u00e8s proche du village et peut \u00eatre atteinte \u00e0 pied.<\/p>\n\n\n\n<h4 class=\"wp-block-heading has-text-align-center\">-- <strong>Lefkes<\/strong> --<\/h4>\n\n\n\n<figure class=\"wp-block-image size-full\"><img loading=\"lazy\" decoding=\"async\" width=\"1000\" height=\"400\" src=\"https:\/\/dkrentalsparos.com\/wp-content\/uploads\/2024\/06\/lefkes-1000-400.jpg\" alt=\"\" class=\"wp-image-4301\" srcset=\"https:\/\/dkrentalsparos.com\/wp-content\/uploads\/2024\/06\/lefkes-1000-400.jpg 1000w, https:\/\/dkrentalsparos.com\/wp-content\/uploads\/2024\/06\/lefkes-1000-400-300x120.jpg 300w, https:\/\/dkrentalsparos.com\/wp-content\/uploads\/2024\/06\/lefkes-1000-400-768x307.jpg 768w, https:\/\/dkrentalsparos.com\/wp-content\/uploads\/2024\/06\/lefkes-1000-400-480x192.jpg 480w, https:\/\/dkrentalsparos.com\/wp-content\/uploads\/2024\/06\/lefkes-1000-400-250x100.jpg 250w, https:\/\/dkrentalsparos.com\/wp-content\/uploads\/2024\/06\/lefkes-1000-400-625x250.jpg 625w, https:\/\/dkrentalsparos.com\/wp-content\/uploads\/2024\/06\/lefkes-1000-400-150x60.jpg 150w, https:\/\/dkrentalsparos.com\/wp-content\/uploads\/2024\/06\/lefkes-1000-400-605x242.jpg 605w\" sizes=\"auto, (max-width: 1000px) 100vw, 1000px\" \/><\/figure>\n\n\n\n<p><\/p>\n\n\n\n<p style=\"font-size:16px\">Lefkes est le village le plus montagneux de Paros, construit sous une colline avec des pins \u00e0 une altitude de 200 m\u00e8tres. Le village de Lefkes \u00e9tait la premi\u00e8re capitale de l'\u00eele et se trouve \u00e0 11 kilom\u00e8tres de l'actuelle capitale, Parikia.<\/p>\n\n\n\n<p style=\"font-size:16px\">En plus des peupliers blancs (lefkes) qui ont donn\u00e9 son nom au village, les oliviers et autres arbres prosp\u00e8rent gr\u00e2ce aux eaux courantes. L'une des attractions remarquables est l'\u00e9glise de la Sainte Trinit\u00e9 (Agia Triada), qui est la deuxi\u00e8me plus grande apr\u00e8s Ekatontapyliani.<\/p>\n\n\n\n<p style=\"font-size:16px\">Les maisons traditionnelles du village sont construites en amphith\u00e9\u00e2tre, cr\u00e9ant de nombreuses ruelles \u00e9troites id\u00e9ales pour se promener. L'utilisation des voitures est interdite \u00e0 l'int\u00e9rieur du village, ce qui rend les ruelles et les sentiers partant de Lefkes parfaits pour se promener. Il y a beaucoup de boutiques et de tavernes.<\/p>\n\n\n\n<p style=\"font-size:16px\">\u00c0 la fin du mois d'ao\u00fbt, la f\u00eate de Karavola est l'occasion de l'une des plus grandes c\u00e9l\u00e9brations du village, avec beaucoup de nourriture, de karavoles (grands escargots), de musique et de danse. Pour une visite unique de Lefkes, la location de quad\/ATV est un choix id\u00e9al qui rendra la conduite une exp\u00e9rience inoubliable.<\/p>\n\n\n\n<h4 class=\"wp-block-heading has-text-align-center\">-- <strong>Piso Livadi<\/strong> --<\/h4>\n\n\n<div class=\"wp-block-image\">\n<figure class=\"aligncenter size-full\"><img loading=\"lazy\" decoding=\"async\" width=\"1000\" height=\"400\" src=\"https:\/\/dkrentalsparos.com\/wp-content\/uploads\/2024\/06\/piso-livadi-1000-400.jpg\" alt=\"\" class=\"wp-image-4306\" srcset=\"https:\/\/dkrentalsparos.com\/wp-content\/uploads\/2024\/06\/piso-livadi-1000-400.jpg 1000w, https:\/\/dkrentalsparos.com\/wp-content\/uploads\/2024\/06\/piso-livadi-1000-400-300x120.jpg 300w, https:\/\/dkrentalsparos.com\/wp-content\/uploads\/2024\/06\/piso-livadi-1000-400-768x307.jpg 768w, https:\/\/dkrentalsparos.com\/wp-content\/uploads\/2024\/06\/piso-livadi-1000-400-480x192.jpg 480w, https:\/\/dkrentalsparos.com\/wp-content\/uploads\/2024\/06\/piso-livadi-1000-400-250x100.jpg 250w, https:\/\/dkrentalsparos.com\/wp-content\/uploads\/2024\/06\/piso-livadi-1000-400-625x250.jpg 625w, https:\/\/dkrentalsparos.com\/wp-content\/uploads\/2024\/06\/piso-livadi-1000-400-150x60.jpg 150w, https:\/\/dkrentalsparos.com\/wp-content\/uploads\/2024\/06\/piso-livadi-1000-400-605x242.jpg 605w\" sizes=\"auto, (max-width: 1000px) 100vw, 1000px\" \/><\/figure>\n<\/div>\n\n\n<p><\/p>\n\n\n\n<p style=\"font-size:16px\">Piso Livadi est l'un des plus impressionnants villages c\u00f4tiers de Paros, situ\u00e9 sur le c\u00f4t\u00e9 est de l'\u00eele, \u00e0 17 kilom\u00e8tres de Parikia et \u00e0 12 kilom\u00e8tres de Naoussa.<\/p>\n\n\n\n<p style=\"font-size:16px\">Piso Livadi \u00e0 Paros est id\u00e9al pour les voyageurs qui souhaitent profiter de la tranquillit\u00e9 et de l'atmosph\u00e8re authentique de l'\u00eele, tout en ayant un acc\u00e8s facile aux zones plus anim\u00e9es de l'\u00eele.<\/p>\n\n\n\n<p style=\"font-size:16px\">Piso Livadi se caract\u00e9rise par des maisons blanches traditionnelles avec des portes et des fen\u00eatres bleues, refl\u00e9tant l'architecture locale des Cyclades. Les ruelles sont \u00e9troites et pav\u00e9es de pierre, ajoutant un charme unique au village. L'atmosph\u00e8re est amicale et accueillante, faisant sentir aux visiteurs qu'ils appartiennent \u00e0 la communaut\u00e9 locale.<\/p>\n\n\n\n<p style=\"font-size:16px\">Piso Livadi offre \u00e9galement une vue magnifique sur la mer et l'\u00eele voisine de Naxos. Les visiteurs peuvent profiter des couchers de soleil et se d\u00e9tendre dans des tavernes traditionnelles offrant de d\u00e9licieux plats grecs et des fruits de mer.<\/p>\n\n\n\n<p style=\"font-size:16px\">Depuis le petit port, vous pouvez souvent trouver des trajets en bateau vers Naxos et d'autres \u00eeles voisines. De plus, la r\u00e9gion offre la possibilit\u00e9 de visiter des villages voisins tels que Marpissa, Prodromos, Marmara et Lefkes, enrichissant ainsi l'exploration de la r\u00e9gion.<\/p>\n\n\n\n<h4 class=\"wp-block-heading has-text-align-center\">-- <strong>Antiparos<\/strong> --<\/h4>\n\n\n<div class=\"wp-block-image\">\n<figure class=\"aligncenter size-full\"><img loading=\"lazy\" decoding=\"async\" width=\"1000\" height=\"400\" src=\"https:\/\/dkrentalsparos.com\/wp-content\/uploads\/2024\/06\/antiparos-1000-400.jpg\" alt=\"\" class=\"wp-image-4310\" srcset=\"https:\/\/dkrentalsparos.com\/wp-content\/uploads\/2024\/06\/antiparos-1000-400.jpg 1000w, https:\/\/dkrentalsparos.com\/wp-content\/uploads\/2024\/06\/antiparos-1000-400-300x120.jpg 300w, https:\/\/dkrentalsparos.com\/wp-content\/uploads\/2024\/06\/antiparos-1000-400-768x307.jpg 768w, https:\/\/dkrentalsparos.com\/wp-content\/uploads\/2024\/06\/antiparos-1000-400-480x192.jpg 480w, https:\/\/dkrentalsparos.com\/wp-content\/uploads\/2024\/06\/antiparos-1000-400-250x100.jpg 250w, https:\/\/dkrentalsparos.com\/wp-content\/uploads\/2024\/06\/antiparos-1000-400-625x250.jpg 625w, https:\/\/dkrentalsparos.com\/wp-content\/uploads\/2024\/06\/antiparos-1000-400-150x60.jpg 150w, https:\/\/dkrentalsparos.com\/wp-content\/uploads\/2024\/06\/antiparos-1000-400-605x242.jpg 605w\" sizes=\"auto, (max-width: 1000px) 100vw, 1000px\" \/><\/figure>\n<\/div>\n\n\n<p><\/p>\n\n\n\n<p style=\"font-size:16px\">Antiparos est situ\u00e9 \u00e0 1 mile au sud-ouest en face de Pounta \u00e0 Paros, avec un peu plus de 1000 habitants, et n'est accessible que par ferry. C'est une petite \u00eele des Cyclades, ce qui en fait une destination id\u00e9ale pour la d\u00e9tente. Antiparos charme tous les voyageurs avec ses plages magiques et ses ruelles pittoresques.<\/p>\n\n\n\n<p style=\"font-size:16px\">Malgr\u00e9 sa petite taille, elle poss\u00e8de plusieurs plages avec des sables dor\u00e9s, des eaux cristallines et des grottes impressionnantes o\u00f9 vous pouvez nager. Certaines d'entre elles incluent Faneromeni, Soros et Agios Georgios, qui n\u00e9cessitent un v\u00e9hicule pour les visiter en raison de leur distance.<\/p>\n\n\n\n<p style=\"font-size:16px\">Il y a plusieurs attractions \u00e0 Antiparos, comme le ch\u00e2teau v\u00e9nitien et la grotte. Elle offre des h\u00f4tels, des chambres \u00e0 louer, des tavernes traditionnelles, des restaurants et des bars pour la vie nocturne.<\/p>\n","protected":false},"excerpt":{"rendered":"<p>-- Naoussa -- Naoussa de Paros est le deuxi\u00e8me plus grand village de l'\u00eele, apr\u00e8s la capitale Parikia, dont il est \u00e9loign\u00e9 de 11 kilom\u00e8tres. Il est situ\u00e9 sur le c\u00f4t\u00e9 nord de l'\u00eele et combine avec succ\u00e8s le caract\u00e8re traditionnel de l'\u00eele avec une aura cosmopolite. Malgr\u00e9 le d\u00e9veloppement accru de ces derni\u00e8res ann\u00e9es, &hellip; <\/p>\n<p class=\"link-more\"><a href=\"https:\/\/dkrentalsparos.com\/fr\/villages-de-paros\/\" class=\"more-link\"><span class=\"screen-reader-text\"> prova \"Villages de Paros\"<\/span><\/a><\/p>\n","protected":false},"author":1,"featured_media":0,"parent":0,"menu_order":0,"comment_status":"closed","ping_status":"closed","template":"page-templates\/page-sidebars.php","meta":{"footnotes":""},"class_list":["post-4318","page","type-page","status-publish","hentry"],"yoast_head":"<!-- This site is optimized with the Yoast SEO plugin v27.1.1 - https:\/\/yoast.com\/product\/yoast-seo-wordpress\/ -->\n<title>Villages Traditionnels de Paros: Naoussa, Aliki, Lefkes, Piso Livadi, Antiparos<\/title>\n<meta name=\"description\" content=\"Explorez les villages enchanteurs de Paros: Naoussa, Aliki, Lefkes, Piso Livadi et Antiparos. D\u00e9couvrez leurs plages, leur histoire et leur cuisine locale.\" \/>\n<meta name=\"robots\" content=\"index, follow, max-snippet:-1, max-image-preview:large, max-video-preview:-1\" \/>\n<link rel=\"canonical\" href=\"https:\/\/dkrentalsparos.com\/fr\/villages-de-paros\/\" \/>\n<meta property=\"og:locale\" content=\"fr_FR\" \/>\n<meta property=\"og:type\" content=\"article\" \/>\n<meta property=\"og:title\" content=\"Villages Traditionnels de Paros: Naoussa, Aliki, Lefkes, Piso Livadi, Antiparos\" \/>\n<meta property=\"og:description\" content=\"Explorez les villages enchanteurs de Paros: Naoussa, Aliki, Lefkes, Piso Livadi et Antiparos. D\u00e9couvrez leurs plages, leur histoire et leur cuisine locale.\" \/>\n<meta property=\"og:url\" content=\"https:\/\/dkrentalsparos.com\/fr\/villages-de-paros\/\" \/>\n<meta property=\"og:site_name\" content=\"DK Rentals \u00e0 Paros\" \/>\n<meta property=\"article:modified_time\" content=\"2024-06-09T20:50:09+00:00\" \/>\n<meta property=\"og:image\" content=\"https:\/\/dkrentalsparos.com\/wp-content\/uploads\/2024\/06\/naoussa-1000-400-1.jpg\" \/>\n<meta name=\"twitter:card\" content=\"summary_large_image\" \/>\n<meta name=\"twitter:label1\" content=\"Dur\u00e9e de lecture estim\u00e9e\" \/>\n\t<meta name=\"twitter:data1\" content=\"5 minutes\" \/>\n<script type=\"application\/ld+json\" class=\"yoast-schema-graph\">{\"@context\":\"https:\/\/schema.org\",\"@graph\":[{\"@type\":\"WebPage\",\"@id\":\"https:\/\/dkrentalsparos.com\/fr\/villages-de-paros\/\",\"url\":\"https:\/\/dkrentalsparos.com\/fr\/villages-de-paros\/\",\"name\":\"Villages Traditionnels de Paros: Naoussa, Aliki, Lefkes, Piso Livadi, Antiparos\",\"isPartOf\":{\"@id\":\"https:\/\/dkrentalsparos.com\/fr\/#website\"},\"primaryImageOfPage\":{\"@id\":\"https:\/\/dkrentalsparos.com\/fr\/villages-de-paros\/#primaryimage\"},\"image\":{\"@id\":\"https:\/\/dkrentalsparos.com\/fr\/villages-de-paros\/#primaryimage\"},\"thumbnailUrl\":\"https:\/\/dkrentalsparos.com\/wp-content\/uploads\/2024\/06\/naoussa-1000-400-1.jpg\",\"datePublished\":\"2024-06-09T20:37:57+00:00\",\"dateModified\":\"2024-06-09T20:50:09+00:00\",\"description\":\"Explorez les villages enchanteurs de Paros: Naoussa, Aliki, Lefkes, Piso Livadi et Antiparos. D\u00e9couvrez leurs plages, leur histoire et leur cuisine locale.\",\"breadcrumb\":{\"@id\":\"https:\/\/dkrentalsparos.com\/fr\/villages-de-paros\/#breadcrumb\"},\"inLanguage\":\"fr-FR\",\"potentialAction\":[{\"@type\":\"ReadAction\",\"target\":[\"https:\/\/dkrentalsparos.com\/fr\/villages-de-paros\/\"]}]},{\"@type\":\"ImageObject\",\"inLanguage\":\"fr-FR\",\"@id\":\"https:\/\/dkrentalsparos.com\/fr\/villages-de-paros\/#primaryimage\",\"url\":\"https:\/\/dkrentalsparos.com\/wp-content\/uploads\/2024\/06\/naoussa-1000-400-1.jpg\",\"contentUrl\":\"https:\/\/dkrentalsparos.com\/wp-content\/uploads\/2024\/06\/naoussa-1000-400-1.jpg\"},{\"@type\":\"BreadcrumbList\",\"@id\":\"https:\/\/dkrentalsparos.com\/fr\/villages-de-paros\/#breadcrumb\",\"itemListElement\":[{\"@type\":\"ListItem\",\"position\":1,\"name\":\"Home\",\"item\":\"https:\/\/dkrentalsparos.com\/fr\/\"},{\"@type\":\"ListItem\",\"position\":2,\"name\":\"Villages de Paros\"}]},{\"@type\":\"WebSite\",\"@id\":\"https:\/\/dkrentalsparos.com\/fr\/#website\",\"url\":\"https:\/\/dkrentalsparos.com\/fr\/\",\"name\":\"DK Rentals \u00e0 Paros\",\"description\":\"DK Rentals \u00e0 Paros\",\"publisher\":{\"@id\":\"https:\/\/dkrentalsparos.com\/fr\/#organization\"},\"potentialAction\":[{\"@type\":\"SearchAction\",\"target\":{\"@type\":\"EntryPoint\",\"urlTemplate\":\"https:\/\/dkrentalsparos.com\/fr\/?s={search_term_string}\"},\"query-input\":{\"@type\":\"PropertyValueSpecification\",\"valueRequired\":true,\"valueName\":\"search_term_string\"}}],\"inLanguage\":\"fr-FR\"},{\"@type\":\"Organization\",\"@id\":\"https:\/\/dkrentalsparos.com\/fr\/#organization\",\"name\":\"DK Rentals Paros\",\"url\":\"https:\/\/dkrentalsparos.com\/fr\/\",\"logo\":{\"@type\":\"ImageObject\",\"inLanguage\":\"fr-FR\",\"@id\":\"https:\/\/dkrentalsparos.com\/fr\/#\/schema\/logo\/image\/\",\"url\":\"https:\/\/dkrentalsparos.com\/wp-content\/uploads\/2021\/02\/dk-rentals-petrol-new.png\",\"contentUrl\":\"https:\/\/dkrentalsparos.com\/wp-content\/uploads\/2021\/02\/dk-rentals-petrol-new.png\",\"width\":260,\"height\":69,\"caption\":\"DK Rentals Paros\"},\"image\":{\"@id\":\"https:\/\/dkrentalsparos.com\/fr\/#\/schema\/logo\/image\/\"}}]}<\/script>\n<!-- \/ Yoast SEO plugin. -->","yoast_head_json":{"title":"Villages Traditionnels de Paros: Naoussa, Aliki, Lefkes, Piso Livadi, Antiparos","description":"Explorez les villages enchanteurs de Paros: Naoussa, Aliki, Lefkes, Piso Livadi et Antiparos. D\u00e9couvrez leurs plages, leur histoire et leur cuisine locale.","robots":{"index":"index","follow":"follow","max-snippet":"max-snippet:-1","max-image-preview":"max-image-preview:large","max-video-preview":"max-video-preview:-1"},"canonical":"https:\/\/dkrentalsparos.com\/fr\/villages-de-paros\/","og_locale":"fr_FR","og_type":"article","og_title":"Villages Traditionnels de Paros: Naoussa, Aliki, Lefkes, Piso Livadi, Antiparos","og_description":"Explorez les villages enchanteurs de Paros: Naoussa, Aliki, Lefkes, Piso Livadi et Antiparos. D\u00e9couvrez leurs plages, leur histoire et leur cuisine locale.","og_url":"https:\/\/dkrentalsparos.com\/fr\/villages-de-paros\/","og_site_name":"DK Rentals \u00e0 Paros","article_modified_time":"2024-06-09T20:50:09+00:00","og_image":[{"url":"https:\/\/dkrentalsparos.com\/wp-content\/uploads\/2024\/06\/naoussa-1000-400-1.jpg","type":"","width":"","height":""}],"twitter_card":"summary_large_image","twitter_misc":{"Dur\u00e9e de lecture estim\u00e9e":"5 minutes"},"schema":{"@context":"https:\/\/schema.org","@graph":[{"@type":"WebPage","@id":"https:\/\/dkrentalsparos.com\/fr\/villages-de-paros\/","url":"https:\/\/dkrentalsparos.com\/fr\/villages-de-paros\/","name":"Villages Traditionnels de Paros: Naoussa, Aliki, Lefkes, Piso Livadi, Antiparos","isPartOf":{"@id":"https:\/\/dkrentalsparos.com\/fr\/#website"},"primaryImageOfPage":{"@id":"https:\/\/dkrentalsparos.com\/fr\/villages-de-paros\/#primaryimage"},"image":{"@id":"https:\/\/dkrentalsparos.com\/fr\/villages-de-paros\/#primaryimage"},"thumbnailUrl":"https:\/\/dkrentalsparos.com\/wp-content\/uploads\/2024\/06\/naoussa-1000-400-1.jpg","datePublished":"2024-06-09T20:37:57+00:00","dateModified":"2024-06-09T20:50:09+00:00","description":"Explorez les villages enchanteurs de Paros: Naoussa, Aliki, Lefkes, Piso Livadi et Antiparos. D\u00e9couvrez leurs plages, leur histoire et leur cuisine locale.","breadcrumb":{"@id":"https:\/\/dkrentalsparos.com\/fr\/villages-de-paros\/#breadcrumb"},"inLanguage":"fr-FR","potentialAction":[{"@type":"ReadAction","target":["https:\/\/dkrentalsparos.com\/fr\/villages-de-paros\/"]}]},{"@type":"ImageObject","inLanguage":"fr-FR","@id":"https:\/\/dkrentalsparos.com\/fr\/villages-de-paros\/#primaryimage","url":"https:\/\/dkrentalsparos.com\/wp-content\/uploads\/2024\/06\/naoussa-1000-400-1.jpg","contentUrl":"https:\/\/dkrentalsparos.com\/wp-content\/uploads\/2024\/06\/naoussa-1000-400-1.jpg"},{"@type":"BreadcrumbList","@id":"https:\/\/dkrentalsparos.com\/fr\/villages-de-paros\/#breadcrumb","itemListElement":[{"@type":"ListItem","position":1,"name":"Home","item":"https:\/\/dkrentalsparos.com\/fr\/"},{"@type":"ListItem","position":2,"name":"Villages de Paros"}]},{"@type":"WebSite","@id":"https:\/\/dkrentalsparos.com\/fr\/#website","url":"https:\/\/dkrentalsparos.com\/fr\/","name":"DK Rentals \u00e0 Paros","description":"DK Rentals \u00e0 Paros","publisher":{"@id":"https:\/\/dkrentalsparos.com\/fr\/#organization"},"potentialAction":[{"@type":"SearchAction","target":{"@type":"EntryPoint","urlTemplate":"https:\/\/dkrentalsparos.com\/fr\/?s={search_term_string}"},"query-input":{"@type":"PropertyValueSpecification","valueRequired":true,"valueName":"search_term_string"}}],"inLanguage":"fr-FR"},{"@type":"Organization","@id":"https:\/\/dkrentalsparos.com\/fr\/#organization","name":"DK Rentals Paros","url":"https:\/\/dkrentalsparos.com\/fr\/","logo":{"@type":"ImageObject","inLanguage":"fr-FR","@id":"https:\/\/dkrentalsparos.com\/fr\/#\/schema\/logo\/image\/","url":"https:\/\/dkrentalsparos.com\/wp-content\/uploads\/2021\/02\/dk-rentals-petrol-new.png","contentUrl":"https:\/\/dkrentalsparos.com\/wp-content\/uploads\/2021\/02\/dk-rentals-petrol-new.png","width":260,"height":69,"caption":"DK Rentals Paros"},"image":{"@id":"https:\/\/dkrentalsparos.com\/fr\/#\/schema\/logo\/image\/"}}]}},"_links":{"self":[{"href":"https:\/\/dkrentalsparos.com\/fr\/wp-json\/wp\/v2\/pages\/4318","targetHints":{"allow":["GET"]}}],"collection":[{"href":"https:\/\/dkrentalsparos.com\/fr\/wp-json\/wp\/v2\/pages"}],"about":[{"href":"https:\/\/dkrentalsparos.com\/fr\/wp-json\/wp\/v2\/types\/page"}],"author":[{"embeddable":true,"href":"https:\/\/dkrentalsparos.com\/fr\/wp-json\/wp\/v2\/users\/1"}],"replies":[{"embeddable":true,"href":"https:\/\/dkrentalsparos.com\/fr\/wp-json\/wp\/v2\/comments?post=4318"}],"version-history":[{"count":2,"href":"https:\/\/dkrentalsparos.com\/fr\/wp-json\/wp\/v2\/pages\/4318\/revisions"}],"predecessor-version":[{"id":4320,"href":"https:\/\/dkrentalsparos.com\/fr\/wp-json\/wp\/v2\/pages\/4318\/revisions\/4320"}],"wp:attachment":[{"href":"https:\/\/dkrentalsparos.com\/fr\/wp-json\/wp\/v2\/media?parent=4318"}],"curies":[{"name":"wp","href":"https:\/\/api.w.org\/{rel}","templated":true}]}}