{"id":2476,"date":"2020-03-17T07:01:43","date_gmt":"2020-03-17T07:01:43","guid":{"rendered":"https:\/\/dkrentalsparos.com\/about-us\/"},"modified":"2022-12-26T17:35:15","modified_gmt":"2022-12-26T15:35:15","slug":"chi-siamo","status":"publish","type":"page","link":"https:\/\/dkrentalsparos.com\/it\/chi-siamo\/","title":{"rendered":"Chi siamo"},"content":{"rendered":"\n<p>L'azienda DK Rentals si trova a Parikia appena a pochi metri dal porto di Paros. L'azienda ha sede dal 2013 ed \u00e8 specializzata al&nbsp;<strong>noleggio di <a href=\"https:\/\/dkrentalsparos.com\/it\/automobili\/\">automobili<\/a>,&nbsp;<a href=\"https:\/\/dkrentalsparos.com\/it\/quads-atvs\/\">quad \/ ATV,<\/a>&nbsp;&nbsp;<a href=\"https:\/\/dkrentalsparos.com\/it\/buggies\/\">buggy<\/a>,&nbsp;<a href=\"https:\/\/dkrentalsparos.com\/it\/motociclette\/\">motociclette<\/a> e <a href=\"https:\/\/dkrentalsparos.com\/it\/scooters\/\">scooter <\/a>a Paros.<\/strong><\/p>\n\n\n\n<p>La missione della DK Rentals \u00e8 quella di&nbsp;<strong>fornire servizi di alta qualit\u00e0<\/strong>&nbsp;che combinano&nbsp;<strong>sicurezza e professionalit\u00e0<\/strong>&nbsp;nel settore di noleggio di scooter, quad \/ ATV e buggy motociclette e automobili a Paros.<\/p>\n\n\n\n<p>Il nostro obiettivo \u00e8 soddisfare le esigenze dei nostri clienti&nbsp;<strong>fornendo servizi di qualit\u00e0, affidabili e innovativi<\/strong>. Il nostro personale esperto ha la conoscenza e l\u2019esperienza per fornirvi servizi di noleggio affidabile e sicuro di scooter, quad \/ atv, buggy motociclette e automobili.<\/p>\n\n\n\n<p>Vogliamo fare la differenza nel settore del noleggio offrendo scooter, quad \/ ATV buggy, motociclette e automobili nuovissimi disponibili per il noleggio a Paros ai prezzi migliori del mercato.<\/p>\n\n\n\n<p>Per tua comodit\u00e0, offriamo una&nbsp;<strong>vasta gamma di scooter, quad \/ ATV ,buggy motociclette e automobili<\/strong>:<\/p>\n\n\n\n<ul class=\"wp-block-list\">\n<li>Scooter automatici da 125cc a 200cc<\/li>\n\n\n\n<li>Buggy automatici da 570cc <\/li>\n\n\n\n<li>Quad (ATV) da 170cc a 500cc<\/li>\n\n\n\n<li>Motociclette di grossa cilindrata<\/li>\n\n\n\n<li>Automobili di cambio automatico o manuale di categorie A-B-C-D-E-F-I-L-M<\/li>\n<\/ul>\n\n\n\n<p>Le caratteristiche tecniche ed i prezzi sono riportati su tutti i nostri veicoli in dettaglio. Il nostro principio di base \u00e8 che ricevi&nbsp;<strong>lo scooter, il quad \/ ATV o il buggy, la motocicletta o l\u2019automobile &nbsp;che hai scelto per noleggiare<\/strong>, e non qualcosa di simile.<\/p>\n\n\n\n<p>Prenota online e\u00a0<strong>risparmia fino al 15%<\/strong>. L\u2019offerta \u00e8 valida per tutti i veicoli in tutti i periodi escluso Agosto<strong>.<\/strong> Per le prenotazioni online, seleziona il veicolo che ti interessa e completa il modulo di prenotazione con i tuoi dati.<\/p>\n\n\n\n<p>Servizi extra che ci rendono distinti:<\/p>\n\n\n\n<ul class=\"wp-block-list\">\n<li><strong>Soccorso stradale, 24h<\/strong><\/li>\n\n\n\n<li><strong>Chilometri illimitati<\/strong><\/li>\n\n\n\n<li>Selezione da una&nbsp;<strong>vasta gamma di veicoli<\/strong><\/li>\n\n\n\n<li><strong>Prezzi corretti e finali<\/strong>, nessun costo nascosto.\u00a0<strong>Le nostre tariffe includono<\/strong>: IVA 24% \u2013\u00a0Chilometri illimitati\u00a0\u2013 assicurazione verso terzi \u2013 Consegna al porto, all\u2019aeroporto, all\u2019albergo (su richiesta) \u2013 Caschi gratuiti.<\/li>\n\n\n\n<li><strong>Mappa gratuita<\/strong>&nbsp;di Paros<\/li>\n\n\n\n<li><strong>Riduzioni fino al 15%<\/strong>\u00a0su tutti i veicoli prenotati online ad eccezione del mese di agosto.<\/li>\n<\/ul>\n\n\n\n<p>La ricompensa pi\u00f9 grande per noi sono&nbsp;<strong>le buone recensioni<\/strong>&nbsp;e raccomandazioni dei nostri clienti.<\/p>\n\n\n\n<p>Cordiali saluti,<\/p>\n\n\n\n<p>DK Rentals Paros<\/p>\n","protected":false},"excerpt":{"rendered":"<p>L'azienda DK Rentals si trova a Parikia appena a pochi metri dal porto di Paros. L'azienda ha sede dal 2013 ed \u00e8 specializzata al&nbsp;noleggio di automobili,&nbsp;quad \/ ATV,&nbsp;&nbsp;buggy,&nbsp;motociclette e scooter a Paros. La missione della DK Rentals \u00e8 quella di&nbsp;fornire servizi di alta qualit\u00e0&nbsp;che combinano&nbsp;sicurezza e professionalit\u00e0&nbsp;nel settore di noleggio di scooter, quad \/ ATV &hellip; <\/p>\n<p class=\"link-more\"><a href=\"https:\/\/dkrentalsparos.com\/it\/chi-siamo\/\" class=\"more-link\"><span class=\"screen-reader-text\"> prova \"Chi siamo\"<\/span><\/a><\/p>\n","protected":false},"author":1,"featured_media":2477,"parent":0,"menu_order":0,"comment_status":"closed","ping_status":"closed","template":"page-templates\/page-sidebar-extras.php","meta":{"footnotes":""},"class_list":["post-2476","page","type-page","status-publish","has-post-thumbnail","hentry"],"yoast_head":"<!-- This site is optimized with the Yoast SEO plugin v27.1.1 - https:\/\/yoast.com\/product\/yoast-seo-wordpress\/ -->\n<title>Noleggio auto, buggy, quad \/ atv, moto &amp; scooter a Paros - DK Rentals<\/title>\n<meta name=\"description\" content=\"L\u2019azienda DK Rentals si trova a Parikia, al porto di Paros. Fa parte del gruppo Polos, con sede dal 2013 ed \u00e8 specializzata al noleggio di scooter, quad \/ ATV, buggy, motociclette e automobili a Paros.\" \/>\n<meta name=\"robots\" content=\"index, follow, max-snippet:-1, max-image-preview:large, max-video-preview:-1\" \/>\n<link rel=\"canonical\" href=\"https:\/\/dkrentalsparos.com\/it\/chi-siamo\/\" \/>\n<meta property=\"og:locale\" content=\"it_IT\" \/>\n<meta property=\"og:type\" content=\"article\" \/>\n<meta property=\"og:title\" content=\"Noleggio auto, buggy, quad \/ atv, moto &amp; scooter a Paros - DK Rentals\" \/>\n<meta property=\"og:description\" content=\"L\u2019azienda DK Rentals si trova a Parikia, al porto di Paros. Fa parte del gruppo Polos, con sede dal 2013 ed \u00e8 specializzata al noleggio di scooter, quad \/ ATV, buggy, motociclette e automobili a Paros.\" \/>\n<meta property=\"og:url\" content=\"https:\/\/dkrentalsparos.com\/it\/chi-siamo\/\" \/>\n<meta property=\"og:site_name\" content=\"DK Rentals a Paros\" \/>\n<meta property=\"article:modified_time\" content=\"2022-12-26T15:35:15+00:00\" \/>\n<meta property=\"og:image\" content=\"https:\/\/dkrentalsparos.com\/wp-content\/uploads\/2021\/02\/about-us-dk-rentals-1600-700.jpg\" \/>\n\t<meta property=\"og:image:width\" content=\"1600\" \/>\n\t<meta property=\"og:image:height\" content=\"700\" \/>\n\t<meta property=\"og:image:type\" content=\"image\/jpeg\" \/>\n<meta name=\"twitter:card\" content=\"summary_large_image\" \/>\n<meta name=\"twitter:label1\" content=\"Tempo di lettura stimato\" \/>\n\t<meta name=\"twitter:data1\" content=\"2 minuti\" \/>\n<script type=\"application\/ld+json\" class=\"yoast-schema-graph\">{\"@context\":\"https:\/\/schema.org\",\"@graph\":[{\"@type\":\"WebPage\",\"@id\":\"https:\/\/dkrentalsparos.com\/it\/chi-siamo\/\",\"url\":\"https:\/\/dkrentalsparos.com\/it\/chi-siamo\/\",\"name\":\"Noleggio auto, buggy, quad \/ atv, moto & scooter a Paros - DK Rentals\",\"isPartOf\":{\"@id\":\"https:\/\/dkrentalsparos.com\/it\/#website\"},\"primaryImageOfPage\":{\"@id\":\"https:\/\/dkrentalsparos.com\/it\/chi-siamo\/#primaryimage\"},\"image\":{\"@id\":\"https:\/\/dkrentalsparos.com\/it\/chi-siamo\/#primaryimage\"},\"thumbnailUrl\":\"https:\/\/dkrentalsparos.com\/wp-content\/uploads\/2021\/02\/about-us-dk-rentals-1600-700.jpg\",\"datePublished\":\"2020-03-17T07:01:43+00:00\",\"dateModified\":\"2022-12-26T15:35:15+00:00\",\"description\":\"L\u2019azienda DK Rentals si trova a Parikia, al porto di Paros. Fa parte del gruppo Polos, con sede dal 2013 ed \u00e8 specializzata al noleggio di scooter, quad \/ ATV, buggy, motociclette e automobili a Paros.\",\"breadcrumb\":{\"@id\":\"https:\/\/dkrentalsparos.com\/it\/chi-siamo\/#breadcrumb\"},\"inLanguage\":\"it-IT\",\"potentialAction\":[{\"@type\":\"ReadAction\",\"target\":[\"https:\/\/dkrentalsparos.com\/it\/chi-siamo\/\"]}]},{\"@type\":\"ImageObject\",\"inLanguage\":\"it-IT\",\"@id\":\"https:\/\/dkrentalsparos.com\/it\/chi-siamo\/#primaryimage\",\"url\":\"https:\/\/dkrentalsparos.com\/wp-content\/uploads\/2021\/02\/about-us-dk-rentals-1600-700.jpg\",\"contentUrl\":\"https:\/\/dkrentalsparos.com\/wp-content\/uploads\/2021\/02\/about-us-dk-rentals-1600-700.jpg\",\"width\":1600,\"height\":700},{\"@type\":\"BreadcrumbList\",\"@id\":\"https:\/\/dkrentalsparos.com\/it\/chi-siamo\/#breadcrumb\",\"itemListElement\":[{\"@type\":\"ListItem\",\"position\":1,\"name\":\"Home\",\"item\":\"https:\/\/dkrentalsparos.com\/it\/\"},{\"@type\":\"ListItem\",\"position\":2,\"name\":\"Chi siamo\"}]},{\"@type\":\"WebSite\",\"@id\":\"https:\/\/dkrentalsparos.com\/it\/#website\",\"url\":\"https:\/\/dkrentalsparos.com\/it\/\",\"name\":\"DK Rentals a Paros\",\"description\":\"DK Rentals in Paros\",\"publisher\":{\"@id\":\"https:\/\/dkrentalsparos.com\/it\/#organization\"},\"potentialAction\":[{\"@type\":\"SearchAction\",\"target\":{\"@type\":\"EntryPoint\",\"urlTemplate\":\"https:\/\/dkrentalsparos.com\/it\/?s={search_term_string}\"},\"query-input\":{\"@type\":\"PropertyValueSpecification\",\"valueRequired\":true,\"valueName\":\"search_term_string\"}}],\"inLanguage\":\"it-IT\"},{\"@type\":\"Organization\",\"@id\":\"https:\/\/dkrentalsparos.com\/it\/#organization\",\"name\":\"DK Rentals Paros\",\"url\":\"https:\/\/dkrentalsparos.com\/it\/\",\"logo\":{\"@type\":\"ImageObject\",\"inLanguage\":\"it-IT\",\"@id\":\"https:\/\/dkrentalsparos.com\/it\/#\/schema\/logo\/image\/\",\"url\":\"https:\/\/dkrentalsparos.com\/wp-content\/uploads\/2021\/02\/dk-rentals-petrol-new.png\",\"contentUrl\":\"https:\/\/dkrentalsparos.com\/wp-content\/uploads\/2021\/02\/dk-rentals-petrol-new.png\",\"width\":260,\"height\":69,\"caption\":\"DK Rentals Paros\"},\"image\":{\"@id\":\"https:\/\/dkrentalsparos.com\/it\/#\/schema\/logo\/image\/\"}}]}<\/script>\n<!-- \/ Yoast SEO plugin. -->","yoast_head_json":{"title":"Noleggio auto, buggy, quad \/ atv, moto & scooter a Paros - DK Rentals","description":"L\u2019azienda DK Rentals si trova a Parikia, al porto di Paros. Fa parte del gruppo Polos, con sede dal 2013 ed \u00e8 specializzata al noleggio di scooter, quad \/ ATV, buggy, motociclette e automobili a Paros.","robots":{"index":"index","follow":"follow","max-snippet":"max-snippet:-1","max-image-preview":"max-image-preview:large","max-video-preview":"max-video-preview:-1"},"canonical":"https:\/\/dkrentalsparos.com\/it\/chi-siamo\/","og_locale":"it_IT","og_type":"article","og_title":"Noleggio auto, buggy, quad \/ atv, moto & scooter a Paros - DK Rentals","og_description":"L\u2019azienda DK Rentals si trova a Parikia, al porto di Paros. Fa parte del gruppo Polos, con sede dal 2013 ed \u00e8 specializzata al noleggio di scooter, quad \/ ATV, buggy, motociclette e automobili a Paros.","og_url":"https:\/\/dkrentalsparos.com\/it\/chi-siamo\/","og_site_name":"DK Rentals a Paros","article_modified_time":"2022-12-26T15:35:15+00:00","og_image":[{"width":1600,"height":700,"url":"https:\/\/dkrentalsparos.com\/wp-content\/uploads\/2021\/02\/about-us-dk-rentals-1600-700.jpg","type":"image\/jpeg"}],"twitter_card":"summary_large_image","twitter_misc":{"Tempo di lettura stimato":"2 minuti"},"schema":{"@context":"https:\/\/schema.org","@graph":[{"@type":"WebPage","@id":"https:\/\/dkrentalsparos.com\/it\/chi-siamo\/","url":"https:\/\/dkrentalsparos.com\/it\/chi-siamo\/","name":"Noleggio auto, buggy, quad \/ atv, moto & scooter a Paros - DK Rentals","isPartOf":{"@id":"https:\/\/dkrentalsparos.com\/it\/#website"},"primaryImageOfPage":{"@id":"https:\/\/dkrentalsparos.com\/it\/chi-siamo\/#primaryimage"},"image":{"@id":"https:\/\/dkrentalsparos.com\/it\/chi-siamo\/#primaryimage"},"thumbnailUrl":"https:\/\/dkrentalsparos.com\/wp-content\/uploads\/2021\/02\/about-us-dk-rentals-1600-700.jpg","datePublished":"2020-03-17T07:01:43+00:00","dateModified":"2022-12-26T15:35:15+00:00","description":"L\u2019azienda DK Rentals si trova a Parikia, al porto di Paros. Fa parte del gruppo Polos, con sede dal 2013 ed \u00e8 specializzata al noleggio di scooter, quad \/ ATV, buggy, motociclette e automobili a Paros.","breadcrumb":{"@id":"https:\/\/dkrentalsparos.com\/it\/chi-siamo\/#breadcrumb"},"inLanguage":"it-IT","potentialAction":[{"@type":"ReadAction","target":["https:\/\/dkrentalsparos.com\/it\/chi-siamo\/"]}]},{"@type":"ImageObject","inLanguage":"it-IT","@id":"https:\/\/dkrentalsparos.com\/it\/chi-siamo\/#primaryimage","url":"https:\/\/dkrentalsparos.com\/wp-content\/uploads\/2021\/02\/about-us-dk-rentals-1600-700.jpg","contentUrl":"https:\/\/dkrentalsparos.com\/wp-content\/uploads\/2021\/02\/about-us-dk-rentals-1600-700.jpg","width":1600,"height":700},{"@type":"BreadcrumbList","@id":"https:\/\/dkrentalsparos.com\/it\/chi-siamo\/#breadcrumb","itemListElement":[{"@type":"ListItem","position":1,"name":"Home","item":"https:\/\/dkrentalsparos.com\/it\/"},{"@type":"ListItem","position":2,"name":"Chi siamo"}]},{"@type":"WebSite","@id":"https:\/\/dkrentalsparos.com\/it\/#website","url":"https:\/\/dkrentalsparos.com\/it\/","name":"DK Rentals a Paros","description":"DK Rentals in Paros","publisher":{"@id":"https:\/\/dkrentalsparos.com\/it\/#organization"},"potentialAction":[{"@type":"SearchAction","target":{"@type":"EntryPoint","urlTemplate":"https:\/\/dkrentalsparos.com\/it\/?s={search_term_string}"},"query-input":{"@type":"PropertyValueSpecification","valueRequired":true,"valueName":"search_term_string"}}],"inLanguage":"it-IT"},{"@type":"Organization","@id":"https:\/\/dkrentalsparos.com\/it\/#organization","name":"DK Rentals Paros","url":"https:\/\/dkrentalsparos.com\/it\/","logo":{"@type":"ImageObject","inLanguage":"it-IT","@id":"https:\/\/dkrentalsparos.com\/it\/#\/schema\/logo\/image\/","url":"https:\/\/dkrentalsparos.com\/wp-content\/uploads\/2021\/02\/dk-rentals-petrol-new.png","contentUrl":"https:\/\/dkrentalsparos.com\/wp-content\/uploads\/2021\/02\/dk-rentals-petrol-new.png","width":260,"height":69,"caption":"DK Rentals Paros"},"image":{"@id":"https:\/\/dkrentalsparos.com\/it\/#\/schema\/logo\/image\/"}}]}},"_links":{"self":[{"href":"https:\/\/dkrentalsparos.com\/it\/wp-json\/wp\/v2\/pages\/2476","targetHints":{"allow":["GET"]}}],"collection":[{"href":"https:\/\/dkrentalsparos.com\/it\/wp-json\/wp\/v2\/pages"}],"about":[{"href":"https:\/\/dkrentalsparos.com\/it\/wp-json\/wp\/v2\/types\/page"}],"author":[{"embeddable":true,"href":"https:\/\/dkrentalsparos.com\/it\/wp-json\/wp\/v2\/users\/1"}],"replies":[{"embeddable":true,"href":"https:\/\/dkrentalsparos.com\/it\/wp-json\/wp\/v2\/comments?post=2476"}],"version-history":[{"count":9,"href":"https:\/\/dkrentalsparos.com\/it\/wp-json\/wp\/v2\/pages\/2476\/revisions"}],"predecessor-version":[{"id":3723,"href":"https:\/\/dkrentalsparos.com\/it\/wp-json\/wp\/v2\/pages\/2476\/revisions\/3723"}],"wp:featuredmedia":[{"embeddable":true,"href":"https:\/\/dkrentalsparos.com\/it\/wp-json\/wp\/v2\/media\/2477"}],"wp:attachment":[{"href":"https:\/\/dkrentalsparos.com\/it\/wp-json\/wp\/v2\/media?parent=2476"}],"curies":[{"name":"wp","href":"https:\/\/api.w.org\/{rel}","templated":true}]}}