{"id":2577,"date":"2021-04-02T07:40:14","date_gmt":"2021-04-02T04:40:14","guid":{"rendered":"https:\/\/dkrentalsparos.com\/?page_id=2577"},"modified":"2025-07-23T08:58:41","modified_gmt":"2025-07-23T05:58:41","slug":"scooters","status":"publish","type":"page","link":"https:\/\/dkrentalsparos.com\/it\/scooters\/","title":{"rendered":"Noleggio scooter"},"content":{"rendered":"\n<div class=\"wrap plugin-container\">\n\n\t\n\t\n\t\t<h3 class=\"vrcclistheadt\">Scooters<\/h3>\n\t<div class=\"vrc-search-results-block\">\n\n\t<div class=\"car_result\">\n\t\t<div class=\"vrc-car-result-left\">\n\t\t\t\t\t<img decoding=\"async\" class=\"imgresult\" alt=\"Sym 125cc License Cat. A1-A2-A\" src=\"https:\/\/dkrentalsparos.com\/wp-content\/plugins\/vikrentcar\/admin\/resources\/syn-st-125-600-450.jpg\"\/>\n\t\t\t\t\t<\/div>\n\t\t<div class=\"vrc-car-result-right\">\n\t\t\t<div class=\"vrc-car-result-rightinner\">\n\t\t\t\t<div class=\"vrc-car-result-rightinner-deep\">\n\t\t\t\t\t<div class=\"vrc-car-result-inner\">\n\t\t\t\t\t\t<span class=\"vrc-car-name\">\n                            <a href=\"https:\/\/dkrentalsparos.com\/it\/scooters\/sym-symphony-st-125cc\/\">\n                                                                Sym 125cc License Cat. A1-A2-A                            <\/a>\n                        <\/span>\n\t\t\t\t\t\t<div class=\"vrc-car-result-description\">\n\t\t\t\t\t\tSym Symphony ST 125cc combina  la qualit\u00e0 e la sicurezza con la velocit\u00e0 e la comodit\u00e0.\u2019E dotato di un moderno motore idrolizzato che soddisfa tutte le specifiche europee (EURO 4) e di un cambio automatico per una guida pi\u00f9 comoda e riposante. Necessario per il noleggio \u00e8 quello di inserire una patente di guida di classe A1 o A2 o A.\t\t\t\t\t\t<\/div>\n\t\t\t\t\t\t\t\t\t\t\t<\/div>\n\t\t\t\t\t<div class=\"vrc-car-lastblock\">\n\t\t\t\t\t\t<div class=\"vrc-car-price\">\n\t\t\t\t\t\t\t<div class=\"vrcsrowpricediv\">\n\t\t\t\t\t\t\t\t\t\t\t\t\t\t\t<span class=\"vrcstartfrom\">A partire da<\/span>\n\t\t\t\t\t\t\t\t<span class=\"car_cost\"><span class=\"vrc_currency\">\u20ac<\/span> <span class=\"vrc_price\">19<\/span><\/span>\n\t\t\t\t\t\t\t\t\t\t\t\t\t\t<\/div>\n\t\t\t\t\t\t<\/div>\n\t\t\t\t\t\t<div class=\"vrc-car-bookingbtn\">\n\t\t\t\t\t\t\t<span class=\"vrclistgoon\"><a class=\"btn\" href=\"https:\/\/dkrentalsparos.com\/it\/scooters\/sym-symphony-st-125cc\/\">Visualizza dettagli<\/a><\/span>\n\t\t\t\t\t\t<\/div>\n\t\t\t\t\t<\/div>\n\t\t\t\t<\/div>\n\t\t\t<\/div>\n\t\t<\/div>\n\t<\/div>\n\t<div class=\"car_separator\"><\/div>\n\t\t<div class=\"car_result\">\n\t\t<div class=\"vrc-car-result-left\">\n\t\t\t\t\t<img decoding=\"async\" class=\"imgresult\" alt=\"Piaggio Medley 125cc License Cat. A1-A2-A\" src=\"https:\/\/dkrentalsparos.com\/wp-content\/plugins\/vikrentcar\/admin\/resources\/piaggio-meddley-125-600-450.jpg\"\/>\n\t\t\t\t\t<\/div>\n\t\t<div class=\"vrc-car-result-right\">\n\t\t\t<div class=\"vrc-car-result-rightinner\">\n\t\t\t\t<div class=\"vrc-car-result-rightinner-deep\">\n\t\t\t\t\t<div class=\"vrc-car-result-inner\">\n\t\t\t\t\t\t<span class=\"vrc-car-name\">\n                            <a href=\"https:\/\/dkrentalsparos.com\/it\/scooters\/piaggio-medley-125cc\/\">\n                                                                Piaggio Medley 125cc License Cat. A1-A2-A                            <\/a>\n                        <\/span>\n\t\t\t\t\t\t<div class=\"vrc-car-result-description\">\n\t\t\t\t\t\t<b>Piaggio Medley 125cc<\/b>  \u00e8 progettato con finezza italiana ideale per coloro che vogliono combinare la sicurezza con l\u2019eleganza. Ha un motore a 4tempi, avviamento elettrico, cambio automatico, sistema frenale ABS e ampio spazio di stoccaggio. Necessario per il noleggio \u00e8 quello di inserire una patente di guida di classe A1 o A2 o A\t\t\t\t\t\t<\/div>\n\t\t\t\t\t\t\t\t\t\t\t<\/div>\n\t\t\t\t\t<div class=\"vrc-car-lastblock\">\n\t\t\t\t\t\t<div class=\"vrc-car-price\">\n\t\t\t\t\t\t\t<div class=\"vrcsrowpricediv\">\n\t\t\t\t\t\t\t\t\t\t\t\t\t\t\t<span class=\"vrcstartfrom\">A partire da<\/span>\n\t\t\t\t\t\t\t\t<span class=\"car_cost\"><span class=\"vrc_currency\">\u20ac<\/span> <span class=\"vrc_price\">21<\/span><\/span>\n\t\t\t\t\t\t\t\t\t\t\t\t\t\t<\/div>\n\t\t\t\t\t\t<\/div>\n\t\t\t\t\t\t<div class=\"vrc-car-bookingbtn\">\n\t\t\t\t\t\t\t<span class=\"vrclistgoon\"><a class=\"btn\" href=\"https:\/\/dkrentalsparos.com\/it\/scooters\/piaggio-medley-125cc\/\">Visualizza dettagli<\/a><\/span>\n\t\t\t\t\t\t<\/div>\n\t\t\t\t\t<\/div>\n\t\t\t\t<\/div>\n\t\t\t<\/div>\n\t\t<\/div>\n\t<\/div>\n\t<div class=\"car_separator\"><\/div>\n\t\t<div class=\"car_result\">\n\t\t<div class=\"vrc-car-result-left\">\n\t\t\t\t\t<img decoding=\"async\" class=\"imgresult\" alt=\"Sym 200cc License Cat. A2\u2013A\" src=\"https:\/\/dkrentalsparos.com\/wp-content\/plugins\/vikrentcar\/admin\/resources\/sym-200cc-600-450-new.jpg\"\/>\n\t\t\t\t\t<\/div>\n\t\t<div class=\"vrc-car-result-right\">\n\t\t\t<div class=\"vrc-car-result-rightinner\">\n\t\t\t\t<div class=\"vrc-car-result-rightinner-deep\">\n\t\t\t\t\t<div class=\"vrc-car-result-inner\">\n\t\t\t\t\t\t<span class=\"vrc-car-name\">\n                            <a href=\"https:\/\/dkrentalsparos.com\/it\/scooters\/sym-200cc\/\">\n                                                                Sym 200cc License Cat. A2\u2013A                            <\/a>\n                        <\/span>\n\t\t\t\t\t\t<div class=\"vrc-car-result-description\">\n\t\t\t\t\t\tSym Symphony 200cc lo scooter di questa categoria  ha un motore da 200cc a 4tempi ultramoderno che risale allo scooter grande potenza. Inoltre \u00e8 dotato di un cambio automatico e di un sistema frenale ABS. Necessario per il noleggio  \u00e8 quello di inserire una patente di guida  di classe A1 o A2 o A.\t\t\t\t\t\t<\/div>\n\t\t\t\t\t\t\t\t\t\t\t<\/div>\n\t\t\t\t\t<div class=\"vrc-car-lastblock\">\n\t\t\t\t\t\t<div class=\"vrc-car-price\">\n\t\t\t\t\t\t\t<div class=\"vrcsrowpricediv\">\n\t\t\t\t\t\t\t\t\t\t\t\t\t\t\t<span class=\"vrcstartfrom\">A partire da<\/span>\n\t\t\t\t\t\t\t\t<span class=\"car_cost\"><span class=\"vrc_currency\">\u20ac<\/span> <span class=\"vrc_price\">22<\/span><\/span>\n\t\t\t\t\t\t\t\t\t\t\t\t\t\t<\/div>\n\t\t\t\t\t\t<\/div>\n\t\t\t\t\t\t<div class=\"vrc-car-bookingbtn\">\n\t\t\t\t\t\t\t<span class=\"vrclistgoon\"><a class=\"btn\" href=\"https:\/\/dkrentalsparos.com\/it\/scooters\/sym-200cc\/\">Visualizza dettagli<\/a><\/span>\n\t\t\t\t\t\t<\/div>\n\t\t\t\t\t<\/div>\n\t\t\t\t<\/div>\n\t\t\t<\/div>\n\t\t<\/div>\n\t<\/div>\n\t<div class=\"car_separator\"><\/div>\n\t\t<div class=\"car_result\">\n\t\t<div class=\"vrc-car-result-left\">\n\t\t\t\t\t<img decoding=\"async\" class=\"imgresult\" alt=\"Piaggio Beverly 300\" src=\"https:\/\/dkrentalsparos.com\/wp-content\/plugins\/vikrentcar\/admin\/resources\/beverly-310-600-450.jpg\"\/>\n\t\t\t\t\t<\/div>\n\t\t<div class=\"vrc-car-result-right\">\n\t\t\t<div class=\"vrc-car-result-rightinner\">\n\t\t\t\t<div class=\"vrc-car-result-rightinner-deep\">\n\t\t\t\t\t<div class=\"vrc-car-result-inner\">\n\t\t\t\t\t\t<span class=\"vrc-car-name\">\n                            <a href=\"https:\/\/dkrentalsparos.com\/it\/scooters\/piaggio-beverly-300\/\">\n                                                                Piaggio Beverly 300                            <\/a>\n                        <\/span>\n\t\t\t\t\t\t<div class=\"vrc-car-result-description\">\n\t\t\t\t\t\tIl Piaggio Beverly 300 \u00e8 uno scooter premium con motore potente ed economico, ideale per spostamenti facili e comodi a Paros. Dispone di cambio automatico, ABS, controllo di trazione e alto livello di sicurezza. Per il noleggio \u00e8 richiesto il possesso di patente categoria A1, A2 o A.\t\t\t\t\t\t<\/div>\n\t\t\t\t\t\t\t\t\t\t\t<\/div>\n\t\t\t\t\t<div class=\"vrc-car-lastblock\">\n\t\t\t\t\t\t<div class=\"vrc-car-price\">\n\t\t\t\t\t\t\t<div class=\"vrcsrowpricediv\">\n\t\t\t\t\t\t\t\t\t\t\t\t\t\t\t<span class=\"vrcstartfrom\">A partire da<\/span>\n\t\t\t\t\t\t\t\t<span class=\"car_cost\"><span class=\"vrc_currency\">\u20ac<\/span> <span class=\"vrc_price\">34<\/span><\/span>\n\t\t\t\t\t\t\t\t\t\t\t\t\t\t<\/div>\n\t\t\t\t\t\t<\/div>\n\t\t\t\t\t\t<div class=\"vrc-car-bookingbtn\">\n\t\t\t\t\t\t\t<span class=\"vrclistgoon\"><a class=\"btn\" href=\"https:\/\/dkrentalsparos.com\/it\/scooters\/piaggio-beverly-300\/\">Visualizza dettagli<\/a><\/span>\n\t\t\t\t\t\t<\/div>\n\t\t\t\t\t<\/div>\n\t\t\t\t<\/div>\n\t\t\t<\/div>\n\t\t<\/div>\n\t<\/div>\n\t<div class=\"car_separator\"><\/div>\n\t<\/div>\n\n<script type=\"text\/javascript\">\njQuery(document).ready(function() {\n\tif (jQuery('.car_result').length) {\n\t\tjQuery('.car_result').each(function() {\n\t\t\tvar car_img = jQuery(this).find('.vrc-car-result-left').find('img');\n\t\t\tif (car_img.length) {\n\t\t\t\tjQuery(this).find('.vrc-car-result-right').find('.vrc-car-result-rightinner').find('.vrc-car-result-rightinner-deep').find('.vrc-car-result-inner').css('min-height', car_img.height()+'px');\n\t\t\t}\n\t\t});\n\t};\n});\n<\/script>\n\n<\/div>\n\n","protected":false},"excerpt":{"rendered":"","protected":false},"author":1,"featured_media":2579,"parent":0,"menu_order":0,"comment_status":"closed","ping_status":"closed","template":"","meta":{"footnotes":""},"class_list":["post-2577","page","type-page","status-publish","has-post-thumbnail","hentry"],"yoast_head":"<!-- This site is optimized with the Yoast SEO plugin v27.1.1 - https:\/\/yoast.com\/product\/yoast-seo-wordpress\/ -->\n<title>Noleggio di scooter a Paros - Noleggi di scooter a Paros<\/title>\n<meta name=\"description\" content=\"Noleggio di scooter a Paros. Noleggi di scooter economici a Paros con uno sconto fino al 15%. Scooter Paros. Noleggio scooter a Paros.\" \/>\n<meta name=\"robots\" content=\"index, follow, max-snippet:-1, max-image-preview:large, max-video-preview:-1\" \/>\n<link rel=\"canonical\" href=\"https:\/\/dkrentalsparos.com\/it\/scooters\/\" \/>\n<meta property=\"og:locale\" content=\"it_IT\" \/>\n<meta property=\"og:type\" content=\"article\" \/>\n<meta property=\"og:title\" content=\"Noleggio di scooter a Paros - Noleggi di scooter a Paros\" \/>\n<meta property=\"og:description\" content=\"Noleggio di scooter a Paros. Noleggi di scooter economici a Paros con uno sconto fino al 15%. Scooter Paros. Noleggio scooter a Paros.\" \/>\n<meta property=\"og:url\" content=\"https:\/\/dkrentalsparos.com\/it\/scooters\/\" \/>\n<meta property=\"og:site_name\" content=\"DK Rentals a Paros\" \/>\n<meta property=\"article:modified_time\" content=\"2025-07-23T05:58:41+00:00\" \/>\n<meta property=\"og:image\" content=\"https:\/\/dkrentalsparos.com\/wp-content\/uploads\/2021\/02\/scooter-page-1800-600.jpg\" \/>\n\t<meta property=\"og:image:width\" content=\"1800\" \/>\n\t<meta property=\"og:image:height\" content=\"600\" \/>\n\t<meta property=\"og:image:type\" content=\"image\/jpeg\" \/>\n<meta name=\"twitter:card\" content=\"summary_large_image\" \/>\n<meta name=\"twitter:label1\" content=\"Tempo di lettura stimato\" \/>\n\t<meta name=\"twitter:data1\" content=\"1 minuto\" \/>\n<script type=\"application\/ld+json\" class=\"yoast-schema-graph\">{\"@context\":\"https:\/\/schema.org\",\"@graph\":[{\"@type\":\"WebPage\",\"@id\":\"https:\/\/dkrentalsparos.com\/it\/scooters\/\",\"url\":\"https:\/\/dkrentalsparos.com\/it\/scooters\/\",\"name\":\"Noleggio di scooter a Paros - Noleggi di scooter a Paros\",\"isPartOf\":{\"@id\":\"https:\/\/dkrentalsparos.com\/it\/#website\"},\"primaryImageOfPage\":{\"@id\":\"https:\/\/dkrentalsparos.com\/it\/scooters\/#primaryimage\"},\"image\":{\"@id\":\"https:\/\/dkrentalsparos.com\/it\/scooters\/#primaryimage\"},\"thumbnailUrl\":\"https:\/\/dkrentalsparos.com\/wp-content\/uploads\/2021\/02\/scooter-page-1800-600.jpg\",\"datePublished\":\"2021-04-02T04:40:14+00:00\",\"dateModified\":\"2025-07-23T05:58:41+00:00\",\"description\":\"Noleggio di scooter a Paros. Noleggi di scooter economici a Paros con uno sconto fino al 15%. Scooter Paros. Noleggio scooter a Paros.\",\"breadcrumb\":{\"@id\":\"https:\/\/dkrentalsparos.com\/it\/scooters\/#breadcrumb\"},\"inLanguage\":\"it-IT\",\"potentialAction\":[{\"@type\":\"ReadAction\",\"target\":[\"https:\/\/dkrentalsparos.com\/it\/scooters\/\"]}]},{\"@type\":\"ImageObject\",\"inLanguage\":\"it-IT\",\"@id\":\"https:\/\/dkrentalsparos.com\/it\/scooters\/#primaryimage\",\"url\":\"https:\/\/dkrentalsparos.com\/wp-content\/uploads\/2021\/02\/scooter-page-1800-600.jpg\",\"contentUrl\":\"https:\/\/dkrentalsparos.com\/wp-content\/uploads\/2021\/02\/scooter-page-1800-600.jpg\",\"width\":1800,\"height\":600},{\"@type\":\"BreadcrumbList\",\"@id\":\"https:\/\/dkrentalsparos.com\/it\/scooters\/#breadcrumb\",\"itemListElement\":[{\"@type\":\"ListItem\",\"position\":1,\"name\":\"Home\",\"item\":\"https:\/\/dkrentalsparos.com\/it\/\"},{\"@type\":\"ListItem\",\"position\":2,\"name\":\"Noleggio scooter\"}]},{\"@type\":\"WebSite\",\"@id\":\"https:\/\/dkrentalsparos.com\/it\/#website\",\"url\":\"https:\/\/dkrentalsparos.com\/it\/\",\"name\":\"DK Rentals a Paros\",\"description\":\"DK Rentals in Paros\",\"publisher\":{\"@id\":\"https:\/\/dkrentalsparos.com\/it\/#organization\"},\"potentialAction\":[{\"@type\":\"SearchAction\",\"target\":{\"@type\":\"EntryPoint\",\"urlTemplate\":\"https:\/\/dkrentalsparos.com\/it\/?s={search_term_string}\"},\"query-input\":{\"@type\":\"PropertyValueSpecification\",\"valueRequired\":true,\"valueName\":\"search_term_string\"}}],\"inLanguage\":\"it-IT\"},{\"@type\":\"Organization\",\"@id\":\"https:\/\/dkrentalsparos.com\/it\/#organization\",\"name\":\"DK Rentals Paros\",\"url\":\"https:\/\/dkrentalsparos.com\/it\/\",\"logo\":{\"@type\":\"ImageObject\",\"inLanguage\":\"it-IT\",\"@id\":\"https:\/\/dkrentalsparos.com\/it\/#\/schema\/logo\/image\/\",\"url\":\"https:\/\/dkrentalsparos.com\/wp-content\/uploads\/2021\/02\/dk-rentals-petrol-new.png\",\"contentUrl\":\"https:\/\/dkrentalsparos.com\/wp-content\/uploads\/2021\/02\/dk-rentals-petrol-new.png\",\"width\":260,\"height\":69,\"caption\":\"DK Rentals Paros\"},\"image\":{\"@id\":\"https:\/\/dkrentalsparos.com\/it\/#\/schema\/logo\/image\/\"}}]}<\/script>\n<!-- \/ Yoast SEO plugin. -->","yoast_head_json":{"title":"Noleggio di scooter a Paros - Noleggi di scooter a Paros","description":"Noleggio di scooter a Paros. Noleggi di scooter economici a Paros con uno sconto fino al 15%. Scooter Paros. Noleggio scooter a Paros.","robots":{"index":"index","follow":"follow","max-snippet":"max-snippet:-1","max-image-preview":"max-image-preview:large","max-video-preview":"max-video-preview:-1"},"canonical":"https:\/\/dkrentalsparos.com\/it\/scooters\/","og_locale":"it_IT","og_type":"article","og_title":"Noleggio di scooter a Paros - Noleggi di scooter a Paros","og_description":"Noleggio di scooter a Paros. Noleggi di scooter economici a Paros con uno sconto fino al 15%. Scooter Paros. Noleggio scooter a Paros.","og_url":"https:\/\/dkrentalsparos.com\/it\/scooters\/","og_site_name":"DK Rentals a Paros","article_modified_time":"2025-07-23T05:58:41+00:00","og_image":[{"width":1800,"height":600,"url":"https:\/\/dkrentalsparos.com\/wp-content\/uploads\/2021\/02\/scooter-page-1800-600.jpg","type":"image\/jpeg"}],"twitter_card":"summary_large_image","twitter_misc":{"Tempo di lettura stimato":"1 minuto"},"schema":{"@context":"https:\/\/schema.org","@graph":[{"@type":"WebPage","@id":"https:\/\/dkrentalsparos.com\/it\/scooters\/","url":"https:\/\/dkrentalsparos.com\/it\/scooters\/","name":"Noleggio di scooter a Paros - Noleggi di scooter a Paros","isPartOf":{"@id":"https:\/\/dkrentalsparos.com\/it\/#website"},"primaryImageOfPage":{"@id":"https:\/\/dkrentalsparos.com\/it\/scooters\/#primaryimage"},"image":{"@id":"https:\/\/dkrentalsparos.com\/it\/scooters\/#primaryimage"},"thumbnailUrl":"https:\/\/dkrentalsparos.com\/wp-content\/uploads\/2021\/02\/scooter-page-1800-600.jpg","datePublished":"2021-04-02T04:40:14+00:00","dateModified":"2025-07-23T05:58:41+00:00","description":"Noleggio di scooter a Paros. Noleggi di scooter economici a Paros con uno sconto fino al 15%. Scooter Paros. Noleggio scooter a Paros.","breadcrumb":{"@id":"https:\/\/dkrentalsparos.com\/it\/scooters\/#breadcrumb"},"inLanguage":"it-IT","potentialAction":[{"@type":"ReadAction","target":["https:\/\/dkrentalsparos.com\/it\/scooters\/"]}]},{"@type":"ImageObject","inLanguage":"it-IT","@id":"https:\/\/dkrentalsparos.com\/it\/scooters\/#primaryimage","url":"https:\/\/dkrentalsparos.com\/wp-content\/uploads\/2021\/02\/scooter-page-1800-600.jpg","contentUrl":"https:\/\/dkrentalsparos.com\/wp-content\/uploads\/2021\/02\/scooter-page-1800-600.jpg","width":1800,"height":600},{"@type":"BreadcrumbList","@id":"https:\/\/dkrentalsparos.com\/it\/scooters\/#breadcrumb","itemListElement":[{"@type":"ListItem","position":1,"name":"Home","item":"https:\/\/dkrentalsparos.com\/it\/"},{"@type":"ListItem","position":2,"name":"Noleggio scooter"}]},{"@type":"WebSite","@id":"https:\/\/dkrentalsparos.com\/it\/#website","url":"https:\/\/dkrentalsparos.com\/it\/","name":"DK Rentals a Paros","description":"DK Rentals in Paros","publisher":{"@id":"https:\/\/dkrentalsparos.com\/it\/#organization"},"potentialAction":[{"@type":"SearchAction","target":{"@type":"EntryPoint","urlTemplate":"https:\/\/dkrentalsparos.com\/it\/?s={search_term_string}"},"query-input":{"@type":"PropertyValueSpecification","valueRequired":true,"valueName":"search_term_string"}}],"inLanguage":"it-IT"},{"@type":"Organization","@id":"https:\/\/dkrentalsparos.com\/it\/#organization","name":"DK Rentals Paros","url":"https:\/\/dkrentalsparos.com\/it\/","logo":{"@type":"ImageObject","inLanguage":"it-IT","@id":"https:\/\/dkrentalsparos.com\/it\/#\/schema\/logo\/image\/","url":"https:\/\/dkrentalsparos.com\/wp-content\/uploads\/2021\/02\/dk-rentals-petrol-new.png","contentUrl":"https:\/\/dkrentalsparos.com\/wp-content\/uploads\/2021\/02\/dk-rentals-petrol-new.png","width":260,"height":69,"caption":"DK Rentals Paros"},"image":{"@id":"https:\/\/dkrentalsparos.com\/it\/#\/schema\/logo\/image\/"}}]}},"_links":{"self":[{"href":"https:\/\/dkrentalsparos.com\/it\/wp-json\/wp\/v2\/pages\/2577","targetHints":{"allow":["GET"]}}],"collection":[{"href":"https:\/\/dkrentalsparos.com\/it\/wp-json\/wp\/v2\/pages"}],"about":[{"href":"https:\/\/dkrentalsparos.com\/it\/wp-json\/wp\/v2\/types\/page"}],"author":[{"embeddable":true,"href":"https:\/\/dkrentalsparos.com\/it\/wp-json\/wp\/v2\/users\/1"}],"replies":[{"embeddable":true,"href":"https:\/\/dkrentalsparos.com\/it\/wp-json\/wp\/v2\/comments?post=2577"}],"version-history":[{"count":4,"href":"https:\/\/dkrentalsparos.com\/it\/wp-json\/wp\/v2\/pages\/2577\/revisions"}],"predecessor-version":[{"id":4881,"href":"https:\/\/dkrentalsparos.com\/it\/wp-json\/wp\/v2\/pages\/2577\/revisions\/4881"}],"wp:featuredmedia":[{"embeddable":true,"href":"https:\/\/dkrentalsparos.com\/it\/wp-json\/wp\/v2\/media\/2579"}],"wp:attachment":[{"href":"https:\/\/dkrentalsparos.com\/it\/wp-json\/wp\/v2\/media?parent=2577"}],"curies":[{"name":"wp","href":"https:\/\/api.w.org\/{rel}","templated":true}]}}