{"id":4321,"date":"2024-06-09T23:42:11","date_gmt":"2024-06-09T20:42:11","guid":{"rendered":"https:\/\/dkrentalsparos.com\/?page_id=4321"},"modified":"2024-06-09T23:51:24","modified_gmt":"2024-06-09T20:51:24","slug":"villaggi-di-paros","status":"publish","type":"page","link":"https:\/\/dkrentalsparos.com\/it\/villaggi-di-paros\/","title":{"rendered":"Villaggi di Paros"},"content":{"rendered":"\n<h4 class=\"wp-block-heading has-text-align-center\">-- <strong>Naoussa<\/strong> --<\/h4>\n\n\n<div class=\"wp-block-image\">\n<figure class=\"aligncenter size-full\"><img loading=\"lazy\" decoding=\"async\" width=\"1000\" height=\"400\" src=\"https:\/\/dkrentalsparos.com\/wp-content\/uploads\/2024\/06\/naoussa-1000-400-1.jpg\" alt=\"\" class=\"wp-image-4293\" srcset=\"https:\/\/dkrentalsparos.com\/wp-content\/uploads\/2024\/06\/naoussa-1000-400-1.jpg 1000w, https:\/\/dkrentalsparos.com\/wp-content\/uploads\/2024\/06\/naoussa-1000-400-1-300x120.jpg 300w, https:\/\/dkrentalsparos.com\/wp-content\/uploads\/2024\/06\/naoussa-1000-400-1-768x307.jpg 768w, https:\/\/dkrentalsparos.com\/wp-content\/uploads\/2024\/06\/naoussa-1000-400-1-480x192.jpg 480w, https:\/\/dkrentalsparos.com\/wp-content\/uploads\/2024\/06\/naoussa-1000-400-1-250x100.jpg 250w, https:\/\/dkrentalsparos.com\/wp-content\/uploads\/2024\/06\/naoussa-1000-400-1-625x250.jpg 625w, https:\/\/dkrentalsparos.com\/wp-content\/uploads\/2024\/06\/naoussa-1000-400-1-150x60.jpg 150w, https:\/\/dkrentalsparos.com\/wp-content\/uploads\/2024\/06\/naoussa-1000-400-1-605x242.jpg 605w\" sizes=\"auto, (max-width: 1000px) 100vw, 1000px\" \/><\/figure>\n<\/div>\n\n\n<p><\/p>\n\n\n\n<p style=\"font-size:16px\">Naoussa di Paros \u00e8 il secondo villaggio pi\u00f9 grande dell'isola, dopo la capitale Parikia, dalla quale dista 11 chilometri. Si trova sul lato nord dell'isola e combina con successo il carattere tradizionale dell'isola con un'aura cosmopolita.<\/p>\n\n\n\n<p style=\"font-size:16px\">Nonostante lo sviluppo crescente degli ultimi anni, Naoussa conserva ancora il suo carattere insulare autentico. I suoi vicoli pittoreschi, il castello veneziano sulla spiaggia e il suo porto impressionante con barche private offrono viste mozzafiato.<\/p>\n\n\n\n<p style=\"font-size:16px\">Naoussa offre tutto ci\u00f2 di cui un visitatore ha bisogno per un soggiorno confortevole, come hotel di lusso, camere in affitto e ville. Dispone anche di un grande mercato con una variet\u00e0 di negozi dove \u00e8 possibile trovare molti prodotti locali. Accanto al pittoresco porto troverete molte taverne e ristoranti che offrono pesce fresco.<\/p>\n\n\n\n<p style=\"font-size:16px\">Naoussa \u00e8 senza dubbio il fulcro della vita notturna di Paros, poich\u00e9 tutta l'isola si diverte l\u00ec fino al mattino.<\/p>\n\n\n\n<h4 class=\"wp-block-heading has-text-align-center\">-- <strong>Alyki<\/strong> --<\/h4>\n\n\n<div class=\"wp-block-image\">\n<figure class=\"aligncenter size-full\"><img loading=\"lazy\" decoding=\"async\" width=\"1000\" height=\"400\" src=\"https:\/\/dkrentalsparos.com\/wp-content\/uploads\/2024\/06\/aliki-beach-1000-400.jpg\" alt=\"\" class=\"wp-image-4297\" srcset=\"https:\/\/dkrentalsparos.com\/wp-content\/uploads\/2024\/06\/aliki-beach-1000-400.jpg 1000w, https:\/\/dkrentalsparos.com\/wp-content\/uploads\/2024\/06\/aliki-beach-1000-400-300x120.jpg 300w, https:\/\/dkrentalsparos.com\/wp-content\/uploads\/2024\/06\/aliki-beach-1000-400-768x307.jpg 768w, https:\/\/dkrentalsparos.com\/wp-content\/uploads\/2024\/06\/aliki-beach-1000-400-480x192.jpg 480w, https:\/\/dkrentalsparos.com\/wp-content\/uploads\/2024\/06\/aliki-beach-1000-400-250x100.jpg 250w, https:\/\/dkrentalsparos.com\/wp-content\/uploads\/2024\/06\/aliki-beach-1000-400-625x250.jpg 625w, https:\/\/dkrentalsparos.com\/wp-content\/uploads\/2024\/06\/aliki-beach-1000-400-150x60.jpg 150w, https:\/\/dkrentalsparos.com\/wp-content\/uploads\/2024\/06\/aliki-beach-1000-400-605x242.jpg 605w\" sizes=\"auto, (max-width: 1000px) 100vw, 1000px\" \/><\/figure>\n<\/div>\n\n\n<p><\/p>\n\n\n\n<p style=\"font-size:16px\">Alyki \u00e8 un pittoresco insediamento costiero nel sud di Paros, a circa 12 chilometri da Parikia, vicino all'aeroporto e a 23 chilometri da Naoussa. Il bellissimo e pittoresco villaggio di Paros, Alyki, ha conservato l'atmosfera di un insediamento tradizionale, nonostante sia una destinazione popolare, soprattutto per coloro che desiderano vacanze tranquille e familiari.<\/p>\n\n\n\n<p style=\"font-size:16px\">Alyki \u00e8 famosa per le sue taverne e i suoi frutti di mare e pesci freschi e di qualit\u00e0. Diventa il centro delle attivit\u00e0 dell'isola il 6 agosto, quando viene organizzata la festa del Salvatore, e il 14 settembre per la festa della Croce, che attira molte persone.<\/p>\n\n\n\n<p style=\"font-size:16px\">La spiaggia che attrae pi\u00f9 visitatori \u00e8 Pisso Alyki, che \u00e8 molto vicina al villaggio e pu\u00f2 essere raggiunta a piedi.<\/p>\n\n\n\n<h4 class=\"wp-block-heading has-text-align-center\">-- <strong>Lefkes<\/strong> --<\/h4>\n\n\n\n<figure class=\"wp-block-image size-full\"><img loading=\"lazy\" decoding=\"async\" width=\"1000\" height=\"400\" src=\"https:\/\/dkrentalsparos.com\/wp-content\/uploads\/2024\/06\/lefkes-1000-400.jpg\" alt=\"\" class=\"wp-image-4301\" srcset=\"https:\/\/dkrentalsparos.com\/wp-content\/uploads\/2024\/06\/lefkes-1000-400.jpg 1000w, https:\/\/dkrentalsparos.com\/wp-content\/uploads\/2024\/06\/lefkes-1000-400-300x120.jpg 300w, https:\/\/dkrentalsparos.com\/wp-content\/uploads\/2024\/06\/lefkes-1000-400-768x307.jpg 768w, https:\/\/dkrentalsparos.com\/wp-content\/uploads\/2024\/06\/lefkes-1000-400-480x192.jpg 480w, https:\/\/dkrentalsparos.com\/wp-content\/uploads\/2024\/06\/lefkes-1000-400-250x100.jpg 250w, https:\/\/dkrentalsparos.com\/wp-content\/uploads\/2024\/06\/lefkes-1000-400-625x250.jpg 625w, https:\/\/dkrentalsparos.com\/wp-content\/uploads\/2024\/06\/lefkes-1000-400-150x60.jpg 150w, https:\/\/dkrentalsparos.com\/wp-content\/uploads\/2024\/06\/lefkes-1000-400-605x242.jpg 605w\" sizes=\"auto, (max-width: 1000px) 100vw, 1000px\" \/><\/figure>\n\n\n\n<p><\/p>\n\n\n\n<p style=\"font-size:16px\">Lefkes \u00e8 il villaggio pi\u00f9 montuoso di Paros, costruito sotto una collina con pini a un'altitudine di 200 metri. Il villaggio di Lefkes era la prima capitale dell'isola e si trova a 11 chilometri dall'attuale capitale, Parikia.<\/p>\n\n\n\n<p style=\"font-size:16px\">Oltre ai pioppi bianchi (lefkes) che hanno dato il nome al villaggio, prosperano ulivi e altri alberi grazie alle acque correnti. Una delle attrazioni che si distinguono \u00e8 la chiesa della Santissima Trinit\u00e0 (Agia Triada), che \u00e8 la seconda pi\u00f9 grande dopo Ekatontapyliani.<\/p>\n\n\n\n<p style=\"font-size:16px\">Le case tradizionali del villaggio sono costruite in modo anfiteatrale, creando molti vicoli stretti ideali per passeggiare. L'uso delle auto \u00e8 vietato all'interno del villaggio, rendendo i vicoli e i sentieri che partono da Lefkes perfetti per passeggiare. Ci sono molti negozi e taverne.<\/p>\n\n\n\n<p style=\"font-size:16px\">Alla fine di agosto, la festa di Karavola \u00e8 il motivo di una delle pi\u00f9 grandi celebrazioni del villaggio, con cibo abbondante, karavoles (lumache grandi), musica e balli. Per un tour unico di Lefkes, il noleggio di quad\/ATV \u00e8 una scelta ideale che render\u00e0 la guida un'esperienza indimenticabile.<\/p>\n\n\n\n<h4 class=\"wp-block-heading has-text-align-center\">-- <strong>Piso Livadi<\/strong> --<\/h4>\n\n\n<div class=\"wp-block-image\">\n<figure class=\"aligncenter size-full\"><img loading=\"lazy\" decoding=\"async\" width=\"1000\" height=\"400\" src=\"https:\/\/dkrentalsparos.com\/wp-content\/uploads\/2024\/06\/piso-livadi-1000-400.jpg\" alt=\"\" class=\"wp-image-4306\" srcset=\"https:\/\/dkrentalsparos.com\/wp-content\/uploads\/2024\/06\/piso-livadi-1000-400.jpg 1000w, https:\/\/dkrentalsparos.com\/wp-content\/uploads\/2024\/06\/piso-livadi-1000-400-300x120.jpg 300w, https:\/\/dkrentalsparos.com\/wp-content\/uploads\/2024\/06\/piso-livadi-1000-400-768x307.jpg 768w, https:\/\/dkrentalsparos.com\/wp-content\/uploads\/2024\/06\/piso-livadi-1000-400-480x192.jpg 480w, https:\/\/dkrentalsparos.com\/wp-content\/uploads\/2024\/06\/piso-livadi-1000-400-250x100.jpg 250w, https:\/\/dkrentalsparos.com\/wp-content\/uploads\/2024\/06\/piso-livadi-1000-400-625x250.jpg 625w, https:\/\/dkrentalsparos.com\/wp-content\/uploads\/2024\/06\/piso-livadi-1000-400-150x60.jpg 150w, https:\/\/dkrentalsparos.com\/wp-content\/uploads\/2024\/06\/piso-livadi-1000-400-605x242.jpg 605w\" sizes=\"auto, (max-width: 1000px) 100vw, 1000px\" \/><\/figure>\n<\/div>\n\n\n<p><\/p>\n\n\n\n<p style=\"font-size:16px\">Piso Livadi \u00e8 uno dei pi\u00f9 impressionanti insediamenti costieri di Paros, situato sul lato orientale dell'isola, a 17 chilometri da Parikia e a 12 chilometri da Naoussa.<\/p>\n\n\n\n<p style=\"font-size:16px\">Piso Livadi a Paros \u00e8 ideale per i viaggiatori che desiderano godere della tranquillit\u00e0 e dell'atmosfera autentica dell'isola, pur avendo un facile accesso alle aree pi\u00f9 vivaci dell'isola.<\/p>\n\n\n\n<p style=\"font-size:16px\">Piso Livadi \u00e8 caratterizzato da case bianche tradizionali con porte e finestre blu, che riflettono l'architettura locale delle Cicladi. I vicoli sono stretti e lastricati, aggiungendo un fascino unico al villaggio. L'atmosfera \u00e8 amichevole e accogliente, facendo sentire i visitatori come se appartenessero alla comunit\u00e0 locale.<\/p>\n\n\n\n<p style=\"font-size:16px\">Piso Livadi offre anche una splendida vista sul mare e sull'isola opposta di Naxos. I visitatori possono godersi i tramonti e rilassarsi nelle taverne tradizionali che offrono deliziosi piatti greci e frutti di mare.<\/p>\n\n\n\n<p style=\"font-size:16px\">Dal piccolo porto, si possono spesso trovare rotte in barca per Naxos e altre isole vicine. Inoltre, la zona offre l'opportunit\u00e0 di visitare insediamenti vicini come Marpissa, Prodromos, Marmara e Lefkes, migliorando ulteriormente l'esplorazione della regione.<\/p>\n\n\n\n<h4 class=\"wp-block-heading has-text-align-center\">-- <strong>Antiparos<\/strong> --<\/h4>\n\n\n<div class=\"wp-block-image\">\n<figure class=\"aligncenter size-full\"><img loading=\"lazy\" decoding=\"async\" width=\"1000\" height=\"400\" src=\"https:\/\/dkrentalsparos.com\/wp-content\/uploads\/2024\/06\/antiparos-1000-400.jpg\" alt=\"\" class=\"wp-image-4310\" srcset=\"https:\/\/dkrentalsparos.com\/wp-content\/uploads\/2024\/06\/antiparos-1000-400.jpg 1000w, https:\/\/dkrentalsparos.com\/wp-content\/uploads\/2024\/06\/antiparos-1000-400-300x120.jpg 300w, https:\/\/dkrentalsparos.com\/wp-content\/uploads\/2024\/06\/antiparos-1000-400-768x307.jpg 768w, https:\/\/dkrentalsparos.com\/wp-content\/uploads\/2024\/06\/antiparos-1000-400-480x192.jpg 480w, https:\/\/dkrentalsparos.com\/wp-content\/uploads\/2024\/06\/antiparos-1000-400-250x100.jpg 250w, https:\/\/dkrentalsparos.com\/wp-content\/uploads\/2024\/06\/antiparos-1000-400-625x250.jpg 625w, https:\/\/dkrentalsparos.com\/wp-content\/uploads\/2024\/06\/antiparos-1000-400-150x60.jpg 150w, https:\/\/dkrentalsparos.com\/wp-content\/uploads\/2024\/06\/antiparos-1000-400-605x242.jpg 605w\" sizes=\"auto, (max-width: 1000px) 100vw, 1000px\" \/><\/figure>\n<\/div>\n\n\n<p><\/p>\n\n\n\n<p style=\"font-size:16px\">Antiparos si trova a 1 miglio a sud-ovest di fronte a Pounta a Paros, con poco pi\u00f9 di 1000 abitanti, ed \u00e8 accessibile solo con il traghetto. \u00c8 una piccola isola delle Cicladi, il che la rende una destinazione ideale per il relax. Antiparos affascina tutti i viaggiatori con le sue spiagge magiche e i suoi pittoreschi vicoli.<\/p>\n\n\n\n<p style=\"font-size:16px\">Nonostante le sue piccole dimensioni, ha diverse spiagge con sabbie dorate, acque cristalline e grotte impressionanti dove si pu\u00f2 nuotare. Alcune di queste includono Faneromeni, Soros e Agios Georgios, che richiedono un veicolo per essere visitate a causa della loro distanza.<\/p>\n\n\n\n<p style=\"font-size:16px\">Ci sono diverse attrazioni ad Antiparos, come il castello veneziano e la grotta. Offre hotel, camere in affitto, taverne tradizionali, ristoranti e bar per la vita notturna.<\/p>\n","protected":false},"excerpt":{"rendered":"<p>-- Naoussa -- Naoussa di Paros \u00e8 il secondo villaggio pi\u00f9 grande dell'isola, dopo la capitale Parikia, dalla quale dista 11 chilometri. Si trova sul lato nord dell'isola e combina con successo il carattere tradizionale dell'isola con un'aura cosmopolita. Nonostante lo sviluppo crescente degli ultimi anni, Naoussa conserva ancora il suo carattere insulare autentico. I &hellip; <\/p>\n<p class=\"link-more\"><a href=\"https:\/\/dkrentalsparos.com\/it\/villaggi-di-paros\/\" class=\"more-link\"><span class=\"screen-reader-text\"> prova \"Villaggi di Paros\"<\/span><\/a><\/p>\n","protected":false},"author":1,"featured_media":0,"parent":0,"menu_order":0,"comment_status":"closed","ping_status":"closed","template":"page-templates\/page-sidebars.php","meta":{"footnotes":""},"class_list":["post-4321","page","type-page","status-publish","hentry"],"yoast_head":"<!-- This site is optimized with the Yoast SEO plugin v27.1.1 - https:\/\/yoast.com\/product\/yoast-seo-wordpress\/ -->\n<title>Villaggi Tradizionali di Paros: Naoussa, Alyki, Lefkes, Piso Livadi, Antiparos<\/title>\n<meta name=\"description\" content=\"Esplora i villaggi incantevoli di Paros: Naoussa, Alyki, Lefkes, Piso Livadi e Antiparos. Scopri le loro spiagge, la storia e la cucina locale.\" \/>\n<meta name=\"robots\" content=\"index, follow, max-snippet:-1, max-image-preview:large, max-video-preview:-1\" \/>\n<link rel=\"canonical\" href=\"https:\/\/dkrentalsparos.com\/it\/villaggi-di-paros\/\" \/>\n<meta property=\"og:locale\" content=\"it_IT\" \/>\n<meta property=\"og:type\" content=\"article\" \/>\n<meta property=\"og:title\" content=\"Villaggi Tradizionali di Paros: Naoussa, Alyki, Lefkes, Piso Livadi, Antiparos\" \/>\n<meta property=\"og:description\" content=\"Esplora i villaggi incantevoli di Paros: Naoussa, Alyki, Lefkes, Piso Livadi e Antiparos. Scopri le loro spiagge, la storia e la cucina locale.\" \/>\n<meta property=\"og:url\" content=\"https:\/\/dkrentalsparos.com\/it\/villaggi-di-paros\/\" \/>\n<meta property=\"og:site_name\" content=\"DK Rentals a Paros\" \/>\n<meta property=\"article:modified_time\" content=\"2024-06-09T20:51:24+00:00\" \/>\n<meta property=\"og:image\" content=\"https:\/\/dkrentalsparos.com\/wp-content\/uploads\/2024\/06\/naoussa-1000-400-1.jpg\" \/>\n<meta name=\"twitter:card\" content=\"summary_large_image\" \/>\n<meta name=\"twitter:label1\" content=\"Tempo di lettura stimato\" \/>\n\t<meta name=\"twitter:data1\" content=\"5 minuti\" \/>\n<script type=\"application\/ld+json\" class=\"yoast-schema-graph\">{\"@context\":\"https:\/\/schema.org\",\"@graph\":[{\"@type\":\"WebPage\",\"@id\":\"https:\/\/dkrentalsparos.com\/it\/villaggi-di-paros\/\",\"url\":\"https:\/\/dkrentalsparos.com\/it\/villaggi-di-paros\/\",\"name\":\"Villaggi Tradizionali di Paros: Naoussa, Alyki, Lefkes, Piso Livadi, Antiparos\",\"isPartOf\":{\"@id\":\"https:\/\/dkrentalsparos.com\/it\/#website\"},\"primaryImageOfPage\":{\"@id\":\"https:\/\/dkrentalsparos.com\/it\/villaggi-di-paros\/#primaryimage\"},\"image\":{\"@id\":\"https:\/\/dkrentalsparos.com\/it\/villaggi-di-paros\/#primaryimage\"},\"thumbnailUrl\":\"https:\/\/dkrentalsparos.com\/wp-content\/uploads\/2024\/06\/naoussa-1000-400-1.jpg\",\"datePublished\":\"2024-06-09T20:42:11+00:00\",\"dateModified\":\"2024-06-09T20:51:24+00:00\",\"description\":\"Esplora i villaggi incantevoli di Paros: Naoussa, Alyki, Lefkes, Piso Livadi e Antiparos. Scopri le loro spiagge, la storia e la cucina locale.\",\"breadcrumb\":{\"@id\":\"https:\/\/dkrentalsparos.com\/it\/villaggi-di-paros\/#breadcrumb\"},\"inLanguage\":\"it-IT\",\"potentialAction\":[{\"@type\":\"ReadAction\",\"target\":[\"https:\/\/dkrentalsparos.com\/it\/villaggi-di-paros\/\"]}]},{\"@type\":\"ImageObject\",\"inLanguage\":\"it-IT\",\"@id\":\"https:\/\/dkrentalsparos.com\/it\/villaggi-di-paros\/#primaryimage\",\"url\":\"https:\/\/dkrentalsparos.com\/wp-content\/uploads\/2024\/06\/naoussa-1000-400-1.jpg\",\"contentUrl\":\"https:\/\/dkrentalsparos.com\/wp-content\/uploads\/2024\/06\/naoussa-1000-400-1.jpg\"},{\"@type\":\"BreadcrumbList\",\"@id\":\"https:\/\/dkrentalsparos.com\/it\/villaggi-di-paros\/#breadcrumb\",\"itemListElement\":[{\"@type\":\"ListItem\",\"position\":1,\"name\":\"Home\",\"item\":\"https:\/\/dkrentalsparos.com\/it\/\"},{\"@type\":\"ListItem\",\"position\":2,\"name\":\"Villaggi di Paros\"}]},{\"@type\":\"WebSite\",\"@id\":\"https:\/\/dkrentalsparos.com\/it\/#website\",\"url\":\"https:\/\/dkrentalsparos.com\/it\/\",\"name\":\"DK Rentals a Paros\",\"description\":\"DK Rentals in Paros\",\"publisher\":{\"@id\":\"https:\/\/dkrentalsparos.com\/it\/#organization\"},\"potentialAction\":[{\"@type\":\"SearchAction\",\"target\":{\"@type\":\"EntryPoint\",\"urlTemplate\":\"https:\/\/dkrentalsparos.com\/it\/?s={search_term_string}\"},\"query-input\":{\"@type\":\"PropertyValueSpecification\",\"valueRequired\":true,\"valueName\":\"search_term_string\"}}],\"inLanguage\":\"it-IT\"},{\"@type\":\"Organization\",\"@id\":\"https:\/\/dkrentalsparos.com\/it\/#organization\",\"name\":\"DK Rentals Paros\",\"url\":\"https:\/\/dkrentalsparos.com\/it\/\",\"logo\":{\"@type\":\"ImageObject\",\"inLanguage\":\"it-IT\",\"@id\":\"https:\/\/dkrentalsparos.com\/it\/#\/schema\/logo\/image\/\",\"url\":\"https:\/\/dkrentalsparos.com\/wp-content\/uploads\/2021\/02\/dk-rentals-petrol-new.png\",\"contentUrl\":\"https:\/\/dkrentalsparos.com\/wp-content\/uploads\/2021\/02\/dk-rentals-petrol-new.png\",\"width\":260,\"height\":69,\"caption\":\"DK Rentals Paros\"},\"image\":{\"@id\":\"https:\/\/dkrentalsparos.com\/it\/#\/schema\/logo\/image\/\"}}]}<\/script>\n<!-- \/ Yoast SEO plugin. -->","yoast_head_json":{"title":"Villaggi Tradizionali di Paros: Naoussa, Alyki, Lefkes, Piso Livadi, Antiparos","description":"Esplora i villaggi incantevoli di Paros: Naoussa, Alyki, Lefkes, Piso Livadi e Antiparos. Scopri le loro spiagge, la storia e la cucina locale.","robots":{"index":"index","follow":"follow","max-snippet":"max-snippet:-1","max-image-preview":"max-image-preview:large","max-video-preview":"max-video-preview:-1"},"canonical":"https:\/\/dkrentalsparos.com\/it\/villaggi-di-paros\/","og_locale":"it_IT","og_type":"article","og_title":"Villaggi Tradizionali di Paros: Naoussa, Alyki, Lefkes, Piso Livadi, Antiparos","og_description":"Esplora i villaggi incantevoli di Paros: Naoussa, Alyki, Lefkes, Piso Livadi e Antiparos. Scopri le loro spiagge, la storia e la cucina locale.","og_url":"https:\/\/dkrentalsparos.com\/it\/villaggi-di-paros\/","og_site_name":"DK Rentals a Paros","article_modified_time":"2024-06-09T20:51:24+00:00","og_image":[{"url":"https:\/\/dkrentalsparos.com\/wp-content\/uploads\/2024\/06\/naoussa-1000-400-1.jpg","type":"","width":"","height":""}],"twitter_card":"summary_large_image","twitter_misc":{"Tempo di lettura stimato":"5 minuti"},"schema":{"@context":"https:\/\/schema.org","@graph":[{"@type":"WebPage","@id":"https:\/\/dkrentalsparos.com\/it\/villaggi-di-paros\/","url":"https:\/\/dkrentalsparos.com\/it\/villaggi-di-paros\/","name":"Villaggi Tradizionali di Paros: Naoussa, Alyki, Lefkes, Piso Livadi, Antiparos","isPartOf":{"@id":"https:\/\/dkrentalsparos.com\/it\/#website"},"primaryImageOfPage":{"@id":"https:\/\/dkrentalsparos.com\/it\/villaggi-di-paros\/#primaryimage"},"image":{"@id":"https:\/\/dkrentalsparos.com\/it\/villaggi-di-paros\/#primaryimage"},"thumbnailUrl":"https:\/\/dkrentalsparos.com\/wp-content\/uploads\/2024\/06\/naoussa-1000-400-1.jpg","datePublished":"2024-06-09T20:42:11+00:00","dateModified":"2024-06-09T20:51:24+00:00","description":"Esplora i villaggi incantevoli di Paros: Naoussa, Alyki, Lefkes, Piso Livadi e Antiparos. Scopri le loro spiagge, la storia e la cucina locale.","breadcrumb":{"@id":"https:\/\/dkrentalsparos.com\/it\/villaggi-di-paros\/#breadcrumb"},"inLanguage":"it-IT","potentialAction":[{"@type":"ReadAction","target":["https:\/\/dkrentalsparos.com\/it\/villaggi-di-paros\/"]}]},{"@type":"ImageObject","inLanguage":"it-IT","@id":"https:\/\/dkrentalsparos.com\/it\/villaggi-di-paros\/#primaryimage","url":"https:\/\/dkrentalsparos.com\/wp-content\/uploads\/2024\/06\/naoussa-1000-400-1.jpg","contentUrl":"https:\/\/dkrentalsparos.com\/wp-content\/uploads\/2024\/06\/naoussa-1000-400-1.jpg"},{"@type":"BreadcrumbList","@id":"https:\/\/dkrentalsparos.com\/it\/villaggi-di-paros\/#breadcrumb","itemListElement":[{"@type":"ListItem","position":1,"name":"Home","item":"https:\/\/dkrentalsparos.com\/it\/"},{"@type":"ListItem","position":2,"name":"Villaggi di Paros"}]},{"@type":"WebSite","@id":"https:\/\/dkrentalsparos.com\/it\/#website","url":"https:\/\/dkrentalsparos.com\/it\/","name":"DK Rentals a Paros","description":"DK Rentals in Paros","publisher":{"@id":"https:\/\/dkrentalsparos.com\/it\/#organization"},"potentialAction":[{"@type":"SearchAction","target":{"@type":"EntryPoint","urlTemplate":"https:\/\/dkrentalsparos.com\/it\/?s={search_term_string}"},"query-input":{"@type":"PropertyValueSpecification","valueRequired":true,"valueName":"search_term_string"}}],"inLanguage":"it-IT"},{"@type":"Organization","@id":"https:\/\/dkrentalsparos.com\/it\/#organization","name":"DK Rentals Paros","url":"https:\/\/dkrentalsparos.com\/it\/","logo":{"@type":"ImageObject","inLanguage":"it-IT","@id":"https:\/\/dkrentalsparos.com\/it\/#\/schema\/logo\/image\/","url":"https:\/\/dkrentalsparos.com\/wp-content\/uploads\/2021\/02\/dk-rentals-petrol-new.png","contentUrl":"https:\/\/dkrentalsparos.com\/wp-content\/uploads\/2021\/02\/dk-rentals-petrol-new.png","width":260,"height":69,"caption":"DK Rentals Paros"},"image":{"@id":"https:\/\/dkrentalsparos.com\/it\/#\/schema\/logo\/image\/"}}]}},"_links":{"self":[{"href":"https:\/\/dkrentalsparos.com\/it\/wp-json\/wp\/v2\/pages\/4321","targetHints":{"allow":["GET"]}}],"collection":[{"href":"https:\/\/dkrentalsparos.com\/it\/wp-json\/wp\/v2\/pages"}],"about":[{"href":"https:\/\/dkrentalsparos.com\/it\/wp-json\/wp\/v2\/types\/page"}],"author":[{"embeddable":true,"href":"https:\/\/dkrentalsparos.com\/it\/wp-json\/wp\/v2\/users\/1"}],"replies":[{"embeddable":true,"href":"https:\/\/dkrentalsparos.com\/it\/wp-json\/wp\/v2\/comments?post=4321"}],"version-history":[{"count":2,"href":"https:\/\/dkrentalsparos.com\/it\/wp-json\/wp\/v2\/pages\/4321\/revisions"}],"predecessor-version":[{"id":4323,"href":"https:\/\/dkrentalsparos.com\/it\/wp-json\/wp\/v2\/pages\/4321\/revisions\/4323"}],"wp:attachment":[{"href":"https:\/\/dkrentalsparos.com\/it\/wp-json\/wp\/v2\/media?parent=4321"}],"curies":[{"name":"wp","href":"https:\/\/api.w.org\/{rel}","templated":true}]}}